{"id":88,"date":"2018-08-20T13:18:08","date_gmt":"2018-08-20T13:18:08","guid":{"rendered":"http:\/\/fae.uprrp.edu\/quest\/?page_id=88"},"modified":"2018-11-30T15:58:29","modified_gmt":"2018-11-30T15:58:29","slug":"2018-2","status":"publish","type":"page","link":"https:\/\/fae.uprrp.edu\/quest\/2018-2\/","title":{"rendered":"Inicio"},"content":{"rendered":"<p><a href=\"http:\/\/fae.uprrp.edu\/quest\/wp-content\/uploads\/sites\/15\/2018\/11\/Next-Link.jpg\"><img loading=\"lazy\" decoding=\"async\" class=\"alignleft wp-image-452 size-full\" src=\"http:\/\/fae.uprrp.edu\/quest\/wp-content\/uploads\/sites\/15\/2018\/11\/Next-Link.jpg\" alt=\"Next Link\" width=\"899\" height=\"204\" srcset=\"https:\/\/fae.uprrp.edu\/quest\/wp-content\/uploads\/sites\/15\/2018\/11\/Next-Link.jpg 899w, https:\/\/fae.uprrp.edu\/quest\/wp-content\/uploads\/sites\/15\/2018\/11\/Next-Link-300x68.jpg 300w, https:\/\/fae.uprrp.edu\/quest\/wp-content\/uploads\/sites\/15\/2018\/11\/Next-Link-768x174.jpg 768w\" sizes=\"auto, (max-width: 899px) 100vw, 899px\" \/><\/a><\/p>\n<p style=\"text-align: center\"><a href=\"http:\/\/fae.uprrp.edu\/quest\/wp-content\/uploads\/sites\/15\/2018\/11\/Quest_poster.pdf\">Quest_poster.pdf<\/a><\/p>\n<p>Und\u00e9cima Conferencia Quest for Global Competitiveness<br \/>\nQuest for Global Competiveness Conference Proceedings<br \/>\nISSN 2166-0247<br \/>\nSan Juan, Puerto Rico<br \/>\n29 y 30 de noviembre de 2018<\/p>\n<p>El Emprendimiento y la Innovaci\u00f3n como Estrategia para Generar Empleos en Tiempos de Crisis<br \/>\nTema Especial de la Conferencia: Pensando la educaci\u00f3n empresarial para promover los sistemas de apoyo a los emprendedores y la innovacion<\/p>\n<p>La Conferencia Q11 provee un foro a investigadores y practicantes para el di\u00e1logo constructivo sobre asuntos relevantes a la competitividad global. Nuestra misi\u00f3n es promover el desarrollo de una colectividad de investigadores, interesados en explorar el tema de la competitividad, que comparta sus hallazgos con la comunidad de negocios al mismo tiempo que cree alianzas ventajosas y productivas para ambos.<\/p>\n<p>El Foro Econ\u00f3mico Mundial (World Economic Forum) public\u00f3 en enero del 2016 su informe \u201cEl futuro de los Empleos (The Future of Jobs[1])\u201d, con una mirada enfocada en las destrezas y estrategias de fuerza laboral que se asocian a la \u201ccuarta revoluci\u00f3n industrial\u201d. Esta cuarta revoluci\u00f3n industrial que se encuentra en sus etapas iniciales, de la que ya somos testigos, est\u00e1 centrada en desarrollos cient\u00edficos y de tecnolog\u00edas aplicadas. Gen\u00e9tica, inteligencia artificial, rob\u00f3tica, nanotecnolog\u00eda, biotecnolog\u00edas, son solo algunas de las que ya sirven de cimientos para la cuarta revoluci\u00f3n. Estamos ante un escenario de cambios, que de acuerdo al Foro Econ\u00f3mico Mundial se caracteriza por la inestabilidad en los aspectos m\u00e1s fundamentales de una econom\u00eda y una sociedad. Las destrezas que hasta ahora se asociaban con el potencial de una persona insertarse en el mundo laboral est\u00e1n cambiando dram\u00e1ticamente. Industrias completas est\u00e1n ante tecnolog\u00edas que desestabilizan completamente ese mundo laboral, representando un disloque potencialmente masivo en el mercado de empleos. \u00bfC\u00f3mo atendemos este disloque potencial de una gran fuerza laboral cuyas destrezas son obsoletas o est\u00e1n en proceso de serlo? Son tiempos muy diferentes que requieren medidas diferentes. Como dec\u00eda Albert Einstein: \u201cSi buscas resultados distintos, no hagas siempre lo mismo\u201d.<\/p>\n<p>Se les atribuye a las instituciones de educaci\u00f3n superior, como centros para promover la innovaci\u00f3n y el conocimiento, el potencial de ser entes que propicien el desarrollo econ\u00f3mico y empresarial en sus respectivos pa\u00edses. Cada vez m\u00e1s el reclamo global de que la educaci\u00f3n es un instrumento para promover justicia y oportunidades econ\u00f3micas para todos cobra m\u00e1s auge. Se les exige a esas instituciones educativas un rol protag\u00f3nico en liderar esfuerzos para afrontar el cuadro complejo de situaciones de crisis de \u00edndole econ\u00f3mica y de otra naturaleza que sufren los pa\u00edses, desde una perspectiva global y local y, sobre todo, con sensibilidad social. La literatura resalta que dicho rol conviene se despliegue en la pr\u00e1ctica, con un enfoque comprensivo donde se establezcan sistemas de apoyo a los emprendedores que integren la academia, el gobierno y las instituciones claves del sector privado. Si bien no existe consenso sobre el c\u00f3mo educar emprendedores y construir ecosistemas efectivos de apoyo a la innovaci\u00f3n s\u00ed se reconoce que debemos formar ciudadanos con mentalidad empresarial que aporten a la creaci\u00f3n de empleos estableciendo sus propias empresas como emprendedores o innovando en empresas existentes desde la perspectiva del intrapreneur.<\/p>\n<p>El tema especial de la Conferencia Q11 propone que la academia observe y estudie c\u00f3mo lograr la formaci\u00f3n de la mentalidad empresarial a trav\u00e9s de la educaci\u00f3n y cu\u00e1l conviene sea el contenido de la educaci\u00f3n empresarial en los estudiantes desde la primaria hasta los postgrados. Igual de importante, es identificar cu\u00e1les deben ser las herramientas y practicas pedag\u00f3gicas. Se dar\u00e1 una mirada a los casos de ense\u00f1anza, publicaciones, m\u00f3dulos, t\u00e9cnicas de aprendizaje activo, \u201cteam teaching\u201d, entre otras. Investigaciones acad\u00e9micas sobre el emprendimiento, el emprendedor y los ecosistemas de apoyo a la innovaci\u00f3n son particularmente bienvenidas. La conferencia aspira a ser un foro para discutir posibles mejores pr\u00e1cticas de ecosistemas de apoyo y enfoques multidisciplinarios para promover la innovaci\u00f3n incluyendo la identificaci\u00f3n de m\u00e9tricas de impacto pertinentes.<\/p>\n<p>\u00bfDeber\u00e1n tener un rol protag\u00f3nico en el plan de trabajo de los gobernantes de los pa\u00edses para promover empleo e innovaci\u00f3n las universidades? \u00bfCu\u00e1l rol tendr\u00e1n en la formaci\u00f3n de emprendedores? \u00bfTendr\u00e1n los pa\u00edses que reevaluar sus modelos de gobierno para potenciar sistemas de apoyo a la innovaci\u00f3n desde las instituciones de educaci\u00f3n superior para acelerar la recuperaci\u00f3n econ\u00f3mica? Ser\u00e1 oportunidad de identificar maneras en las que la academia pueda cumplir con una obligaci\u00f3n importante con la comunidad de ayudar a crear nuevas estrategias que funcionen para lograr la creaci\u00f3n de empleos en Puerto Rico y en otros pa\u00edses que atraviesan por crisis similares.<\/p>\n<p>[1] <a href=\"http:\/\/www3.weforum.org\/docs\/WEF_Future_of_Jobs.pdf\">http:\/\/www3.weforum.org\/docs\/WEF_Future_of_Jobs.pdf<\/a><\/p>\n<div class=\"pvc_clear\"><\/div>\n<p id=\"pvc_stats_88\" class=\"pvc_stats all  \" data-element-id=\"88\" style=\"\"><i class=\"pvc-stats-icon medium\" aria-hidden=\"true\"><svg aria-hidden=\"true\" focusable=\"false\" data-prefix=\"far\" data-icon=\"chart-bar\" role=\"img\" xmlns=\"http:\/\/www.w3.org\/2000\/svg\" viewBox=\"0 0 512 512\" class=\"svg-inline--fa fa-chart-bar fa-w-16 fa-2x\"><path fill=\"currentColor\" d=\"M396.8 352h22.4c6.4 0 12.8-6.4 12.8-12.8V108.8c0-6.4-6.4-12.8-12.8-12.8h-22.4c-6.4 0-12.8 6.4-12.8 12.8v230.4c0 6.4 6.4 12.8 12.8 12.8zm-192 0h22.4c6.4 0 12.8-6.4 12.8-12.8V140.8c0-6.4-6.4-12.8-12.8-12.8h-22.4c-6.4 0-12.8 6.4-12.8 12.8v198.4c0 6.4 6.4 12.8 12.8 12.8zm96 0h22.4c6.4 0 12.8-6.4 12.8-12.8V204.8c0-6.4-6.4-12.8-12.8-12.8h-22.4c-6.4 0-12.8 6.4-12.8 12.8v134.4c0 6.4 6.4 12.8 12.8 12.8zM496 400H48V80c0-8.84-7.16-16-16-16H16C7.16 64 0 71.16 0 80v336c0 17.67 14.33 32 32 32h464c8.84 0 16-7.16 16-16v-16c0-8.84-7.16-16-16-16zm-387.2-48h22.4c6.4 0 12.8-6.4 12.8-12.8v-70.4c0-6.4-6.4-12.8-12.8-12.8h-22.4c-6.4 0-12.8 6.4-12.8 12.8v70.4c0 6.4 6.4 12.8 12.8 12.8z\" class=\"\"><\/path><\/svg><\/i> <img loading=\"lazy\" decoding=\"async\" width=\"16\" height=\"16\" alt=\"Loading\" src=\"https:\/\/fae.uprrp.edu\/quest\/wp-content\/plugins\/page-views-count\/ajax-loader-2x.gif\" border=0 \/><\/p>\n<div class=\"pvc_clear\"><\/div>\n","protected":false},"excerpt":{"rendered":"<p>Quest_poster.pdf Und\u00e9cima Conferencia Quest for Global Competitiveness Quest for Global Competiveness Conference Proceedings ISSN 2166-0247 San Juan, Puerto Rico 29 y 30 de noviembre de 2018 El Emprendimiento y la Innovaci\u00f3n como Estrategia para Generar Empleos en Tiempos de Crisis Tema Especial de la Conferencia: Pensando la educaci\u00f3n empresarial para promover los sistemas de apoyo<\/p>\n<div class=\"read-more\"><a href=\"https:\/\/fae.uprrp.edu\/quest\/2018-2\/\" title=\"Read More\">Read More<\/a><\/div>\n<div class=\"pvc_clear\"><\/div>\n<p id=\"pvc_stats_88\" class=\"pvc_stats all  \" data-element-id=\"88\" style=\"\"><i class=\"pvc-stats-icon medium\" aria-hidden=\"true\"><svg aria-hidden=\"true\" focusable=\"false\" data-prefix=\"far\" data-icon=\"chart-bar\" role=\"img\" xmlns=\"http:\/\/www.w3.org\/2000\/svg\" viewBox=\"0 0 512 512\" class=\"svg-inline--fa fa-chart-bar fa-w-16 fa-2x\"><path fill=\"currentColor\" d=\"M396.8 352h22.4c6.4 0 12.8-6.4 12.8-12.8V108.8c0-6.4-6.4-12.8-12.8-12.8h-22.4c-6.4 0-12.8 6.4-12.8 12.8v230.4c0 6.4 6.4 12.8 12.8 12.8zm-192 0h22.4c6.4 0 12.8-6.4 12.8-12.8V140.8c0-6.4-6.4-12.8-12.8-12.8h-22.4c-6.4 0-12.8 6.4-12.8 12.8v198.4c0 6.4 6.4 12.8 12.8 12.8zm96 0h22.4c6.4 0 12.8-6.4 12.8-12.8V204.8c0-6.4-6.4-12.8-12.8-12.8h-22.4c-6.4 0-12.8 6.4-12.8 12.8v134.4c0 6.4 6.4 12.8 12.8 12.8zM496 400H48V80c0-8.84-7.16-16-16-16H16C7.16 64 0 71.16 0 80v336c0 17.67 14.33 32 32 32h464c8.84 0 16-7.16 16-16v-16c0-8.84-7.16-16-16-16zm-387.2-48h22.4c6.4 0 12.8-6.4 12.8-12.8v-70.4c0-6.4-6.4-12.8-12.8-12.8h-22.4c-6.4 0-12.8 6.4-12.8 12.8v70.4c0 6.4 6.4 12.8 12.8 12.8z\" class=\"\"><\/path><\/svg><\/i> <img loading=\"lazy\" decoding=\"async\" width=\"16\" height=\"16\" alt=\"Loading\" src=\"https:\/\/fae.uprrp.edu\/quest\/wp-content\/plugins\/page-views-count\/ajax-loader-2x.gif\" border=0 \/><\/p>\n<div class=\"pvc_clear\"><\/div>\n","protected":false},"author":3,"featured_media":0,"parent":0,"menu_order":2,"comment_status":"closed","ping_status":"closed","template":"","meta":{"_monsterinsights_skip_tracking":false,"_monsterinsights_sitenote_active":false,"_monsterinsights_sitenote_note":"","_monsterinsights_sitenote_category":0,"footnotes":""},"class_list":["post-88","page","type-page","status-publish"],"_links":{"self":[{"href":"https:\/\/fae.uprrp.edu\/quest\/wp-json\/wp\/v2\/pages\/88","targetHints":{"allow":["GET"]}}],"collection":[{"href":"https:\/\/fae.uprrp.edu\/quest\/wp-json\/wp\/v2\/pages"}],"about":[{"href":"https:\/\/fae.uprrp.edu\/quest\/wp-json\/wp\/v2\/types\/page"}],"author":[{"embeddable":true,"href":"https:\/\/fae.uprrp.edu\/quest\/wp-json\/wp\/v2\/users\/3"}],"replies":[{"embeddable":true,"href":"https:\/\/fae.uprrp.edu\/quest\/wp-json\/wp\/v2\/comments?post=88"}],"version-history":[{"count":3,"href":"https:\/\/fae.uprrp.edu\/quest\/wp-json\/wp\/v2\/pages\/88\/revisions"}],"predecessor-version":[{"id":482,"href":"https:\/\/fae.uprrp.edu\/quest\/wp-json\/wp\/v2\/pages\/88\/revisions\/482"}],"wp:attachment":[{"href":"https:\/\/fae.uprrp.edu\/quest\/wp-json\/wp\/v2\/media?parent=88"}],"curies":[{"name":"wp","href":"https:\/\/api.w.org\/{rel}","templated":true}]}}