{"id":179,"date":"2018-08-31T14:07:01","date_gmt":"2018-08-31T14:07:01","guid":{"rendered":"http:\/\/fae.uprrp.edu\/quest\/?page_id=179"},"modified":"2018-09-04T11:39:58","modified_gmt":"2018-09-04T11:39:58","slug":"proceedings-q7","status":"publish","type":"page","link":"https:\/\/fae.uprrp.edu\/quest\/past-conference-proceedings\/proceedings-q7\/","title":{"rendered":"Proceedings Q7"},"content":{"rendered":"<h3>ISSN 2166-024<\/h3>\n<table border=\"1pt\" width=\"100%\" cellspacing=\"0\" cellpadding=\"2\">\n<tbody>\n<tr>\n<td colspan=\"2\"><b>REVIEWERS<\/b><br \/>\nAlma Acevedo, Arleen Hern\u00e1ndez, Beatriz Rivera, Camille Villafa\u00f1e, Carlos Col\u00f3n de Armas, Carlos Rodr\u00edguez, Dale Mathews, Diego Irribaren, Elizabeth Robles, Elizabeth Rodr\u00edguez, Hector R\u00edos Maury, Javier Baella, Jimmy Torrez, Jorge Ayala, Jos\u00e9 Gonz\u00e1lez Taboada, Jose J. Cao, Juan C. Alicea, Juan C. Sosa, Julia Sagebien, Karen C. Castro, Leonora Hamilton, Leticia Fern\u00e1ndez, Monserrate Cardosa, Olivia Hern\u00e1ndez Pozas, Rogelio J. Cardona, Rosario Ort\u00edz, Silvia L\u00f3pez Palau, Wanda Mattei<\/td>\n<\/tr>\n<tr>\n<td valign=\"center\" width=\"40%\"><b>TITLE<\/b><\/td>\n<td valign=\"center\" width=\"60%\"><b>AUTHORS<\/b><\/td>\n<\/tr>\n<tr>\n<td colspan=\"2\">\n<h3>Full Program<\/h3>\n<\/td>\n<\/tr>\n<tr>\n<td colspan=\"2\">\n<h3>Concurrent I &#8211; International Accounting and Finance \/ International Law and Standards<\/h3>\n<\/td>\n<\/tr>\n<tr>\n<td valign=\"center\" width=\"33%\"><a href=\"http:\/\/fae.uprrp.edu\/quest\/070101\/\" target=\"blank\"><i>A Descriptive Analysis of Changes in Equity Compensation Plans: Evidence from the U.S. Capital Markets.<\/i><\/a><\/td>\n<td valign=\"center\" width=\"33%\">Rogelio J. Cardona, University of Puerto Rico-R\u00edo Piedras<\/td>\n<\/tr>\n<tr>\n<td valign=\"center\" width=\"33%\"><a href=\"http:\/\/fae.uprrp.edu\/quest\/070102\/\" target=\"blank\"><i>An\u00e1lisis Comprensivo de la Incidencia Contributiva del Impuesto Sobre la Propiedad Inmueble en Puerto Rico.<\/i><\/a><\/td>\n<td valign=\"center\" width=\"33%\">Jos\u00e9 Juli\u00e1n Cao, University of Puerto Rico-R\u00edo Piedras; Rosa Rodr\u00edguez, University of Puerto Rico-R\u00edo Piedras<\/td>\n<\/tr>\n<tr>\n<td valign=\"center\" width=\"33%\"><a href=\"http:\/\/fae.uprrp.edu\/quest\/070103\/\" target=\"blank\"><i>Medidas de Riesgo Bancario para el Seguro de Dep\u00f3sitos y la Red de Seguridad Bancaria Mexicana.<\/i><\/a><\/td>\n<td valign=\"center\" width=\"33%\">Bernardo Quintanilla Garc\u00eda, Universidad Aut\u00f3noma del Carmen, M\u00e9xico<\/td>\n<\/tr>\n<tr>\n<td valign=\"center\" width=\"33%\"><a href=\"http:\/\/fae.uprrp.edu\/quest\/070104\/\" target=\"blank\"><i>International Investment in Clean Development.<\/i><\/a><\/td>\n<td valign=\"center\" width=\"33%\">Carmen Fern\u00e1ndez Cuesta, Universidad de Le\u00f3n, Espa\u00f1a<\/td>\n<\/tr>\n<tr>\n<td valign=\"center\" width=\"33%\"><a href=\"http:\/\/fae.uprrp.edu\/quest\/070105\/\" target=\"blank\"><i>Impact of US HACCP Regulation on Export of Fish and Fishery Products from Guyana.<\/i><\/a><\/td>\n<td valign=\"center\" width=\"33%\">Dianna Abiola Dasilva, University of Guyana, Guyana<\/td>\n<\/tr>\n<tr>\n<td valign=\"center\" width=\"33%\"><a href=\"http:\/\/fae.uprrp.edu\/quest\/070106\/\" target=\"blank\"><i>Benchmarking for International Competitiveness: Lessons for Public Policy.<\/i><\/a><\/td>\n<td valign=\"center\" width=\"33%\">Densil A. Williams, The University of the West Indies at Mona, Jamaica; Beverly Morgan, Jamaica Exporters<\/td>\n<\/tr>\n<tr>\n<td colspan=\"2\">\n<h3>Concurrent II &#8211; Global Competitiveness with Impact in Puerto Rico \/ Global Competitiveness<\/h3>\n<\/td>\n<\/tr>\n<tr>\n<td valign=\"center\" width=\"33%\"><a href=\"http:\/\/fae.uprrp.edu\/quest\/070201\/\" target=\"blank\"><i>Factores que Influyen en el Consumidor que Adquiere M\u00fasica Pirata: El Caso Multicultural de Puerto Rico.<\/i><\/a><\/td>\n<td valign=\"center\" width=\"33%\">Olivia Hern\u00e1ndez Pozas, Instituto Tecnol\u00f3gico y de Estudios Superiores de Monterrey, M\u00e9xico<br \/>\nJavier Hern\u00e1ndez Acosta, Universidad de Puerto Rico-R\u00edo Piedras<\/td>\n<\/tr>\n<tr>\n<td valign=\"center\" width=\"33%\"><a href=\"http:\/\/fae.uprrp.edu\/quest\/070202\/\" target=\"blank\"><i>Competitividad y Oportunidades de Negocios en Cuba. Posibles Impactos en Puerto Rico.<\/i><\/a><\/td>\n<td valign=\"center\" width=\"33%\">Felix Cue, Inter American University-Metro<br \/>\nGerardo Gonz\u00e1lez, Inter American University-Metro<br \/>\nRoberto Orro, Consultor en Econom\u00eda<\/td>\n<\/tr>\n<tr>\n<td valign=\"center\" width=\"33%\"><a href=\"http:\/\/fae.uprrp.edu\/quest\/070203\/\" target=\"blank\"><i>Perfil del Egresado de los Programas de Educaci\u00f3n Gerencial en Latinoam\u00e9rica: Perspectiva Estudiantil.<\/i><\/a><\/td>\n<td valign=\"center\" width=\"33%\">Silvia L\u00f3pez Pal\u00e1u, University of Puerto Rico-R\u00edo Piedras<br \/>\nBeatriz Rivera-Cruz, University of Puerto Rico-R\u00edo Piedras<\/td>\n<\/tr>\n<tr>\n<td valign=\"center\" width=\"33%\"><a href=\"http:\/\/fae.uprrp.edu\/quest\/070204\/\" target=\"blank\"><i>The Tragedy of Best Efforts<\/i><\/a><\/td>\n<td valign=\"center\" width=\"33%\">Richard A. White, Founder of Orchard Avenue, Massachussets-USA<\/td>\n<\/tr>\n<tr>\n<td valign=\"center\" width=\"33%\"><a href=\"http:\/\/fae.uprrp.edu\/quest\/070205\/\" target=\"blank\"><i>Competitive Priorities of High and Low Performers in Global Manufacturing: Results from GMRG 2008 Data.<\/i><\/a><\/td>\n<td valign=\"center\" width=\"33%\">Lovorka Galetic, University of Zagreb, Croatia<br \/>\nJasna Prester, University of Zagreb, Croatia<\/td>\n<\/tr>\n<tr>\n<td valign=\"center\" width=\"33%\"><a href=\"http:\/\/fae.uprrp.edu\/quest\/070206\/\" target=\"blank\"><i>El Efecto del Pa\u00eds de Origen en la Intenci\u00f3n de Compra: Un Modelo Multidimensional<\/i><\/a><\/td>\n<td valign=\"center\" width=\"33%\">Juan Carlos Sosa, Turabo University<\/td>\n<\/tr>\n<tr>\n<td colspan=\"2\">\n<h3>Plenary Session<\/h3>\n<\/td>\n<\/tr>\n<tr>\n<td valign=\"center\" width=\"33%\"><a href=\"http:\/\/fae.uprrp.edu\/quest\/07PL01\/\" target=\"blank\"><i>Facebook Social Network and its Implications for Human Resource Management.<\/i><\/a><\/td>\n<td valign=\"center\" width=\"33%\">Maritza Soto, University of Puerto Rico-R\u00edo Piedras<\/td>\n<\/tr>\n<tr>\n<td colspan=\"2\">\n<h3>Concurrent III &#8211; Entrepreneurship and Global Competitiveness for Puerto Rico \/ International Business<\/h3>\n<\/td>\n<\/tr>\n<tr>\n<td valign=\"center\" width=\"33%\"><a href=\"http:\/\/fae.uprrp.edu\/quest\/070301\/\" target=\"blank\"><i>Education as Strategy for Global Competitiveness: Entrepreneurship Challenge in Puerto Rico<\/i><\/a><\/td>\n<td valign=\"center\" width=\"33%\">Moraima De Hoyos Ruperto, University of Puerto Rico-Mayag\u00fcez<br \/>\nCarmen I. Figueroa Medina, University of Puerto Rico-Mayag\u00fcez<\/td>\n<\/tr>\n<tr>\n<td valign=\"center\" width=\"33%\"><a href=\"http:\/\/fae.uprrp.edu\/quest\/070302\/\" target=\"blank\"><i>La Evaluaci\u00f3n de Riesgos Ambientales en los Proyectos de Desarrollo Limpio.<\/i><\/a><\/td>\n<td valign=\"center\" width=\"33%\">Alfredo Cabezas Ares Universidad Aut\u00f3noma de Madrid, Espa\u00f1a<br \/>\nCarmen Fern\u00e1ndez Cuesta Universidad de Le\u00f3n, Espa\u00f1a<\/td>\n<\/tr>\n<tr>\n<td valign=\"center\" width=\"33%\"><a href=\"http:\/\/fae.uprrp.edu\/quest\/070303\/\" target=\"blank\"><i>La Competitividad Internacional de Puerto Rico:Antes y Despu\u00e9s de la Llegadadel Milenio.<\/i><\/a><\/td>\n<td valign=\"center\" width=\"33%\">Luz Vega, Inter American University &#8211; San German<\/td>\n<\/tr>\n<tr>\n<td valign=\"center\" width=\"33%\"><a href=\"http:\/\/fae.uprrp.edu\/quest\/070304\/\" target=\"blank\"><i>Are Domestic and International Restaurant Franchise Websites in the United States Legally Sound? A Content Analysis.<\/i><\/a><\/td>\n<td valign=\"center\" width=\"33%\">Mar\u00eda Amador-Dumois, University of Puerto Rico-Mayag\u00fcez<br \/>\nMario C\u00f3rdova-Claudio, University of Puerto Rico-Mayag\u00fcez<\/td>\n<\/tr>\n<tr>\n<td valign=\"center\" width=\"33%\"><a href=\"http:\/\/fae.uprrp.edu\/quest\/070305\/\" target=\"blank\"><i>Cultural Impact on Management Styles: A Cross-Cultural Study Between Puerto Rico and Dominican Republic<\/i><\/a><\/td>\n<td valign=\"center\" width=\"33%\">Antonio Lebr\u00f3n, Turabo University<\/td>\n<\/tr>\n<tr>\n<td valign=\"center\" width=\"33%\"><a href=\"http:\/\/fae.uprrp.edu\/quest\/070306\/\" target=\"blank\"><i>A Virgin Islands\u2019 Perspective of the Economic Partnership Agreements<\/i><\/a><\/td>\n<td valign=\"center\" width=\"33%\">Dana Lewis-Ambrose, H. Lavity Stoutt Community College, Tortola, Virgin Islands<\/td>\n<\/tr>\n<tr>\n<td valign=\"center\" width=\"33%\"><a href=\"http:\/\/fae.uprrp.edu\/quest\/070307\/\" target=\"blank\"><i>Desempe\u00f1o de las Exportaciones de Confecciones Textiles de los Pa\u00edses de Am\u00e9rica Central al Mercado Norteamericano.<\/i><\/a><\/td>\n<td valign=\"center\" width=\"33%\">Dale T. Mathews, University of Puerto Rico-R\u00edo Piedras<br \/>\nSegundo Castro G, University of Puerto Rico-Mayag\u00fcez<\/td>\n<\/tr>\n<tr>\n<td colspan=\"2\">\n<h3>Concurrent IV &#8211; Other Aspects of Global Competitiveness &amp; Corporate Social Responsibility and Ethics \/ Corporate Social Responsibility and Ethics<\/h3>\n<\/td>\n<\/tr>\n<tr>\n<td valign=\"center\" width=\"33%\"><a href=\"http:\/\/fae.uprrp.edu\/quest\/070401\/\" target=\"blank\"><i>Evaluation of Government Programs that Support and Assists Entrepreneurial Development.<\/i><\/a><\/td>\n<td valign=\"center\" width=\"33%\">Leonora C. Hamilton, University of Puerto Rico-Mayag\u00fcez<br \/>\nRamachandra Asundi, University of Puerto Rico-Mayag\u00fcez<\/td>\n<\/tr>\n<tr>\n<td valign=\"center\" width=\"33%\"><a href=\"http:\/\/fae.uprrp.edu\/quest\/070402\/\" target=\"blank\"><i>El Negocio de Intercambio (Barter) en Puerto Rico<\/i><\/a><\/td>\n<td valign=\"center\" width=\"33%\">Juan A. Pe\u00f1a Hevia, University of Puerto Rico-R\u00edo Piedras<\/td>\n<\/tr>\n<tr>\n<td valign=\"center\" width=\"33%\"><a href=\"http:\/\/fae.uprrp.edu\/quest\/070403\/\" target=\"blank\"><i>La Espiritualidad en el Lugar de Trabajo<\/i><\/a><\/td>\n<td valign=\"center\" width=\"33%\">Elizabeth Robles, University of Puerto Rico-R\u00edo Piedras<\/td>\n<\/tr>\n<tr>\n<td valign=\"center\" width=\"33%\"><a href=\"http:\/\/fae.uprrp.edu\/quest\/070404\/\" target=\"blank\"><i>El Razonamiento Bio\u00e9tico y la Orientaci\u00f3n Hacia Responsabilidad Social Empresarial de los Estudiantes de Negocios<\/i><\/a><\/td>\n<td valign=\"center\" width=\"33%\">Silvia L\u00f3pez Pal\u00e1u, University of Puerto Rico-R\u00edo Piedras<br \/>\nBeatriz Rivera-Cruz, University of Puerto Rico-R\u00edo Piedras<\/td>\n<\/tr>\n<tr>\n<td valign=\"center\" width=\"33%\"><a href=\"http:\/\/fae.uprrp.edu\/quest\/070405\/\" target=\"blank\"><i>Corporate Social Responsibility (CSR) Activity in Latin America<\/i><\/a><\/td>\n<td valign=\"center\" width=\"33%\">Jos\u00e9 M. Ballivian, Florida International University<\/td>\n<\/tr>\n<tr>\n<td valign=\"center\" width=\"33%\"><a href=\"http:\/\/fae.uprrp.edu\/quest\/070406\/\" target=\"blank\"><i>Critical Factors for the Successful Management of Projects in the Pharmaceutical Sector of Puerto Rico<\/i><\/a><\/td>\n<td valign=\"center\" width=\"33%\">Francisco Quiles, Turabo University<\/td>\n<\/tr>\n<tr>\n<td valign=\"center\" width=\"33%\"><a href=\"http:\/\/fae.uprrp.edu\/quest\/070407\/\" target=\"blank\"><i>Adherence to Global Reporting Initiative Guidelines and Financial Performance<\/i><\/a><\/td>\n<td valign=\"center\" width=\"33%\">Myrna R. Berr\u00edos Pag\u00e1n, Turabo University<\/td>\n<\/tr>\n<tr>\n<td colspan=\"2\">\n<h3>Poster Session<\/h3>\n<\/td>\n<\/tr>\n<tr>\n<td valign=\"center\" width=\"33%\"><a href=\"http:\/\/fae.uprrp.edu\/quest\/07PS01\/\" target=\"blank\"><i>Information Content of Pension Plan Status and Long-term Debt.<\/i><\/a><\/td>\n<td valign=\"center\" width=\"33%\">Karen C. Castro Gonz\u00e1lez, University of Puerto Rico-R\u00edo Piedras<\/td>\n<\/tr>\n<tr>\n<td valign=\"center\" width=\"33%\"><a href=\"http:\/\/fae.uprrp.edu\/quest\/07PS02\/\" target=\"blank\"><i>An Economic Development Paradox: The Impact of Linkages and Synergies Among Local Agents in the Development of An Emergent Bioscience Cluster and Associated Entrepreneurial Ecosystems.<\/i><\/a><\/td>\n<td valign=\"center\" width=\"33%\">Francisco Montalvo, University of Puerto Rico-R\u00edo Piedras<\/td>\n<\/tr>\n<tr>\n<td valign=\"center\" width=\"33%\"><a href=\"http:\/\/fae.uprrp.edu\/quest\/07PS03\/\" target=\"blank\"><i>Challenges to Agricultural Diversification-Sanitary and Phytosanitary Standards as Barriers to Non-Traditional Agricultural Exports from Guyana<\/i><\/a><\/td>\n<td valign=\"center\" width=\"33%\">Dianna Abiola Dasilva, University of Guyana, Guyana<\/td>\n<\/tr>\n<tr>\n<td valign=\"center\" width=\"33%\"><a href=\"http:\/\/fae.uprrp.edu\/quest\/07PS04\/\" target=\"blank\"><i>Case Study: International Arts Marketing and Puertorrican<\/i><\/a><\/td>\n<td valign=\"center\" width=\"33%\">Nilka G. Montalvo Rosado, University of Puerto Rico-Mayag\u00fcez<\/td>\n<\/tr>\n<\/tbody>\n<\/table>\n<div class=\"pvc_clear\"><\/div>\n<p id=\"pvc_stats_179\" class=\"pvc_stats all  \" data-element-id=\"179\" style=\"\"><i class=\"pvc-stats-icon medium\" aria-hidden=\"true\"><svg aria-hidden=\"true\" focusable=\"false\" data-prefix=\"far\" data-icon=\"chart-bar\" role=\"img\" xmlns=\"http:\/\/www.w3.org\/2000\/svg\" viewBox=\"0 0 512 512\" class=\"svg-inline--fa fa-chart-bar fa-w-16 fa-2x\"><path fill=\"currentColor\" d=\"M396.8 352h22.4c6.4 0 12.8-6.4 12.8-12.8V108.8c0-6.4-6.4-12.8-12.8-12.8h-22.4c-6.4 0-12.8 6.4-12.8 12.8v230.4c0 6.4 6.4 12.8 12.8 12.8zm-192 0h22.4c6.4 0 12.8-6.4 12.8-12.8V140.8c0-6.4-6.4-12.8-12.8-12.8h-22.4c-6.4 0-12.8 6.4-12.8 12.8v198.4c0 6.4 6.4 12.8 12.8 12.8zm96 0h22.4c6.4 0 12.8-6.4 12.8-12.8V204.8c0-6.4-6.4-12.8-12.8-12.8h-22.4c-6.4 0-12.8 6.4-12.8 12.8v134.4c0 6.4 6.4 12.8 12.8 12.8zM496 400H48V80c0-8.84-7.16-16-16-16H16C7.16 64 0 71.16 0 80v336c0 17.67 14.33 32 32 32h464c8.84 0 16-7.16 16-16v-16c0-8.84-7.16-16-16-16zm-387.2-48h22.4c6.4 0 12.8-6.4 12.8-12.8v-70.4c0-6.4-6.4-12.8-12.8-12.8h-22.4c-6.4 0-12.8 6.4-12.8 12.8v70.4c0 6.4 6.4 12.8 12.8 12.8z\" class=\"\"><\/path><\/svg><\/i> <img loading=\"lazy\" decoding=\"async\" width=\"16\" height=\"16\" alt=\"Loading\" src=\"https:\/\/fae.uprrp.edu\/quest\/wp-content\/plugins\/page-views-count\/ajax-loader-2x.gif\" border=0 \/><\/p>\n<div class=\"pvc_clear\"><\/div>\n","protected":false},"excerpt":{"rendered":"<p>ISSN 2166-024 REVIEWERS Alma Acevedo, Arleen Hern\u00e1ndez, Beatriz Rivera, Camille Villafa\u00f1e, Carlos Col\u00f3n de Armas, Carlos Rodr\u00edguez, Dale Mathews, Diego Irribaren, Elizabeth Robles, Elizabeth Rodr\u00edguez, Hector R\u00edos Maury, Javier Baella, Jimmy Torrez, Jorge Ayala, Jos\u00e9 Gonz\u00e1lez Taboada, Jose J. Cao, Juan C. Alicea, Juan C. Sosa, Julia Sagebien, Karen C. Castro, Leonora Hamilton, Leticia Fern\u00e1ndez,<\/p>\n<div class=\"read-more\"><a href=\"https:\/\/fae.uprrp.edu\/quest\/past-conference-proceedings\/proceedings-q7\/\" title=\"Read More\">Read More<\/a><\/div>\n<div class=\"pvc_clear\"><\/div>\n<p id=\"pvc_stats_179\" class=\"pvc_stats all  \" data-element-id=\"179\" style=\"\"><i class=\"pvc-stats-icon medium\" aria-hidden=\"true\"><svg aria-hidden=\"true\" focusable=\"false\" data-prefix=\"far\" data-icon=\"chart-bar\" role=\"img\" xmlns=\"http:\/\/www.w3.org\/2000\/svg\" viewBox=\"0 0 512 512\" class=\"svg-inline--fa fa-chart-bar fa-w-16 fa-2x\"><path fill=\"currentColor\" d=\"M396.8 352h22.4c6.4 0 12.8-6.4 12.8-12.8V108.8c0-6.4-6.4-12.8-12.8-12.8h-22.4c-6.4 0-12.8 6.4-12.8 12.8v230.4c0 6.4 6.4 12.8 12.8 12.8zm-192 0h22.4c6.4 0 12.8-6.4 12.8-12.8V140.8c0-6.4-6.4-12.8-12.8-12.8h-22.4c-6.4 0-12.8 6.4-12.8 12.8v198.4c0 6.4 6.4 12.8 12.8 12.8zm96 0h22.4c6.4 0 12.8-6.4 12.8-12.8V204.8c0-6.4-6.4-12.8-12.8-12.8h-22.4c-6.4 0-12.8 6.4-12.8 12.8v134.4c0 6.4 6.4 12.8 12.8 12.8zM496 400H48V80c0-8.84-7.16-16-16-16H16C7.16 64 0 71.16 0 80v336c0 17.67 14.33 32 32 32h464c8.84 0 16-7.16 16-16v-16c0-8.84-7.16-16-16-16zm-387.2-48h22.4c6.4 0 12.8-6.4 12.8-12.8v-70.4c0-6.4-6.4-12.8-12.8-12.8h-22.4c-6.4 0-12.8 6.4-12.8 12.8v70.4c0 6.4 6.4 12.8 12.8 12.8z\" class=\"\"><\/path><\/svg><\/i> <img loading=\"lazy\" decoding=\"async\" width=\"16\" height=\"16\" alt=\"Loading\" src=\"https:\/\/fae.uprrp.edu\/quest\/wp-content\/plugins\/page-views-count\/ajax-loader-2x.gif\" border=0 \/><\/p>\n<div class=\"pvc_clear\"><\/div>\n","protected":false},"author":3,"featured_media":0,"parent":166,"menu_order":54,"comment_status":"closed","ping_status":"closed","template":"","meta":{"_monsterinsights_skip_tracking":false,"_monsterinsights_sitenote_active":false,"_monsterinsights_sitenote_note":"","_monsterinsights_sitenote_category":0,"footnotes":""},"class_list":["post-179","page","type-page","status-publish"],"_links":{"self":[{"href":"https:\/\/fae.uprrp.edu\/quest\/wp-json\/wp\/v2\/pages\/179","targetHints":{"allow":["GET"]}}],"collection":[{"href":"https:\/\/fae.uprrp.edu\/quest\/wp-json\/wp\/v2\/pages"}],"about":[{"href":"https:\/\/fae.uprrp.edu\/quest\/wp-json\/wp\/v2\/types\/page"}],"author":[{"embeddable":true,"href":"https:\/\/fae.uprrp.edu\/quest\/wp-json\/wp\/v2\/users\/3"}],"replies":[{"embeddable":true,"href":"https:\/\/fae.uprrp.edu\/quest\/wp-json\/wp\/v2\/comments?post=179"}],"version-history":[{"count":11,"href":"https:\/\/fae.uprrp.edu\/quest\/wp-json\/wp\/v2\/pages\/179\/revisions"}],"predecessor-version":[{"id":383,"href":"https:\/\/fae.uprrp.edu\/quest\/wp-json\/wp\/v2\/pages\/179\/revisions\/383"}],"up":[{"embeddable":true,"href":"https:\/\/fae.uprrp.edu\/quest\/wp-json\/wp\/v2\/pages\/166"}],"wp:attachment":[{"href":"https:\/\/fae.uprrp.edu\/quest\/wp-json\/wp\/v2\/media?parent=179"}],"curies":[{"name":"wp","href":"https:\/\/api.w.org\/{rel}","templated":true}]}}