{"id":177,"date":"2018-08-31T13:47:53","date_gmt":"2018-08-31T13:47:53","guid":{"rendered":"http:\/\/fae.uprrp.edu\/quest\/?page_id=177"},"modified":"2018-10-25T16:34:13","modified_gmt":"2018-10-25T16:34:13","slug":"proceedings-q8","status":"publish","type":"page","link":"https:\/\/fae.uprrp.edu\/quest\/past-conference-proceedings\/proceedings-q8\/","title":{"rendered":"Proceedings Q8"},"content":{"rendered":"<h3>ISSN 2166-024<\/h3>\n<table border=\"1pt\" width=\"100%\" cellspacing=\"0\" cellpadding=\"2\">\n<tbody>\n<tr>\n<td colspan=\"2\"><b>REVIEWERS<\/b><br \/>\nMario Echevarr\u00eda, Catherine Pereira, Maritza Soto, Elizabeth Robles, Norma Ortiz-Rodr\u00edguez, Roberto Rivera, Camina Fandos, Sandra Maceri, Ana Mar\u00eda Marsanasco, Zaida Berdec\u00eda, Dale Mathews, Silvana Cavallari, Hugo Alberto Rivera, Jorge Valenciano, Jos\u00e9 Gonz\u00e1lez-Taboada, Marisela Santiago, Jorge Ayala, Jos\u00e9 Ram\u00f3n Garc\u00eda Aranda, Jahir Lombana, Gianni Roman\u00ed, Gilberto Moreno, Mario D\u00edaz, Edy Lorena Burbano Vallejo, Ana Fel\u00edcitas Gargallo Castel, Sergio Andr\u00e9s Pulgar\u00edn, Jorge Matute, Enrique Gamboa, Jorge Alberto Adam Pizarro, Eldra Hern\u00e1ndez, Alejandro Flores.<\/td>\n<\/tr>\n<tr>\n<td valign=\"center\" width=\"40%\"><b>TITLE<\/b><\/td>\n<td valign=\"center\" width=\"60%\"><b>AUTHORS<\/b><\/td>\n<\/tr>\n<tr>\n<td colspan=\"2\">\n<h3>Full Program<\/h3>\n<\/td>\n<\/tr>\n<tr>\n<td colspan=\"2\">\n<h3>Concurrent I &#8211; Consorcio doctoral edici\u00f3n II<\/h3>\n<\/td>\n<\/tr>\n<tr>\n<td valign=\"center\" width=\"33%\"><a href=\"http:\/\/fae.uprrp.edu\/quest\/080101\/\" target=\"blank\"><i>Epicentric Growth Model<\/i><\/a><\/td>\n<td valign=\"center\" width=\"33%\">Edwin Mel\u00e9ndez Delgado, Pontificia Universidad Cat\u00f3lica, Puerto Rico<\/td>\n<\/tr>\n<tr>\n<td colspan=\"2\">\n<h3>Concurrent II &#8211; Panel sobre educaci\u00f3n<\/h3>\n<\/td>\n<\/tr>\n<tr>\n<td valign=\"center\" width=\"33%\"><a href=\"http:\/\/fae.uprrp.edu\/quest\/080201\/\" target=\"blank\"><i>Redes de conocimiento\u00a0 desde las universidades hacia la sociedad:\u00a0Argentina, Brasil\u00a0y Puerto Rico relatan sus experiencias<\/i><\/a><\/td>\n<td valign=\"center\" width=\"33%\">Elsa Beatriz Su\u00e1rez Kimura, profesora e investigadora de la Facultad de Ciencias Econ\u00f3micas, Universidad de Buenos Aires, Argentina<br \/>\nFernando Augusto Lagoeiro De Oliveira, Director de la\u00a0Facultad de Administraci\u00f3n, Ciencias Contables y Turismo, Universidad Federal Fluminense, Brasil<br \/>\nYvonne Huertas, Catedr\u00e1tica de la Facultad de Administraci\u00f3n de Empresas, Universidad de Puerto Rico, Recinto de R\u00edo Piedras, Puerto Rico<\/td>\n<\/tr>\n<tr>\n<td colspan=\"2\">\n<h3>Concurrent III &#8211; PYMES y empresas familiares-discusi\u00f3n de casos y aspectos de internacionalizaci\u00f3n<\/h3>\n<\/td>\n<\/tr>\n<tr>\n<td valign=\"center\" width=\"33%\"><a href=\"http:\/\/fae.uprrp.edu\/quest\/080301\/\" target=\"blank\"><i>The Interaction between Business Relationships and the Pathway to Internationalization of Small and Medium Enterprises<\/i><\/a><\/td>\n<td valign=\"center\" width=\"33%\">Karen Orengo, Universidad de Puerto Rico, Recinto de R\u00edo Piedras, Puerto Rico<\/td>\n<\/tr>\n<tr>\n<td colspan=\"2\">\n<h3>Concurrent IV &#8211; Competitividad global y nacional mercadeo, emprendimiento y educaci\u00f3n: f\u00f3rmula ganadora<\/h3>\n<\/td>\n<\/tr>\n<tr>\n<td valign=\"center\" width=\"33%\"><a href=\"http:\/\/fae.uprrp.edu\/quest\/080401\/\" target=\"blank\"><i>La educaci\u00f3n empresarial para el emprendedor cultural<\/i><\/a><\/td>\n<td valign=\"center\" width=\"33%\">Javier Hern\u00e1ndez, Universidad del Sagrado Coraz\u00f3n, Puerto Rico<\/td>\n<\/tr>\n<tr>\n<td colspan=\"2\">\n<h3>Concurrent VII &#8211; Asuntos cr\u00edticos para la competitividad global de los pa\u00edses hispanos<\/h3>\n<\/td>\n<\/tr>\n<tr>\n<td valign=\"center\" width=\"33%\"><a href=\"http:\/\/fae.uprrp.edu\/quest\/080701\/\" target=\"blank\"><i>Efecto del conocimiento cultural en la percepci\u00f3n de los auditores: controles internos y fraude<\/i><\/a><\/td>\n<td valign=\"center\" width=\"33%\">Carmen R\u00edos, Universidad de Puerto Rico, Recinto de R\u00edo Piedras, Puerto Rico<\/td>\n<\/tr>\n<tr>\n<td valign=\"center\" width=\"33%\"><a href=\"http:\/\/fae.uprrp.edu\/quest\/080702\/\" target=\"blank\"><i>An\u00e1lisis de la competitividad de las exportaciones costarricenses al mercado norteamericano al 2010<\/i><\/a><\/td>\n<td valign=\"center\" width=\"33%\">Segundo Castro Gonz\u00e1lez, Universidad de Puerto Rico, Recinto de R\u00edo Piedras, Puerto Rico<\/td>\n<\/tr>\n<tr>\n<td colspan=\"2\">\n<h3>Concurrent VIII &#8211; En b\u00fasquedade rentabilidad global para el siglo XXI a trav\u00e9s del mercadeo estrat\u00e9gico<\/h3>\n<\/td>\n<\/tr>\n<tr>\n<td valign=\"center\" width=\"33%\"><a href=\"http:\/\/fae.uprrp.edu\/quest\/080801\/\" target=\"blank\"><i>Domestic Competitiveness: Sensory Branding in Domestic Tourism (Traveling Home)<\/i><\/a><\/td>\n<td valign=\"center\" width=\"33%\">Caroline SL Tan, Toyo University, Japan<\/td>\n<\/tr>\n<tr>\n<td colspan=\"2\">\n<h3>Concurrent IX &#8211; Competitividad global para empresas sin fines de lucro<\/h3>\n<\/td>\n<\/tr>\n<tr>\n<td valign=\"center\" width=\"33%\"><a href=\"http:\/\/fae.uprrp.edu\/quest\/080901\/\" target=\"blank\"><i>Democratizaci\u00f3n en las corporaciones sin fines de lucro<\/i><\/a><\/td>\n<td valign=\"center\" width=\"33%\">Jos\u00e9 Vega Torres, Universidad de Puerto Rico, Recinto de Mayag\u00fcez, Puerto Rico<\/td>\n<\/tr>\n<tr>\n<td valign=\"center\" width=\"33%\"><a href=\"http:\/\/fae.uprrp.edu\/quest\/080902\/\" target=\"blank\"><i>The Element of Opportunity in NPOs that Inform Zero Fundraising and Administrative Expenses<\/i><\/a><\/td>\n<td valign=\"center\" width=\"33%\">Luz Gracia, Universidad de Puerto Rico, Recinto de Bayam\u00f3n, Puerto Rico<\/td>\n<\/tr>\n<tr>\n<td colspan=\"2\">\n<h3>Concurrent X &#8211; Recursos humanos para la competitividad global<\/h3>\n<\/td>\n<\/tr>\n<tr>\n<td valign=\"center\" width=\"33%\"><a href=\"http:\/\/fae.uprrp.edu\/quest\/081001\/\" target=\"blank\"><i>Workplace Harassment: A Global Organizational Issue<\/i><\/a><\/td>\n<td valign=\"center\" width=\"33%\">Mariam Ludim Rosa V\u00e9lez, Universidad de Puerto Rico, Recinto de Mayag\u00fcez, Puerto Rico<\/td>\n<\/tr>\n<tr>\n<td valign=\"center\" width=\"33%\"><a href=\"http:\/\/fae.uprrp.edu\/quest\/081002\/\" target=\"blank\"><i>Greening the Workplace: An Exploratory Study in Puerto Rico<\/i><\/a><\/td>\n<td valign=\"center\" width=\"33%\">Maritza Soto, Universidad de Puerto Rico, Recinto de R\u00edo Piedras, Puerto Rico<\/td>\n<\/tr>\n<tr>\n<td valign=\"center\" width=\"33%\"><a href=\"http:\/\/fae.uprrp.edu\/quest\/081003\/\" target=\"blank\"><i>An\u00e1lisis hist\u00f3rico de ocupaciones relacionadas a los Recursos Humanos en Puerto Rico desde 1960 al 2000<\/i><\/a><\/td>\n<td valign=\"center\" width=\"33%\">\u00c1ngel Rivera, Universidad de Puerto Rico, Recinto de R\u00edo Piedras, Puerto Rico<\/td>\n<\/tr>\n<tr>\n<td colspan=\"2\">\n<h3>Concurrent XII &#8211; RSC para la competitividad global y aspectos de recursos Humanos<\/h3>\n<\/td>\n<\/tr>\n<tr>\n<td valign=\"center\" width=\"33%\"><a href=\"http:\/\/fae.uprrp.edu\/quest\/081201\/\" target=\"blank\"><i>Procesos y pr\u00e1cticas de responsabilidad social corporativa (RSC) y su relaci\u00f3n con las relaciones p\u00fablicas<\/i><\/a><\/td>\n<td valign=\"center\" width=\"33%\">Elizabeth Robles, Universidad de Puerto Rico, Recinto de R\u00edo Piedras, Puerto Rico<\/td>\n<\/tr>\n<tr>\n<td valign=\"center\" width=\"33%\"><a href=\"http:\/\/fae.uprrp.edu\/quest\/081202\/\" target=\"blank\"><i>Percepciones y actitudes de \u201cstakeholders\u201d hacia pr\u00e1cticas de Responsabilidad Social Empresarial en Puerto Rico<\/i><\/a><\/td>\n<td valign=\"center\" width=\"33%\">Lina G\u00f3mez, Universitat Jaume I, Espa\u00f1a<br \/>\nBeatriz Morales, Universidad de Puerto Rico, Recinto de R\u00edo Piedras<\/td>\n<\/tr>\n<tr>\n<td colspan=\"2\">\n<h3>Concurrent XIII &#8211; Panel: Empresarismo auspiciado por Banco Santander<\/h3>\n<\/td>\n<\/tr>\n<tr>\n<td valign=\"center\" width=\"33%\"><a href=\"http:\/\/fae.uprrp.edu\/quest\/081301\/\" target=\"blank\"><i>Perfil del empresario puertorrique\u00f1o: una investigaci\u00f3n exploratoria<\/i><\/a><\/td>\n<td valign=\"center\" width=\"33%\">Theany Calder\u00f3n, Universidad de Puerto Rico, Recinto de R\u00edo Piedras, Puerto Rico<\/td>\n<\/tr>\n<tr>\n<td valign=\"center\" width=\"33%\"><a href=\"http:\/\/fae.uprrp.edu\/quest\/081302\/\" target=\"blank\"><i>Profiling Process for the Internationalization of Service Firms<\/i><\/a><\/td>\n<td valign=\"center\" width=\"33%\">Myra Mabel P\u00e9rez, Universidad de Puerto Rico, Recinto de R\u00edo Piedras, Puerto Rico<\/td>\n<\/tr>\n<tr>\n<td valign=\"center\" width=\"33%\"><a href=\"http:\/\/fae.uprrp.edu\/quest\/081303\/\" target=\"blank\"><i>La estrategia de orientaci\u00f3n al mercado en empresas familiares: estudio de casos de peque\u00f1as empresas en Puerto Rico<\/i><\/a><\/td>\n<td valign=\"center\" width=\"33%\">Karen Orengo, Universidad de Puerto Rico, Recinto de R\u00edo Piedras, Puerto Rico<\/td>\n<\/tr>\n<tr>\n<td colspan=\"2\">\n<h3>Concurrent XIV &#8211; Finanzas para la competitividad global<\/h3>\n<\/td>\n<\/tr>\n<tr>\n<td valign=\"center\" width=\"33%\"><a href=\"http:\/\/fae.uprrp.edu\/quest\/081401\/\" target=\"blank\"><i>PHedging Volatility of Cash Markets with Financial Futures<\/i><\/a><\/td>\n<td valign=\"center\" width=\"33%\">Rafael Antonio Mart\u00ednez Mu\u00f1oz, Universidad de Puerto Rico, Recinto de R\u00edo Piedras, Puerto Rico<\/td>\n<\/tr>\n<tr>\n<td valign=\"center\" width=\"33%\"><a href=\"http:\/\/fae.uprrp.edu\/quest\/081402\/\" target=\"blank\"><i>The Story of a Puerto Rican Municipal Bond Mutual Fund<\/i><\/a><\/td>\n<td valign=\"center\" width=\"33%\">Jimmy Torrez, Universidad de Puerto Rico, Recinto de R\u00edo Piedras, Puerto Rico<\/td>\n<\/tr>\n<tr>\n<td colspan=\"2\">\n<h3>Concurrent XV &#8211; International Business: Marketing and Investment in R&amp;D<\/h3>\n<\/td>\n<\/tr>\n<tr>\n<td valign=\"center\" width=\"33%\"><a href=\"http:\/\/fae.uprrp.edu\/quest\/081501\/\" target=\"blank\"><i>Inversi\u00f3n empresarial en investigaci\u00f3n y desarrollo (R&amp;D): \u00bfEstrategia empresarial para el siglo XXI en Puerto Rico?<\/i><\/a><\/td>\n<td valign=\"center\" width=\"33%\">Manuel Lobato, Universidad de Puerto Rico, Recinto de R\u00edo Piedras, Puerto Rico<\/td>\n<\/tr>\n<tr>\n<td valign=\"center\" width=\"33%\"><a href=\"http:\/\/fae.uprrp.edu\/quest\/081502\/\" target=\"blank\"><i>Antecedents and Effects of Perceived Justice and Negative Emotions in the Telecommunications Industry in Puerto Rico<\/i><\/a><\/td>\n<td valign=\"center\" width=\"33%\">Juan Carlos Sosa, Universidad del Turabo, Puerto Rico<\/td>\n<\/tr>\n<tr>\n<td valign=\"center\" width=\"33%\"><a href=\"http:\/\/fae.uprrp.edu\/quest\/081503\/\" target=\"blank\"><i>META-RELQUAL Construct for Small and Medium Enterprises in Puerto Rico<\/i><\/a><\/td>\n<td valign=\"center\" width=\"33%\">Juan Carlos Sosa, Universidad del Turabo, Puerto Rico<\/td>\n<\/tr>\n<tr>\n<td colspan=\"2\">\n<h3>Concurrent XVI &#8211; Derecho internacional, inteligencia competitiva e innovaci\u00f3n<\/h3>\n<\/td>\n<\/tr>\n<tr>\n<td valign=\"center\" width=\"33%\"><a href=\"http:\/\/fae.uprrp.edu\/quest\/081601\/\" target=\"blank\"><i>\u00bfCu\u00e1l es la mejor estructura legal de negocios para la compra colaborativa de suministros?<\/i><\/a><\/td>\n<td valign=\"center\" width=\"33%\">Jos\u00e9 Nieto Rodr\u00edguez, Universidad de Puerto Rico, Recinto de Mayag\u00fcez, Puerto Rico<\/td>\n<\/tr>\n<tr>\n<td valign=\"center\" width=\"33%\"><a href=\"http:\/\/fae.uprrp.edu\/quest\/081602\/\" target=\"blank\"><i>El proceso de inteligencia competitiva y el indicador clave de desempe\u00f1o, capacidad de innovaci\u00f3n en la peque\u00f1a y mediana empresa (PYMES) de manufactura en la regi\u00f3n oeste de Puerto Rico<\/i><\/a><\/td>\n<td valign=\"center\" width=\"33%\">Jos\u00e9 Gerardo Mart\u00ednez, Universidad de Puerto Rico, Recinto de Mayag\u00fcez, Puerto Rico<br \/>\nSamuel V\u00e9lez Miranda, Universidad Interamericana, Recinto de Ponce, Puerto Rico<\/td>\n<\/tr>\n<\/tbody>\n<\/table>\n<div class=\"pvc_clear\"><\/div>\n<p id=\"pvc_stats_177\" class=\"pvc_stats all  \" data-element-id=\"177\" style=\"\"><i class=\"pvc-stats-icon medium\" aria-hidden=\"true\"><svg aria-hidden=\"true\" focusable=\"false\" data-prefix=\"far\" data-icon=\"chart-bar\" role=\"img\" xmlns=\"http:\/\/www.w3.org\/2000\/svg\" viewBox=\"0 0 512 512\" class=\"svg-inline--fa fa-chart-bar fa-w-16 fa-2x\"><path fill=\"currentColor\" d=\"M396.8 352h22.4c6.4 0 12.8-6.4 12.8-12.8V108.8c0-6.4-6.4-12.8-12.8-12.8h-22.4c-6.4 0-12.8 6.4-12.8 12.8v230.4c0 6.4 6.4 12.8 12.8 12.8zm-192 0h22.4c6.4 0 12.8-6.4 12.8-12.8V140.8c0-6.4-6.4-12.8-12.8-12.8h-22.4c-6.4 0-12.8 6.4-12.8 12.8v198.4c0 6.4 6.4 12.8 12.8 12.8zm96 0h22.4c6.4 0 12.8-6.4 12.8-12.8V204.8c0-6.4-6.4-12.8-12.8-12.8h-22.4c-6.4 0-12.8 6.4-12.8 12.8v134.4c0 6.4 6.4 12.8 12.8 12.8zM496 400H48V80c0-8.84-7.16-16-16-16H16C7.16 64 0 71.16 0 80v336c0 17.67 14.33 32 32 32h464c8.84 0 16-7.16 16-16v-16c0-8.84-7.16-16-16-16zm-387.2-48h22.4c6.4 0 12.8-6.4 12.8-12.8v-70.4c0-6.4-6.4-12.8-12.8-12.8h-22.4c-6.4 0-12.8 6.4-12.8 12.8v70.4c0 6.4 6.4 12.8 12.8 12.8z\" class=\"\"><\/path><\/svg><\/i> <img loading=\"lazy\" decoding=\"async\" width=\"16\" height=\"16\" alt=\"Loading\" src=\"https:\/\/fae.uprrp.edu\/quest\/wp-content\/plugins\/page-views-count\/ajax-loader-2x.gif\" border=0 \/><\/p>\n<div class=\"pvc_clear\"><\/div>\n","protected":false},"excerpt":{"rendered":"<p>ISSN 2166-024 REVIEWERS Mario Echevarr\u00eda, Catherine Pereira, Maritza Soto, Elizabeth Robles, Norma Ortiz-Rodr\u00edguez, Roberto Rivera, Camina Fandos, Sandra Maceri, Ana Mar\u00eda Marsanasco, Zaida Berdec\u00eda, Dale Mathews, Silvana Cavallari, Hugo Alberto Rivera, Jorge Valenciano, Jos\u00e9 Gonz\u00e1lez-Taboada, Marisela Santiago, Jorge Ayala, Jos\u00e9 Ram\u00f3n Garc\u00eda Aranda, Jahir Lombana, Gianni Roman\u00ed, Gilberto Moreno, Mario D\u00edaz, Edy Lorena Burbano Vallejo,<\/p>\n<div class=\"read-more\"><a href=\"https:\/\/fae.uprrp.edu\/quest\/past-conference-proceedings\/proceedings-q8\/\" title=\"Read More\">Read More<\/a><\/div>\n<div class=\"pvc_clear\"><\/div>\n<p id=\"pvc_stats_177\" class=\"pvc_stats all  \" data-element-id=\"177\" style=\"\"><i class=\"pvc-stats-icon medium\" aria-hidden=\"true\"><svg aria-hidden=\"true\" focusable=\"false\" data-prefix=\"far\" data-icon=\"chart-bar\" role=\"img\" xmlns=\"http:\/\/www.w3.org\/2000\/svg\" viewBox=\"0 0 512 512\" class=\"svg-inline--fa fa-chart-bar fa-w-16 fa-2x\"><path fill=\"currentColor\" d=\"M396.8 352h22.4c6.4 0 12.8-6.4 12.8-12.8V108.8c0-6.4-6.4-12.8-12.8-12.8h-22.4c-6.4 0-12.8 6.4-12.8 12.8v230.4c0 6.4 6.4 12.8 12.8 12.8zm-192 0h22.4c6.4 0 12.8-6.4 12.8-12.8V140.8c0-6.4-6.4-12.8-12.8-12.8h-22.4c-6.4 0-12.8 6.4-12.8 12.8v198.4c0 6.4 6.4 12.8 12.8 12.8zm96 0h22.4c6.4 0 12.8-6.4 12.8-12.8V204.8c0-6.4-6.4-12.8-12.8-12.8h-22.4c-6.4 0-12.8 6.4-12.8 12.8v134.4c0 6.4 6.4 12.8 12.8 12.8zM496 400H48V80c0-8.84-7.16-16-16-16H16C7.16 64 0 71.16 0 80v336c0 17.67 14.33 32 32 32h464c8.84 0 16-7.16 16-16v-16c0-8.84-7.16-16-16-16zm-387.2-48h22.4c6.4 0 12.8-6.4 12.8-12.8v-70.4c0-6.4-6.4-12.8-12.8-12.8h-22.4c-6.4 0-12.8 6.4-12.8 12.8v70.4c0 6.4 6.4 12.8 12.8 12.8z\" class=\"\"><\/path><\/svg><\/i> <img loading=\"lazy\" decoding=\"async\" width=\"16\" height=\"16\" alt=\"Loading\" src=\"https:\/\/fae.uprrp.edu\/quest\/wp-content\/plugins\/page-views-count\/ajax-loader-2x.gif\" border=0 \/><\/p>\n<div class=\"pvc_clear\"><\/div>\n","protected":false},"author":3,"featured_media":0,"parent":166,"menu_order":53,"comment_status":"closed","ping_status":"closed","template":"","meta":{"_monsterinsights_skip_tracking":false,"_monsterinsights_sitenote_active":false,"_monsterinsights_sitenote_note":"","_monsterinsights_sitenote_category":0,"footnotes":""},"class_list":["post-177","page","type-page","status-publish"],"_links":{"self":[{"href":"https:\/\/fae.uprrp.edu\/quest\/wp-json\/wp\/v2\/pages\/177","targetHints":{"allow":["GET"]}}],"collection":[{"href":"https:\/\/fae.uprrp.edu\/quest\/wp-json\/wp\/v2\/pages"}],"about":[{"href":"https:\/\/fae.uprrp.edu\/quest\/wp-json\/wp\/v2\/types\/page"}],"author":[{"embeddable":true,"href":"https:\/\/fae.uprrp.edu\/quest\/wp-json\/wp\/v2\/users\/3"}],"replies":[{"embeddable":true,"href":"https:\/\/fae.uprrp.edu\/quest\/wp-json\/wp\/v2\/comments?post=177"}],"version-history":[{"count":8,"href":"https:\/\/fae.uprrp.edu\/quest\/wp-json\/wp\/v2\/pages\/177\/revisions"}],"predecessor-version":[{"id":417,"href":"https:\/\/fae.uprrp.edu\/quest\/wp-json\/wp\/v2\/pages\/177\/revisions\/417"}],"up":[{"embeddable":true,"href":"https:\/\/fae.uprrp.edu\/quest\/wp-json\/wp\/v2\/pages\/166"}],"wp:attachment":[{"href":"https:\/\/fae.uprrp.edu\/quest\/wp-json\/wp\/v2\/media?parent=177"}],"curies":[{"name":"wp","href":"https:\/\/api.w.org\/{rel}","templated":true}]}}