{"id":98,"date":"2021-04-30T01:30:40","date_gmt":"2021-04-30T01:30:40","guid":{"rendered":"https:\/\/fae.uprrp.edu\/jobsinitiative\/?page_id=98"},"modified":"2021-05-11T16:00:31","modified_gmt":"2021-05-11T20:00:31","slug":"paginas-electronicas","status":"publish","type":"page","link":"https:\/\/fae.uprrp.edu\/jobsinitiative\/paginas-electronicas\/","title":{"rendered":"P\u00e1ginas Electr\u00f3nicas"},"content":{"rendered":"<p><em><span style=\"color: #993300\"><strong>Diversidad e Inclusi\u00f3n:<\/strong><\/span><\/em><\/p>\n<p>Segun la Real Academia Espa\u00f1ola el t\u00e9rmino diversidad se refiere a a todo aquello que conlleva variedad, desemejanza, diferencia o gran cantidad de varias cosas distintas. En el contexto del trabajo y empleo, las empresas est\u00e1n creando m\u00e1s conciencia de las ventajas de reconocer los m\u00faltiples estilos de vida y las diferencias en las caracter\u00edsticas personales de los individuos dentro de las organizaciones. Es por esto que la educaci\u00f3n y apoyo a los empleados para la aceptaci\u00f3n y respeto por las diferencias raciales, culturales, sociales, geogr\u00e1ficas, econ\u00f3micas y pol\u00edticas ha cobrado mucha importancia. Compa\u00f1\u00edas con alto grado de compromiso con la responsabilidad social promueven la <strong><span style=\"color: #993300\"><a style=\"color: #993300\" href=\"https:\/\/fundacionadecco.org\/azimut\/diferencias-entre-diversidad-e-inclusion\/\">diversidad e inclusi\u00f3n<\/a> <\/span><\/strong>fomentando pr\u00e1cticas, pol\u00edticas y procedimientos dirigidos a crear y mantener un ambiente de trabajo que valora las similitudes y diferencias entre individuos dentro y fuera de las organizaciones.\u00a0 Todos estos esfuerzos requieren educaci\u00f3n y apoyo a los empleados para la aceptaci\u00f3n y respeto por las diferencias raciales, de g\u00e9nero, culturales, sociales, geogr\u00e1ficas, econ\u00f3micas, pol\u00edticas, entre otras.<\/p>\n<p><strong><em><span style=\"color: #993300\">Mide tu Nivel de Asociaci\u00f3n Impl\u00edcita &#8211; Project Implicit de Harvard<\/span><\/em><\/strong><\/p>\n<p>Es un proyecto de la Universidad de Harvard que tiene disponible diferentes cuestionarios (test) para medir la asociaci\u00f3n impl\u00edcita en diferentes temas. El proyecto le pedir\u00e1 que seleccione un <span style=\"color: #993300\"><a style=\"color: #993300\" href=\"https:\/\/implicit.harvard.edu\/implicit\/index.jsp\"><strong>Test de Asociaci\u00f3n Impl\u00edcita (TAI)<\/strong><\/a> <\/span>de una lista de posibles t\u00f3picos. Tambi\u00e9n le solicita (opcional) que reporte sus actitudes o creencias sobre estos t\u00f3picos y que provea informaci\u00f3n sobre usted mismo. Le hacen estas preguntas debido a que el TAI puede ser m\u00e1s valioso si tambi\u00e9n describe el entendimiento que usted tiene sobre las actitudes o estereotipos que el TAI mide. Tambi\u00e9n se compara las diferencias entre personas y grupos. Se puede escoger entre espa\u00f1ol (M\u00e9xico y Espa\u00f1a) o ingl\u00e9s para contestar los cuestionarios.<\/p>\n<p>&nbsp;<\/p>\n<p>&nbsp;<\/p>\n<div class=\"pvc_clear\"><\/div>\n<p id=\"pvc_stats_98\" class=\"pvc_stats all  \" data-element-id=\"98\" style=\"\"><i class=\"pvc-stats-icon medium\" aria-hidden=\"true\"><svg aria-hidden=\"true\" focusable=\"false\" data-prefix=\"far\" data-icon=\"chart-bar\" role=\"img\" xmlns=\"http:\/\/www.w3.org\/2000\/svg\" viewBox=\"0 0 512 512\" class=\"svg-inline--fa fa-chart-bar fa-w-16 fa-2x\"><path fill=\"currentColor\" d=\"M396.8 352h22.4c6.4 0 12.8-6.4 12.8-12.8V108.8c0-6.4-6.4-12.8-12.8-12.8h-22.4c-6.4 0-12.8 6.4-12.8 12.8v230.4c0 6.4 6.4 12.8 12.8 12.8zm-192 0h22.4c6.4 0 12.8-6.4 12.8-12.8V140.8c0-6.4-6.4-12.8-12.8-12.8h-22.4c-6.4 0-12.8 6.4-12.8 12.8v198.4c0 6.4 6.4 12.8 12.8 12.8zm96 0h22.4c6.4 0 12.8-6.4 12.8-12.8V204.8c0-6.4-6.4-12.8-12.8-12.8h-22.4c-6.4 0-12.8 6.4-12.8 12.8v134.4c0 6.4 6.4 12.8 12.8 12.8zM496 400H48V80c0-8.84-7.16-16-16-16H16C7.16 64 0 71.16 0 80v336c0 17.67 14.33 32 32 32h464c8.84 0 16-7.16 16-16v-16c0-8.84-7.16-16-16-16zm-387.2-48h22.4c6.4 0 12.8-6.4 12.8-12.8v-70.4c0-6.4-6.4-12.8-12.8-12.8h-22.4c-6.4 0-12.8 6.4-12.8 12.8v70.4c0 6.4 6.4 12.8 12.8 12.8z\" class=\"\"><\/path><\/svg><\/i> <img loading=\"lazy\" decoding=\"async\" width=\"16\" height=\"16\" alt=\"Loading\" src=\"https:\/\/fae.uprrp.edu\/jobsinitiative\/wp-content\/plugins\/page-views-count\/ajax-loader-2x.gif\" border=0 \/><\/p>\n<div class=\"pvc_clear\"><\/div>\n","protected":false},"excerpt":{"rendered":"<p>Diversidad e Inclusi\u00f3n: Segun la Real Academia Espa\u00f1ola el t\u00e9rmino diversidad se refiere a a todo aquello que conlleva variedad, desemejanza, diferencia o gran cantidad de varias cosas distintas. En el contexto del trabajo y empleo, las empresas est\u00e1n creando m\u00e1s conciencia de las ventajas de reconocer los m\u00faltiples estilos de vida y las diferencias<\/p>\n<div class=\"read-more\"><a href=\"https:\/\/fae.uprrp.edu\/jobsinitiative\/paginas-electronicas\/\" title=\"Read More\">Read More<\/a><\/div>\n<div class=\"pvc_clear\"><\/div>\n<p id=\"pvc_stats_98\" class=\"pvc_stats all  \" data-element-id=\"98\" style=\"\"><i class=\"pvc-stats-icon medium\" aria-hidden=\"true\"><svg aria-hidden=\"true\" focusable=\"false\" data-prefix=\"far\" data-icon=\"chart-bar\" role=\"img\" xmlns=\"http:\/\/www.w3.org\/2000\/svg\" viewBox=\"0 0 512 512\" class=\"svg-inline--fa fa-chart-bar fa-w-16 fa-2x\"><path fill=\"currentColor\" d=\"M396.8 352h22.4c6.4 0 12.8-6.4 12.8-12.8V108.8c0-6.4-6.4-12.8-12.8-12.8h-22.4c-6.4 0-12.8 6.4-12.8 12.8v230.4c0 6.4 6.4 12.8 12.8 12.8zm-192 0h22.4c6.4 0 12.8-6.4 12.8-12.8V140.8c0-6.4-6.4-12.8-12.8-12.8h-22.4c-6.4 0-12.8 6.4-12.8 12.8v198.4c0 6.4 6.4 12.8 12.8 12.8zm96 0h22.4c6.4 0 12.8-6.4 12.8-12.8V204.8c0-6.4-6.4-12.8-12.8-12.8h-22.4c-6.4 0-12.8 6.4-12.8 12.8v134.4c0 6.4 6.4 12.8 12.8 12.8zM496 400H48V80c0-8.84-7.16-16-16-16H16C7.16 64 0 71.16 0 80v336c0 17.67 14.33 32 32 32h464c8.84 0 16-7.16 16-16v-16c0-8.84-7.16-16-16-16zm-387.2-48h22.4c6.4 0 12.8-6.4 12.8-12.8v-70.4c0-6.4-6.4-12.8-12.8-12.8h-22.4c-6.4 0-12.8 6.4-12.8 12.8v70.4c0 6.4 6.4 12.8 12.8 12.8z\" class=\"\"><\/path><\/svg><\/i> <img loading=\"lazy\" decoding=\"async\" width=\"16\" height=\"16\" alt=\"Loading\" src=\"https:\/\/fae.uprrp.edu\/jobsinitiative\/wp-content\/plugins\/page-views-count\/ajax-loader-2x.gif\" border=0 \/><\/p>\n<div class=\"pvc_clear\"><\/div>\n","protected":false},"author":19,"featured_media":0,"parent":0,"menu_order":0,"comment_status":"closed","ping_status":"closed","template":"","meta":{"_monsterinsights_skip_tracking":false,"_monsterinsights_sitenote_active":false,"_monsterinsights_sitenote_note":"","_monsterinsights_sitenote_category":0,"footnotes":""},"class_list":["post-98","page","type-page","status-publish"],"_links":{"self":[{"href":"https:\/\/fae.uprrp.edu\/jobsinitiative\/wp-json\/wp\/v2\/pages\/98","targetHints":{"allow":["GET"]}}],"collection":[{"href":"https:\/\/fae.uprrp.edu\/jobsinitiative\/wp-json\/wp\/v2\/pages"}],"about":[{"href":"https:\/\/fae.uprrp.edu\/jobsinitiative\/wp-json\/wp\/v2\/types\/page"}],"author":[{"embeddable":true,"href":"https:\/\/fae.uprrp.edu\/jobsinitiative\/wp-json\/wp\/v2\/users\/19"}],"replies":[{"embeddable":true,"href":"https:\/\/fae.uprrp.edu\/jobsinitiative\/wp-json\/wp\/v2\/comments?post=98"}],"version-history":[{"count":4,"href":"https:\/\/fae.uprrp.edu\/jobsinitiative\/wp-json\/wp\/v2\/pages\/98\/revisions"}],"predecessor-version":[{"id":271,"href":"https:\/\/fae.uprrp.edu\/jobsinitiative\/wp-json\/wp\/v2\/pages\/98\/revisions\/271"}],"wp:attachment":[{"href":"https:\/\/fae.uprrp.edu\/jobsinitiative\/wp-json\/wp\/v2\/media?parent=98"}],"curies":[{"name":"wp","href":"https:\/\/api.w.org\/{rel}","templated":true}]}}