{"id":89,"date":"2021-04-30T01:21:34","date_gmt":"2021-04-30T01:21:34","guid":{"rendered":"https:\/\/fae.uprrp.edu\/jobsinitiative\/?page_id=89"},"modified":"2025-04-04T15:06:01","modified_gmt":"2025-04-04T19:06:01","slug":"asistencia-legal-libre-de-costo","status":"publish","type":"page","link":"https:\/\/fae.uprrp.edu\/jobsinitiative\/asistencia-legal-libre-de-costo\/","title":{"rendered":"Asistencia Legal Libre de Costo"},"content":{"rendered":"<p><span style=\"color: #993300\"><em><strong>Asistencia Legal Libre de Costos<\/strong><\/em><\/span><\/p>\n<p>La <span style=\"color: #993300\"><a style=\"color: #993300\" href=\"https:\/\/derecho.uprrp.edu\/clinica\/\">Cl\u00ednica de Asistencia Legal<\/a> <\/span>es parte integral de la Escuela de Derecho de la Universidad de Puerto Rico, Recinto de R\u00edo Piedras. Entre otros objetivos, la Cl\u00ednica se cre\u00f3 para prestar un servicio de asesoramiento y representaci\u00f3n legal a la ciudadan\u00eda, especialmente a los sectores menos privilegiados de \u00e9sta, ante los foros judiciales y administrativos. Los servicios de la Cl\u00ednica se revisan y ampl\u00edan de conformidad con los intereses de los estudiantes y a tono con las necesidades de la clientela. Se ofrecen secciones dedicadas a la atenci\u00f3n de casos civiles en general, criminal grave y menos grave, menores, familia, empleo, ambiental y criminal federal.<\/p>\n<p>La <span style=\"color: #993300\"><a style=\"color: #993300\" href=\"https:\/\/www.salpr.org\/\">Sociedad para la Asistencia Legal de Puerto Rico<\/a> <\/span>est\u00e1 dirigida a proteger y defender los derechos de las personas indigentes, ofreciendo servicios legales gratuitos, efectivos, compasivos y de excelencia, promoviendo el trato igual ante la ley. La Sociedad para la Asistencia Legal financia sus operaciones mediante aportaciones legislativas recurrentes, no recurrentes y as\u00ed como otros ingresos provenientes de la venta del sello de la Sociedad para la Asistencia Legal (Ley N\u00fam. 47 del 4 de junio de 1982) y el arancel establecido por la Ley N\u00fam. 244 del 2 de septiembre de 2004.<\/p>\n<ul>\n<li><span style=\"color: #993300\"><a style=\"color: #993300\" href=\"https:\/\/www.salpr.org\/preguntas-frecuentes\/#Agencia%20Gobierno\">Preguntas frecuentes<\/a><\/span><\/li>\n<\/ul>\n<p>&nbsp;<\/p>\n<div class=\"pvc_clear\"><\/div>\n<p id=\"pvc_stats_89\" class=\"pvc_stats all  \" data-element-id=\"89\" style=\"\"><i class=\"pvc-stats-icon medium\" aria-hidden=\"true\"><svg aria-hidden=\"true\" focusable=\"false\" data-prefix=\"far\" data-icon=\"chart-bar\" role=\"img\" xmlns=\"http:\/\/www.w3.org\/2000\/svg\" viewBox=\"0 0 512 512\" class=\"svg-inline--fa fa-chart-bar fa-w-16 fa-2x\"><path fill=\"currentColor\" d=\"M396.8 352h22.4c6.4 0 12.8-6.4 12.8-12.8V108.8c0-6.4-6.4-12.8-12.8-12.8h-22.4c-6.4 0-12.8 6.4-12.8 12.8v230.4c0 6.4 6.4 12.8 12.8 12.8zm-192 0h22.4c6.4 0 12.8-6.4 12.8-12.8V140.8c0-6.4-6.4-12.8-12.8-12.8h-22.4c-6.4 0-12.8 6.4-12.8 12.8v198.4c0 6.4 6.4 12.8 12.8 12.8zm96 0h22.4c6.4 0 12.8-6.4 12.8-12.8V204.8c0-6.4-6.4-12.8-12.8-12.8h-22.4c-6.4 0-12.8 6.4-12.8 12.8v134.4c0 6.4 6.4 12.8 12.8 12.8zM496 400H48V80c0-8.84-7.16-16-16-16H16C7.16 64 0 71.16 0 80v336c0 17.67 14.33 32 32 32h464c8.84 0 16-7.16 16-16v-16c0-8.84-7.16-16-16-16zm-387.2-48h22.4c6.4 0 12.8-6.4 12.8-12.8v-70.4c0-6.4-6.4-12.8-12.8-12.8h-22.4c-6.4 0-12.8 6.4-12.8 12.8v70.4c0 6.4 6.4 12.8 12.8 12.8z\" class=\"\"><\/path><\/svg><\/i> <img loading=\"lazy\" decoding=\"async\" width=\"16\" height=\"16\" alt=\"Loading\" src=\"https:\/\/fae.uprrp.edu\/jobsinitiative\/wp-content\/plugins\/page-views-count\/ajax-loader-2x.gif\" border=0 \/><\/p>\n<div class=\"pvc_clear\"><\/div>\n","protected":false},"excerpt":{"rendered":"<p>Asistencia Legal Libre de Costos La Cl\u00ednica de Asistencia Legal es parte integral de la Escuela de Derecho de la Universidad de Puerto Rico, Recinto de R\u00edo Piedras. Entre otros objetivos, la Cl\u00ednica se cre\u00f3 para prestar un servicio de asesoramiento y representaci\u00f3n legal a la ciudadan\u00eda, especialmente a los sectores menos privilegiados de \u00e9sta,<\/p>\n<div class=\"read-more\"><a href=\"https:\/\/fae.uprrp.edu\/jobsinitiative\/asistencia-legal-libre-de-costo\/\" title=\"Read More\">Read More<\/a><\/div>\n<div class=\"pvc_clear\"><\/div>\n<p id=\"pvc_stats_89\" class=\"pvc_stats all  \" data-element-id=\"89\" style=\"\"><i class=\"pvc-stats-icon medium\" aria-hidden=\"true\"><svg aria-hidden=\"true\" focusable=\"false\" data-prefix=\"far\" data-icon=\"chart-bar\" role=\"img\" xmlns=\"http:\/\/www.w3.org\/2000\/svg\" viewBox=\"0 0 512 512\" class=\"svg-inline--fa fa-chart-bar fa-w-16 fa-2x\"><path fill=\"currentColor\" d=\"M396.8 352h22.4c6.4 0 12.8-6.4 12.8-12.8V108.8c0-6.4-6.4-12.8-12.8-12.8h-22.4c-6.4 0-12.8 6.4-12.8 12.8v230.4c0 6.4 6.4 12.8 12.8 12.8zm-192 0h22.4c6.4 0 12.8-6.4 12.8-12.8V140.8c0-6.4-6.4-12.8-12.8-12.8h-22.4c-6.4 0-12.8 6.4-12.8 12.8v198.4c0 6.4 6.4 12.8 12.8 12.8zm96 0h22.4c6.4 0 12.8-6.4 12.8-12.8V204.8c0-6.4-6.4-12.8-12.8-12.8h-22.4c-6.4 0-12.8 6.4-12.8 12.8v134.4c0 6.4 6.4 12.8 12.8 12.8zM496 400H48V80c0-8.84-7.16-16-16-16H16C7.16 64 0 71.16 0 80v336c0 17.67 14.33 32 32 32h464c8.84 0 16-7.16 16-16v-16c0-8.84-7.16-16-16-16zm-387.2-48h22.4c6.4 0 12.8-6.4 12.8-12.8v-70.4c0-6.4-6.4-12.8-12.8-12.8h-22.4c-6.4 0-12.8 6.4-12.8 12.8v70.4c0 6.4 6.4 12.8 12.8 12.8z\" class=\"\"><\/path><\/svg><\/i> <img loading=\"lazy\" decoding=\"async\" width=\"16\" height=\"16\" alt=\"Loading\" src=\"https:\/\/fae.uprrp.edu\/jobsinitiative\/wp-content\/plugins\/page-views-count\/ajax-loader-2x.gif\" border=0 \/><\/p>\n<div class=\"pvc_clear\"><\/div>\n","protected":false},"author":19,"featured_media":0,"parent":0,"menu_order":0,"comment_status":"closed","ping_status":"closed","template":"","meta":{"_monsterinsights_skip_tracking":false,"_monsterinsights_sitenote_active":false,"_monsterinsights_sitenote_note":"","_monsterinsights_sitenote_category":0,"footnotes":""},"class_list":["post-89","page","type-page","status-publish"],"_links":{"self":[{"href":"https:\/\/fae.uprrp.edu\/jobsinitiative\/wp-json\/wp\/v2\/pages\/89","targetHints":{"allow":["GET"]}}],"collection":[{"href":"https:\/\/fae.uprrp.edu\/jobsinitiative\/wp-json\/wp\/v2\/pages"}],"about":[{"href":"https:\/\/fae.uprrp.edu\/jobsinitiative\/wp-json\/wp\/v2\/types\/page"}],"author":[{"embeddable":true,"href":"https:\/\/fae.uprrp.edu\/jobsinitiative\/wp-json\/wp\/v2\/users\/19"}],"replies":[{"embeddable":true,"href":"https:\/\/fae.uprrp.edu\/jobsinitiative\/wp-json\/wp\/v2\/comments?post=89"}],"version-history":[{"count":4,"href":"https:\/\/fae.uprrp.edu\/jobsinitiative\/wp-json\/wp\/v2\/pages\/89\/revisions"}],"predecessor-version":[{"id":826,"href":"https:\/\/fae.uprrp.edu\/jobsinitiative\/wp-json\/wp\/v2\/pages\/89\/revisions\/826"}],"wp:attachment":[{"href":"https:\/\/fae.uprrp.edu\/jobsinitiative\/wp-json\/wp\/v2\/media?parent=89"}],"curies":[{"name":"wp","href":"https:\/\/api.w.org\/{rel}","templated":true}]}}