{"id":85,"date":"2021-04-30T01:18:57","date_gmt":"2021-04-30T01:18:57","guid":{"rendered":"https:\/\/fae.uprrp.edu\/jobsinitiative\/?page_id=85"},"modified":"2021-06-09T20:37:50","modified_gmt":"2021-06-10T00:37:50","slug":"manejo-de-finanzas-personales","status":"publish","type":"page","link":"https:\/\/fae.uprrp.edu\/jobsinitiative\/manejo-de-finanzas-personales\/","title":{"rendered":"Manejo de Finanzas Personales"},"content":{"rendered":"<p><strong><span style=\"color: #993300\"><em>Manejo de Finanzas Personales<\/em><\/span><\/strong><\/p>\n<p>Las finanzas personales se refieren al manejo responsable del dinero y los bienes que pertenecen a una persona o a una familia. Esto incluye el manejo de tu salario u otros ingresos, tus gastos, los bienes materiales, los ahorros, seguros, cr\u00e9ditos, etc.<\/p>\n<p>La importancia de las finanzas personales es que las mismas ayudan a que tanto los individuos como sus familias satisfagan sus necesidades cubriendo sus gastos del d\u00eda a d\u00eda a la vez que logran sus metas a lo largo de su vida, como salir de viaje, comprar una casa o un auto, aumentar su ahorro para el retiro, etc., sin tener que hacer grandes sacrificios en su presente y su futuro.<\/p>\n<p style=\"padding-left: 80px\"><em>\u201cExiste la necesidad de que uno comprenda c\u00f3mo gasta su propio dinero, las diferencias entre necesidades y deseos, las implicaciones de las decisiones financieras actuales en la salud financiera a largo plazo, el uso del tiempo para solidificar la situaci\u00f3n financiera de uno mismo; \u00a1todo esto hecho de una manera divertida! Espero que podamos transmitir que esto es importante y que todos tienen la capacidad de tener \u00e9xito financiero; todo depende de c\u00f3mo se defina el \u00e9xito financiero.\u201d<\/em><\/p>\n<p style=\"padding-left: 360px\">Dr. Kurt Schindler, Profesor de Finanzas, UPRRP.<\/p>\n<p><a href=\"https:\/\/fae.uprrp.edu\/jobsinitiative\/wp-content\/uploads\/sites\/22\/2021\/05\/2021-Cash-Flow-spreadsheet-ESPANOL-con-instrucciones-Finanza-Personal.xlsx\"><span style=\"color: #993300\"><strong>EXCEL PARA EL MANEJO DE TUS FINANZAS PERSONALES <\/strong><\/span><\/a>&#8211; Dr. Kurt Shindler, UPRRP<\/p>\n<div class=\"pvc_clear\"><\/div>\n<p id=\"pvc_stats_85\" class=\"pvc_stats all  \" data-element-id=\"85\" style=\"\"><i class=\"pvc-stats-icon medium\" aria-hidden=\"true\"><svg aria-hidden=\"true\" focusable=\"false\" data-prefix=\"far\" data-icon=\"chart-bar\" role=\"img\" xmlns=\"http:\/\/www.w3.org\/2000\/svg\" viewBox=\"0 0 512 512\" class=\"svg-inline--fa fa-chart-bar fa-w-16 fa-2x\"><path fill=\"currentColor\" d=\"M396.8 352h22.4c6.4 0 12.8-6.4 12.8-12.8V108.8c0-6.4-6.4-12.8-12.8-12.8h-22.4c-6.4 0-12.8 6.4-12.8 12.8v230.4c0 6.4 6.4 12.8 12.8 12.8zm-192 0h22.4c6.4 0 12.8-6.4 12.8-12.8V140.8c0-6.4-6.4-12.8-12.8-12.8h-22.4c-6.4 0-12.8 6.4-12.8 12.8v198.4c0 6.4 6.4 12.8 12.8 12.8zm96 0h22.4c6.4 0 12.8-6.4 12.8-12.8V204.8c0-6.4-6.4-12.8-12.8-12.8h-22.4c-6.4 0-12.8 6.4-12.8 12.8v134.4c0 6.4 6.4 12.8 12.8 12.8zM496 400H48V80c0-8.84-7.16-16-16-16H16C7.16 64 0 71.16 0 80v336c0 17.67 14.33 32 32 32h464c8.84 0 16-7.16 16-16v-16c0-8.84-7.16-16-16-16zm-387.2-48h22.4c6.4 0 12.8-6.4 12.8-12.8v-70.4c0-6.4-6.4-12.8-12.8-12.8h-22.4c-6.4 0-12.8 6.4-12.8 12.8v70.4c0 6.4 6.4 12.8 12.8 12.8z\" class=\"\"><\/path><\/svg><\/i> <img loading=\"lazy\" decoding=\"async\" width=\"16\" height=\"16\" alt=\"Loading\" src=\"https:\/\/fae.uprrp.edu\/jobsinitiative\/wp-content\/plugins\/page-views-count\/ajax-loader-2x.gif\" border=0 \/><\/p>\n<div class=\"pvc_clear\"><\/div>\n","protected":false},"excerpt":{"rendered":"<p>Manejo de Finanzas Personales Las finanzas personales se refieren al manejo responsable del dinero y los bienes que pertenecen a una persona o a una familia. Esto incluye el manejo de tu salario u otros ingresos, tus gastos, los bienes materiales, los ahorros, seguros, cr\u00e9ditos, etc. La importancia de las finanzas personales es que las<\/p>\n<div class=\"read-more\"><a href=\"https:\/\/fae.uprrp.edu\/jobsinitiative\/manejo-de-finanzas-personales\/\" title=\"Read More\">Read More<\/a><\/div>\n<div class=\"pvc_clear\"><\/div>\n<p id=\"pvc_stats_85\" class=\"pvc_stats all  \" data-element-id=\"85\" style=\"\"><i class=\"pvc-stats-icon medium\" aria-hidden=\"true\"><svg aria-hidden=\"true\" focusable=\"false\" data-prefix=\"far\" data-icon=\"chart-bar\" role=\"img\" xmlns=\"http:\/\/www.w3.org\/2000\/svg\" viewBox=\"0 0 512 512\" class=\"svg-inline--fa fa-chart-bar fa-w-16 fa-2x\"><path fill=\"currentColor\" d=\"M396.8 352h22.4c6.4 0 12.8-6.4 12.8-12.8V108.8c0-6.4-6.4-12.8-12.8-12.8h-22.4c-6.4 0-12.8 6.4-12.8 12.8v230.4c0 6.4 6.4 12.8 12.8 12.8zm-192 0h22.4c6.4 0 12.8-6.4 12.8-12.8V140.8c0-6.4-6.4-12.8-12.8-12.8h-22.4c-6.4 0-12.8 6.4-12.8 12.8v198.4c0 6.4 6.4 12.8 12.8 12.8zm96 0h22.4c6.4 0 12.8-6.4 12.8-12.8V204.8c0-6.4-6.4-12.8-12.8-12.8h-22.4c-6.4 0-12.8 6.4-12.8 12.8v134.4c0 6.4 6.4 12.8 12.8 12.8zM496 400H48V80c0-8.84-7.16-16-16-16H16C7.16 64 0 71.16 0 80v336c0 17.67 14.33 32 32 32h464c8.84 0 16-7.16 16-16v-16c0-8.84-7.16-16-16-16zm-387.2-48h22.4c6.4 0 12.8-6.4 12.8-12.8v-70.4c0-6.4-6.4-12.8-12.8-12.8h-22.4c-6.4 0-12.8 6.4-12.8 12.8v70.4c0 6.4 6.4 12.8 12.8 12.8z\" class=\"\"><\/path><\/svg><\/i> <img loading=\"lazy\" decoding=\"async\" width=\"16\" height=\"16\" alt=\"Loading\" src=\"https:\/\/fae.uprrp.edu\/jobsinitiative\/wp-content\/plugins\/page-views-count\/ajax-loader-2x.gif\" border=0 \/><\/p>\n<div class=\"pvc_clear\"><\/div>\n","protected":false},"author":19,"featured_media":0,"parent":0,"menu_order":0,"comment_status":"closed","ping_status":"closed","template":"","meta":{"_monsterinsights_skip_tracking":false,"_monsterinsights_sitenote_active":false,"_monsterinsights_sitenote_note":"","_monsterinsights_sitenote_category":0,"footnotes":""},"class_list":["post-85","page","type-page","status-publish"],"_links":{"self":[{"href":"https:\/\/fae.uprrp.edu\/jobsinitiative\/wp-json\/wp\/v2\/pages\/85","targetHints":{"allow":["GET"]}}],"collection":[{"href":"https:\/\/fae.uprrp.edu\/jobsinitiative\/wp-json\/wp\/v2\/pages"}],"about":[{"href":"https:\/\/fae.uprrp.edu\/jobsinitiative\/wp-json\/wp\/v2\/types\/page"}],"author":[{"embeddable":true,"href":"https:\/\/fae.uprrp.edu\/jobsinitiative\/wp-json\/wp\/v2\/users\/19"}],"replies":[{"embeddable":true,"href":"https:\/\/fae.uprrp.edu\/jobsinitiative\/wp-json\/wp\/v2\/comments?post=85"}],"version-history":[{"count":5,"href":"https:\/\/fae.uprrp.edu\/jobsinitiative\/wp-json\/wp\/v2\/pages\/85\/revisions"}],"predecessor-version":[{"id":298,"href":"https:\/\/fae.uprrp.edu\/jobsinitiative\/wp-json\/wp\/v2\/pages\/85\/revisions\/298"}],"wp:attachment":[{"href":"https:\/\/fae.uprrp.edu\/jobsinitiative\/wp-json\/wp\/v2\/media?parent=85"}],"curies":[{"name":"wp","href":"https:\/\/api.w.org\/{rel}","templated":true}]}}