{"id":80,"date":"2021-04-30T01:17:17","date_gmt":"2021-04-30T01:17:17","guid":{"rendered":"https:\/\/fae.uprrp.edu\/jobsinitiative\/?page_id=80"},"modified":"2024-08-31T13:27:59","modified_gmt":"2024-08-31T17:27:59","slug":"talleres-del-certificado-profesional","status":"publish","type":"page","link":"https:\/\/fae.uprrp.edu\/jobsinitiative\/talleres-del-certificado-profesional\/","title":{"rendered":"Talleres del Certificado Profesional"},"content":{"rendered":"<p><span style=\"color: #993300\"><em><strong>Descripci\u00f3n de los Talleres del Certificado Profesional<\/strong><\/em><\/span><\/p>\n<p>El Certificado Profesional en Liderazgo e Innovaci\u00f3n de <em>Bank of America Jobs Initiative<\/em> est\u00e1 compuesto por seis (6) talleres presenciales (viernes) o virtuales (viernes) de temas seleccionados por un comit\u00e9 de la industria local. Los mismos ser\u00e1n ofrecidos 6 viernes consecutivos durante el semestre en un periodo de 6.5 horas <strong>(8:30 am a 4:00 pm)<\/strong> por parte de profesores de alto calibre con experiencia pr\u00e1ctica en la industria. Los talleres se ofrecer\u00e1n a grupos de un m\u00e1ximo de 40 estudiantes por ciclo. Se ofrecer\u00e1n dos ciclos este semestre; uno presencial y otro virtual.<\/p>\n<ol>\n<li>Liderazgo, relaciones interpersonales, inteligencia emocional, conciencia (<em>mindfulness<\/em>) y destrezas de comunicaci\u00f3n profesional en ingl\u00e9s<\/li>\n<\/ol>\n<ul>\n<li style=\"list-style-type: none\">\n<ul>\n<li><a href=\"https:\/\/fae.uprrp.edu\/jobsinitiative\/wp-content\/uploads\/sites\/22\/2021\/06\/Descripcion-del-Taller-2.png\"><strong><em>Descripci\u00f3n<\/em><\/strong><\/a><\/li>\n<li>Profesor a cargo \u2013\u00a0<a href=\"https:\/\/fae.uprrp.edu\/jobsinitiative\/wp-content\/uploads\/sites\/22\/2021\/06\/Bio-Anamari-Irizarry.png\"><strong><em> Anamari Irizarry, Departamento de Comunicaci\u00f3n Empresarial<\/em><\/strong><\/a><\/li>\n<li>Fechas tentativas del <strong>Primer Semestre 2024-2025<\/strong>:\n<ul>\n<li>Viernes, 4 de octubre de 2024 (Primer Ciclo- Presencial UPRRP) \u2013 Sal\u00f3n AMO 102<\/li>\n<li>Viernes, 11 de octubre de 2024 \u00a0(Segundo Ciclo- Virtual)<\/li>\n<\/ul>\n<\/li>\n<\/ul>\n<\/li>\n<\/ul>\n<p style=\"padding-left: 40px\">2. Pensamiento cr\u00edtico, pensamiento creativo, mentalidad emprendedora y resiliencia<\/p>\n<ul>\n<li style=\"list-style-type: none\">\n<ul>\n<li><a href=\"https:\/\/fae.uprrp.edu\/jobsinitiative\/wp-content\/uploads\/sites\/22\/2021\/06\/Descripcion-del-Taller-3.png\"><strong><em>Descripci\u00f3n<\/em><\/strong><\/a><\/li>\n<li>Profesores a cargo \u2013\u00a0<a href=\"https:\/\/fae.uprrp.edu\/jobsinitiative\/wp-content\/uploads\/sites\/22\/2021\/06\/Bio-Grisel-Melendez.png\"><strong><em> Grisel Mel\u00e9ndez, Departamento de Gerencia (Presencial)<\/em><\/strong><\/a><\/li>\n<li>Fechas tentativas del <strong>Primer Semestre 2024-2025<\/strong>:\n<ul>\n<li>Viernes, 11 de octubre de 2024 (Primer Ciclo-Presencial UPRRP) \u2013 Sal\u00f3n Osuna 111<\/li>\n<li>Viernes, 18 de octubre de 2024 (Segundo Ciclo-Virtual)<\/li>\n<\/ul>\n<\/li>\n<\/ul>\n<\/li>\n<\/ul>\n<p style=\"padding-left: 40px\">3. Excelencia Operacional y Principios de la Gerencia de Proyecto<\/p>\n<ul>\n<li style=\"list-style-type: none\">\n<ul>\n<li><a href=\"https:\/\/fae.uprrp.edu\/jobsinitiative\/wp-content\/uploads\/sites\/22\/2021\/06\/Descripcion-del-Taller-5.png\"><strong><em>Descripci\u00f3n<\/em><\/strong><\/a><\/li>\n<li>Profesor a cargo \u2013\u00a0<a href=\"https:\/\/fae.uprrp.edu\/jobsinitiative\/wp-content\/uploads\/sites\/22\/2021\/06\/Bio-Segundo-Castro.png\"><strong><em> Segundo Castro, Departamento de Gerencia<\/em><\/strong><\/a><\/li>\n<li>Fechas tentativas de<strong> Primer Semestre 2024-2025<\/strong>:\n<ul>\n<li>Viernes, 18 de octubre de 2024 (Primer Ciclo-Presencial UPRRP) \u2013 Sal\u00f3n Osuna 111<\/li>\n<li>Viernes, 25 de octubre de 2024 (Segundo Ciclo-Virtual)<\/li>\n<\/ul>\n<\/li>\n<\/ul>\n<\/li>\n<\/ul>\n<p style=\"padding-left: 40px\">4. Soluci\u00f3n de conflictos, manejo de crisis, aprendizaje de por vida y destrezas de negociaci\u00f3n<\/p>\n<ul>\n<li style=\"list-style-type: none\">\n<ul>\n<li><a href=\"https:\/\/fae.uprrp.edu\/jobsinitiative\/wp-content\/uploads\/sites\/22\/2021\/06\/Descripcion-del-Taller-1.png\"><strong><em>Descripci\u00f3n\u00a0<\/em><\/strong><\/a><\/li>\n<li>Profesores a cargo \u2013\u00a0<a href=\"https:\/\/fae.uprrp.edu\/jobsinitiative\/wp-content\/uploads\/sites\/22\/2021\/06\/Bio-Carlos-Dalmau.png\"><strong><em> Carlos Dalmau, Escuela de Derecho (Presencial) y <\/em><\/strong><\/a><a style=\"font-size: 14px\" href=\"https:\/\/fae.uprrp.edu\/jobsinitiative\/wp-content\/uploads\/sites\/22\/2023\/01\/Bios-de-Jaime-Cruz-page-001-1.jpg\"><strong><em>Lcdo. Jaime Cruz P\u00e9rez, UPR-Ponce (Virtual)<\/em><\/strong><\/a><\/li>\n<li>Fechas tentativas del<strong> Primer Semestre 2024-2025<\/strong>:\n<ul>\n<li>Viernes,1 de noviembre de 2024 (Primer Ciclo-Presencial UPRRP) \u2013 Sal\u00f3n Osuna 111<\/li>\n<li>Viernes, 1 de noviembre de 2024 (Segundo Ciclo-Virtual)<\/li>\n<\/ul>\n<\/li>\n<\/ul>\n<\/li>\n<\/ul>\n<ul>\n<li style=\"list-style-type: none\">\n<ul>\n<li style=\"list-style-type: none\"><\/li>\n<\/ul>\n<\/li>\n<\/ul>\n<ol start=\"5\">\n<li>Perspicacia financiera y manejo de finanzas personales.<\/li>\n<\/ol>\n<ul>\n<li style=\"list-style-type: none\">\n<ul>\n<li><a href=\"https:\/\/fae.uprrp.edu\/jobsinitiative\/wp-content\/uploads\/sites\/22\/2021\/06\/Descripcion-del-Taller-6-1.png\"><strong><em>Descripci\u00f3n<\/em><\/strong><\/a><\/li>\n<li>Profesora a cargo \u2013\u00a0<a href=\"https:\/\/fae.uprrp.edu\/jobsinitiative\/wp-content\/uploads\/sites\/22\/2023\/01\/Bio-Karen-Castro-page-001.jpg\"><strong><em> Karen Castro, Departamento de Contabilidad<\/em><\/strong><\/a><\/li>\n<li>Fechas tentativas del<strong> Primer Semestre 2024-2025<\/strong>:\n<ul>\n<li>Viernes, 25 de octubre de 2024 \u00a0(Primer Ciclo- Presencial UPRRP) \u2013 Sal\u00f3n Osuna 111<\/li>\n<li>Viernes, 8 de noviembre de 2024 \u00a0(Segundo Ciclo-Virtual)<\/li>\n<\/ul>\n<\/li>\n<\/ul>\n<\/li>\n<\/ul>\n<ol start=\"6\">\n<li>Destrezas en tecnolog\u00edas para la soluci\u00f3n de problemas operacionales, Big Data, inteligencia artificial y redes sociales<\/li>\n<\/ol>\n<ul>\n<li style=\"list-style-type: none\">\n<ul>\n<li><a href=\"https:\/\/fae.uprrp.edu\/jobsinitiative\/wp-content\/uploads\/sites\/22\/2021\/06\/Descripcion-del-Taller-4.png\"><strong><em>Descripci\u00f3n<\/em><\/strong><\/a><\/li>\n<li>Profesor a cargo \u2013\u00a0<a href=\"https:\/\/fae.uprrp.edu\/jobsinitiative\/wp-content\/uploads\/sites\/22\/2021\/06\/Bio-Rafael-Perez.png\"><strong><em> Rafael P\u00e9rez, Departamento de Gerencia<\/em><\/strong><\/a><\/li>\n<li>Fechas tentativas del <strong>Primer Semestre 2024-2025<\/strong>:\n<ul>\n<li>Viernes, 8 de noviembre de 2024 2024 (Primer Ciclo-Presencial UPRRP) \u2013 Sal\u00f3n Osuna 111<\/li>\n<li>Viernes, 15 de noviembre de 2024 2024 (Segundo Ciclo-Virtual)<\/li>\n<\/ul>\n<\/li>\n<\/ul>\n<\/li>\n<\/ul>\n<p>Un total de 352 estudiantes han obtenido el Certificado Profesional de BofA Jobs Initiative. Se espera impactar alrededor de 400 estudiantes durante el periodo de cuatro a\u00f1os de duraci\u00f3n del proyecto. Participa!<\/p>\n<div class=\"pvc_clear\"><\/div>\n<p id=\"pvc_stats_80\" class=\"pvc_stats all  \" data-element-id=\"80\" style=\"\"><i class=\"pvc-stats-icon medium\" aria-hidden=\"true\"><svg aria-hidden=\"true\" focusable=\"false\" data-prefix=\"far\" data-icon=\"chart-bar\" role=\"img\" xmlns=\"http:\/\/www.w3.org\/2000\/svg\" viewBox=\"0 0 512 512\" class=\"svg-inline--fa fa-chart-bar fa-w-16 fa-2x\"><path fill=\"currentColor\" d=\"M396.8 352h22.4c6.4 0 12.8-6.4 12.8-12.8V108.8c0-6.4-6.4-12.8-12.8-12.8h-22.4c-6.4 0-12.8 6.4-12.8 12.8v230.4c0 6.4 6.4 12.8 12.8 12.8zm-192 0h22.4c6.4 0 12.8-6.4 12.8-12.8V140.8c0-6.4-6.4-12.8-12.8-12.8h-22.4c-6.4 0-12.8 6.4-12.8 12.8v198.4c0 6.4 6.4 12.8 12.8 12.8zm96 0h22.4c6.4 0 12.8-6.4 12.8-12.8V204.8c0-6.4-6.4-12.8-12.8-12.8h-22.4c-6.4 0-12.8 6.4-12.8 12.8v134.4c0 6.4 6.4 12.8 12.8 12.8zM496 400H48V80c0-8.84-7.16-16-16-16H16C7.16 64 0 71.16 0 80v336c0 17.67 14.33 32 32 32h464c8.84 0 16-7.16 16-16v-16c0-8.84-7.16-16-16-16zm-387.2-48h22.4c6.4 0 12.8-6.4 12.8-12.8v-70.4c0-6.4-6.4-12.8-12.8-12.8h-22.4c-6.4 0-12.8 6.4-12.8 12.8v70.4c0 6.4 6.4 12.8 12.8 12.8z\" class=\"\"><\/path><\/svg><\/i> <img loading=\"lazy\" decoding=\"async\" width=\"16\" height=\"16\" alt=\"Loading\" src=\"https:\/\/fae.uprrp.edu\/jobsinitiative\/wp-content\/plugins\/page-views-count\/ajax-loader-2x.gif\" border=0 \/><\/p>\n<div class=\"pvc_clear\"><\/div>\n","protected":false},"excerpt":{"rendered":"<p>Descripci\u00f3n de los Talleres del Certificado Profesional El Certificado Profesional en Liderazgo e Innovaci\u00f3n de Bank of America Jobs Initiative est\u00e1 compuesto por seis (6) talleres presenciales (viernes) o virtuales (viernes) de temas seleccionados por un comit\u00e9 de la industria local. Los mismos ser\u00e1n ofrecidos 6 viernes consecutivos durante el semestre en un periodo de<\/p>\n<div class=\"read-more\"><a href=\"https:\/\/fae.uprrp.edu\/jobsinitiative\/talleres-del-certificado-profesional\/\" title=\"Read More\">Read More<\/a><\/div>\n<div class=\"pvc_clear\"><\/div>\n<p id=\"pvc_stats_80\" class=\"pvc_stats all  \" data-element-id=\"80\" style=\"\"><i class=\"pvc-stats-icon medium\" aria-hidden=\"true\"><svg aria-hidden=\"true\" focusable=\"false\" data-prefix=\"far\" data-icon=\"chart-bar\" role=\"img\" xmlns=\"http:\/\/www.w3.org\/2000\/svg\" viewBox=\"0 0 512 512\" class=\"svg-inline--fa fa-chart-bar fa-w-16 fa-2x\"><path fill=\"currentColor\" d=\"M396.8 352h22.4c6.4 0 12.8-6.4 12.8-12.8V108.8c0-6.4-6.4-12.8-12.8-12.8h-22.4c-6.4 0-12.8 6.4-12.8 12.8v230.4c0 6.4 6.4 12.8 12.8 12.8zm-192 0h22.4c6.4 0 12.8-6.4 12.8-12.8V140.8c0-6.4-6.4-12.8-12.8-12.8h-22.4c-6.4 0-12.8 6.4-12.8 12.8v198.4c0 6.4 6.4 12.8 12.8 12.8zm96 0h22.4c6.4 0 12.8-6.4 12.8-12.8V204.8c0-6.4-6.4-12.8-12.8-12.8h-22.4c-6.4 0-12.8 6.4-12.8 12.8v134.4c0 6.4 6.4 12.8 12.8 12.8zM496 400H48V80c0-8.84-7.16-16-16-16H16C7.16 64 0 71.16 0 80v336c0 17.67 14.33 32 32 32h464c8.84 0 16-7.16 16-16v-16c0-8.84-7.16-16-16-16zm-387.2-48h22.4c6.4 0 12.8-6.4 12.8-12.8v-70.4c0-6.4-6.4-12.8-12.8-12.8h-22.4c-6.4 0-12.8 6.4-12.8 12.8v70.4c0 6.4 6.4 12.8 12.8 12.8z\" class=\"\"><\/path><\/svg><\/i> <img loading=\"lazy\" decoding=\"async\" width=\"16\" height=\"16\" alt=\"Loading\" src=\"https:\/\/fae.uprrp.edu\/jobsinitiative\/wp-content\/plugins\/page-views-count\/ajax-loader-2x.gif\" border=0 \/><\/p>\n<div class=\"pvc_clear\"><\/div>\n","protected":false},"author":19,"featured_media":0,"parent":0,"menu_order":0,"comment_status":"closed","ping_status":"closed","template":"","meta":{"_monsterinsights_skip_tracking":false,"_monsterinsights_sitenote_active":false,"_monsterinsights_sitenote_note":"","_monsterinsights_sitenote_category":0,"footnotes":""},"class_list":["post-80","page","type-page","status-publish"],"_links":{"self":[{"href":"https:\/\/fae.uprrp.edu\/jobsinitiative\/wp-json\/wp\/v2\/pages\/80","targetHints":{"allow":["GET"]}}],"collection":[{"href":"https:\/\/fae.uprrp.edu\/jobsinitiative\/wp-json\/wp\/v2\/pages"}],"about":[{"href":"https:\/\/fae.uprrp.edu\/jobsinitiative\/wp-json\/wp\/v2\/types\/page"}],"author":[{"embeddable":true,"href":"https:\/\/fae.uprrp.edu\/jobsinitiative\/wp-json\/wp\/v2\/users\/19"}],"replies":[{"embeddable":true,"href":"https:\/\/fae.uprrp.edu\/jobsinitiative\/wp-json\/wp\/v2\/comments?post=80"}],"version-history":[{"count":129,"href":"https:\/\/fae.uprrp.edu\/jobsinitiative\/wp-json\/wp\/v2\/pages\/80\/revisions"}],"predecessor-version":[{"id":807,"href":"https:\/\/fae.uprrp.edu\/jobsinitiative\/wp-json\/wp\/v2\/pages\/80\/revisions\/807"}],"wp:attachment":[{"href":"https:\/\/fae.uprrp.edu\/jobsinitiative\/wp-json\/wp\/v2\/media?parent=80"}],"curies":[{"name":"wp","href":"https:\/\/api.w.org\/{rel}","templated":true}]}}