{"id":8,"date":"2021-04-29T22:04:34","date_gmt":"2021-04-29T22:04:34","guid":{"rendered":"https:\/\/fae.uprrp.edu\/jobsinitiative\/?page_id=8"},"modified":"2025-04-04T14:58:43","modified_gmt":"2025-04-04T18:58:43","slug":"sobre-el-proyecto","status":"publish","type":"page","link":"https:\/\/fae.uprrp.edu\/jobsinitiative\/sobre-el-proyecto\/","title":{"rendered":"Sobre el Proyecto"},"content":{"rendered":"<p><span style=\"color: #993300\"><strong><em>Jobs Initiative<\/em> <\/strong><\/span><\/p>\n<p><em>Bank of America Jobs Initiative<\/em> es un programa de desarrollo profesional dirigido a estudiantes en desventaja econ\u00f3mica que est\u00e9n pr\u00f3ximos a completar su bachillerato en la UPR. El programa tiene como objetivo ofrecerle la capacitacio\u0301n necesaria para ingresar a la fuerza laboral y emprender su camino hacia el e\u0301xito profesional en Puerto Rico. Esta iniciativa se basa en el esfuerzo continuo de Bank of America para abordar los problemas que enfrentan las comunidades en desventaja econ\u00f3mica que se han visto afectadas de manera desproporcionada por la crisis.<\/p>\n<p>La iniciativa de $25 millones incluye asociaciones con casi dos docenas de centros universitarios y comunitarios,\u00a0 incluyendo la Universidad de Puerto Rico. Bank of America tambi\u00e9n est\u00e1 trabajando junto a <span style=\"color: #993300\"><strong><a style=\"color: #993300\" href=\"https:\/\/www.aspeninstitute.org\/\"><em>The Aspen Institute<\/em> <\/a><\/strong><\/span>y proporciona fondos a esta organizaci\u00f3n para apoyar a las instituciones de educaci\u00f3n superior participantes, con el fin de obtener asistencia t\u00e9cnica y program\u00e1tica, y compartir las mejores pr\u00e1cticas.<\/p>\n<p>La Universidad de Puerto Rico recibir\u00e1 un mill\u00f3n de d\u00f3lares en un periodo de cuatro a\u00f1os para ofrecer un Certificado Profesional y Becas para el iMBA de escasos recursos que est\u00e9n cursando su \u00faltimo semestre en alg\u00fan Recinto del sistema UPR.<\/p>\n<p>La iniciativa cuenta con el apoyo del <em><strong><span style=\"color: #993300\"><a style=\"color: #993300\" href=\"https:\/\/www.ddec.pr.gov\/programa-de-desarrollo-de-la-juventud\/\">Programa de Desarrollo de la Juventud del Departamento de Desarrollo Econ\u00f3mico y Comercio de PR (DDE<\/a><a style=\"color: #993300\" href=\"https:\/\/www.ddec.pr.gov\/programa-de-desarrollo-de-la-juventud\/\">C<\/a>)<\/span><\/strong><\/em> a trav\u00e9s de un <strong><span style=\"color: #993300\"><em><a style=\"color: #993300\" href=\"https:\/\/fae.uprrp.edu\/jobsinitiative\/wp-content\/uploads\/sites\/22\/2023\/08\/Miembros-del-Comite-Asesor-de-la-Industria-BofA-Jobs-Initiative.pdf\">Comit\u00e9 Asesor de Representantes de la Industria<\/a><\/em><\/span><\/strong> local que est\u00e1 interesada en abrir las puertas al mundo del trabajo a estudiantes de escasos recursos egresados de la UPR. El proyecto tambi\u00e9n cuenta con el apoyo de un grupo docentes de alto calibre y con vasta experiencia en la industria que estar\u00e1 preparando a los estudiantes para que tengan una transici\u00f3n exitosa de la universidad al mundo del trabajo.<\/p>\n<div class=\"pvc_clear\"><\/div>\n<p id=\"pvc_stats_8\" class=\"pvc_stats all  \" data-element-id=\"8\" style=\"\"><i class=\"pvc-stats-icon medium\" aria-hidden=\"true\"><svg aria-hidden=\"true\" focusable=\"false\" data-prefix=\"far\" data-icon=\"chart-bar\" role=\"img\" xmlns=\"http:\/\/www.w3.org\/2000\/svg\" viewBox=\"0 0 512 512\" class=\"svg-inline--fa fa-chart-bar fa-w-16 fa-2x\"><path fill=\"currentColor\" d=\"M396.8 352h22.4c6.4 0 12.8-6.4 12.8-12.8V108.8c0-6.4-6.4-12.8-12.8-12.8h-22.4c-6.4 0-12.8 6.4-12.8 12.8v230.4c0 6.4 6.4 12.8 12.8 12.8zm-192 0h22.4c6.4 0 12.8-6.4 12.8-12.8V140.8c0-6.4-6.4-12.8-12.8-12.8h-22.4c-6.4 0-12.8 6.4-12.8 12.8v198.4c0 6.4 6.4 12.8 12.8 12.8zm96 0h22.4c6.4 0 12.8-6.4 12.8-12.8V204.8c0-6.4-6.4-12.8-12.8-12.8h-22.4c-6.4 0-12.8 6.4-12.8 12.8v134.4c0 6.4 6.4 12.8 12.8 12.8zM496 400H48V80c0-8.84-7.16-16-16-16H16C7.16 64 0 71.16 0 80v336c0 17.67 14.33 32 32 32h464c8.84 0 16-7.16 16-16v-16c0-8.84-7.16-16-16-16zm-387.2-48h22.4c6.4 0 12.8-6.4 12.8-12.8v-70.4c0-6.4-6.4-12.8-12.8-12.8h-22.4c-6.4 0-12.8 6.4-12.8 12.8v70.4c0 6.4 6.4 12.8 12.8 12.8z\" class=\"\"><\/path><\/svg><\/i> <img loading=\"lazy\" decoding=\"async\" width=\"16\" height=\"16\" alt=\"Loading\" src=\"https:\/\/fae.uprrp.edu\/jobsinitiative\/wp-content\/plugins\/page-views-count\/ajax-loader-2x.gif\" border=0 \/><\/p>\n<div class=\"pvc_clear\"><\/div>\n","protected":false},"excerpt":{"rendered":"<p>Jobs Initiative Bank of America Jobs Initiative es un programa de desarrollo profesional dirigido a estudiantes en desventaja econ\u00f3mica que est\u00e9n pr\u00f3ximos a completar su bachillerato en la UPR. El programa tiene como objetivo ofrecerle la capacitacio\u0301n necesaria para ingresar a la fuerza laboral y emprender su camino hacia el e\u0301xito profesional en Puerto Rico.<\/p>\n<div class=\"read-more\"><a href=\"https:\/\/fae.uprrp.edu\/jobsinitiative\/sobre-el-proyecto\/\" title=\"Read More\">Read More<\/a><\/div>\n<div class=\"pvc_clear\"><\/div>\n<p id=\"pvc_stats_8\" class=\"pvc_stats all  \" data-element-id=\"8\" style=\"\"><i class=\"pvc-stats-icon medium\" aria-hidden=\"true\"><svg aria-hidden=\"true\" focusable=\"false\" data-prefix=\"far\" data-icon=\"chart-bar\" role=\"img\" xmlns=\"http:\/\/www.w3.org\/2000\/svg\" viewBox=\"0 0 512 512\" class=\"svg-inline--fa fa-chart-bar fa-w-16 fa-2x\"><path fill=\"currentColor\" d=\"M396.8 352h22.4c6.4 0 12.8-6.4 12.8-12.8V108.8c0-6.4-6.4-12.8-12.8-12.8h-22.4c-6.4 0-12.8 6.4-12.8 12.8v230.4c0 6.4 6.4 12.8 12.8 12.8zm-192 0h22.4c6.4 0 12.8-6.4 12.8-12.8V140.8c0-6.4-6.4-12.8-12.8-12.8h-22.4c-6.4 0-12.8 6.4-12.8 12.8v198.4c0 6.4 6.4 12.8 12.8 12.8zm96 0h22.4c6.4 0 12.8-6.4 12.8-12.8V204.8c0-6.4-6.4-12.8-12.8-12.8h-22.4c-6.4 0-12.8 6.4-12.8 12.8v134.4c0 6.4 6.4 12.8 12.8 12.8zM496 400H48V80c0-8.84-7.16-16-16-16H16C7.16 64 0 71.16 0 80v336c0 17.67 14.33 32 32 32h464c8.84 0 16-7.16 16-16v-16c0-8.84-7.16-16-16-16zm-387.2-48h22.4c6.4 0 12.8-6.4 12.8-12.8v-70.4c0-6.4-6.4-12.8-12.8-12.8h-22.4c-6.4 0-12.8 6.4-12.8 12.8v70.4c0 6.4 6.4 12.8 12.8 12.8z\" class=\"\"><\/path><\/svg><\/i> <img loading=\"lazy\" decoding=\"async\" width=\"16\" height=\"16\" alt=\"Loading\" src=\"https:\/\/fae.uprrp.edu\/jobsinitiative\/wp-content\/plugins\/page-views-count\/ajax-loader-2x.gif\" border=0 \/><\/p>\n<div class=\"pvc_clear\"><\/div>\n","protected":false},"author":19,"featured_media":0,"parent":0,"menu_order":0,"comment_status":"closed","ping_status":"closed","template":"","meta":{"_monsterinsights_skip_tracking":false,"_monsterinsights_sitenote_active":false,"_monsterinsights_sitenote_note":"","_monsterinsights_sitenote_category":0,"footnotes":""},"class_list":["post-8","page","type-page","status-publish"],"_links":{"self":[{"href":"https:\/\/fae.uprrp.edu\/jobsinitiative\/wp-json\/wp\/v2\/pages\/8","targetHints":{"allow":["GET"]}}],"collection":[{"href":"https:\/\/fae.uprrp.edu\/jobsinitiative\/wp-json\/wp\/v2\/pages"}],"about":[{"href":"https:\/\/fae.uprrp.edu\/jobsinitiative\/wp-json\/wp\/v2\/types\/page"}],"author":[{"embeddable":true,"href":"https:\/\/fae.uprrp.edu\/jobsinitiative\/wp-json\/wp\/v2\/users\/19"}],"replies":[{"embeddable":true,"href":"https:\/\/fae.uprrp.edu\/jobsinitiative\/wp-json\/wp\/v2\/comments?post=8"}],"version-history":[{"count":19,"href":"https:\/\/fae.uprrp.edu\/jobsinitiative\/wp-json\/wp\/v2\/pages\/8\/revisions"}],"predecessor-version":[{"id":823,"href":"https:\/\/fae.uprrp.edu\/jobsinitiative\/wp-json\/wp\/v2\/pages\/8\/revisions\/823"}],"wp:attachment":[{"href":"https:\/\/fae.uprrp.edu\/jobsinitiative\/wp-json\/wp\/v2\/media?parent=8"}],"curies":[{"name":"wp","href":"https:\/\/api.w.org\/{rel}","templated":true}]}}