{"id":78,"date":"2021-04-30T01:12:50","date_gmt":"2021-04-30T01:12:50","guid":{"rendered":"https:\/\/fae.uprrp.edu\/jobsinitiative\/?page_id=78"},"modified":"2021-05-06T03:54:26","modified_gmt":"2021-05-06T03:54:26","slug":"ayuda-para-cuido","status":"publish","type":"page","link":"https:\/\/fae.uprrp.edu\/jobsinitiative\/ayuda-para-cuido\/","title":{"rendered":"Ayuda para Cuido"},"content":{"rendered":"<p><span style=\"color: #993300\"><em><strong>Ayuda para Cuido de Ni\u00f1os<\/strong><\/em><\/span><\/p>\n<p>La <span style=\"color: #993300\"><a style=\"color: #993300\" href=\"https:\/\/educacion.uprrp.edu\/escuela-maternal-4\/\">Escuela Maternal de la UPR<\/a> <\/span>est\u00e1 adscrita al Departamento de Programas y Ense\u00f1anzas de la Facultad de Educaci\u00f3n. Desde sus inicios en el a\u00f1o 1947 ha funcionado como Escuela Laboratorio. En la misma se propicia un ambiente educativo de excelendibujoni\u00f1ocia para ni\u00f1os maternales y preescolares que pueda a su vez servir de centro de informaci\u00f3n y laboratorio a: los estudiantes universitarios del programa de Bachillerato en Educaci\u00f3n Preescolar, al Programa Graduado de Maestr\u00eda en Educaci\u00f3n del Ni\u00f1o de la Facultad de Educaci\u00f3n y a otros programas y dependencias universitarias; y a las entidades p\u00fablicas o privadas que as\u00ed lo soliciten. La Escuela Maternal considera a hijos de estudiantes y empleados, al igual que a cualquier otro miembro de la comunidad.<\/p>\n<p id=\"h.p_-mz0i6lITJhb\" class=\"zfr3Q\" style=\"padding-left: 40px\">Tel\u00e9fono: (787) 764-0000 ext. 89081, 89174\u00a0 \u00a0 \u00a0 \u00a0 \u00a0 \u00a0 \u00a0 \u00a0 \u00a0 \u00a0 \u00a0 \u00a0 \u00a0 \u00a0 \u00a0 \u00a0 \u00a0 \u00a0 \u00a0 \u00a0 \u00a0 \u00a0 \u00a0 \u00a0 \u00a0 \u00a0 \u00a0 \u00a0 \u00a0 \u00a0 \u00a0 \u00a0 \u00a0 \u00a0 \u00a0 \u00a0 \u00a0 \u00a0 \u00a0 \u00a0 \u00a0 \u00a0 \u00a0 \u00a0 \u00a0 \u00a0 \u00a0 \u00a0 \u00a0 \u00a0 \u00a0 \u00a0 \u00a0 e-mail:\u00a0escuela.maternalrp@upr.edu<\/p>\n<div class=\"pvc_clear\"><\/div>\n<p id=\"pvc_stats_78\" class=\"pvc_stats all  \" data-element-id=\"78\" style=\"\"><i class=\"pvc-stats-icon medium\" aria-hidden=\"true\"><svg aria-hidden=\"true\" focusable=\"false\" data-prefix=\"far\" data-icon=\"chart-bar\" role=\"img\" xmlns=\"http:\/\/www.w3.org\/2000\/svg\" viewBox=\"0 0 512 512\" class=\"svg-inline--fa fa-chart-bar fa-w-16 fa-2x\"><path fill=\"currentColor\" d=\"M396.8 352h22.4c6.4 0 12.8-6.4 12.8-12.8V108.8c0-6.4-6.4-12.8-12.8-12.8h-22.4c-6.4 0-12.8 6.4-12.8 12.8v230.4c0 6.4 6.4 12.8 12.8 12.8zm-192 0h22.4c6.4 0 12.8-6.4 12.8-12.8V140.8c0-6.4-6.4-12.8-12.8-12.8h-22.4c-6.4 0-12.8 6.4-12.8 12.8v198.4c0 6.4 6.4 12.8 12.8 12.8zm96 0h22.4c6.4 0 12.8-6.4 12.8-12.8V204.8c0-6.4-6.4-12.8-12.8-12.8h-22.4c-6.4 0-12.8 6.4-12.8 12.8v134.4c0 6.4 6.4 12.8 12.8 12.8zM496 400H48V80c0-8.84-7.16-16-16-16H16C7.16 64 0 71.16 0 80v336c0 17.67 14.33 32 32 32h464c8.84 0 16-7.16 16-16v-16c0-8.84-7.16-16-16-16zm-387.2-48h22.4c6.4 0 12.8-6.4 12.8-12.8v-70.4c0-6.4-6.4-12.8-12.8-12.8h-22.4c-6.4 0-12.8 6.4-12.8 12.8v70.4c0 6.4 6.4 12.8 12.8 12.8z\" class=\"\"><\/path><\/svg><\/i> <img loading=\"lazy\" decoding=\"async\" width=\"16\" height=\"16\" alt=\"Loading\" src=\"https:\/\/fae.uprrp.edu\/jobsinitiative\/wp-content\/plugins\/page-views-count\/ajax-loader-2x.gif\" border=0 \/><\/p>\n<div class=\"pvc_clear\"><\/div>\n","protected":false},"excerpt":{"rendered":"<p>Ayuda para Cuido de Ni\u00f1os La Escuela Maternal de la UPR est\u00e1 adscrita al Departamento de Programas y Ense\u00f1anzas de la Facultad de Educaci\u00f3n. Desde sus inicios en el a\u00f1o 1947 ha funcionado como Escuela Laboratorio. En la misma se propicia un ambiente educativo de excelendibujoni\u00f1ocia para ni\u00f1os maternales y preescolares que pueda a su<\/p>\n<div class=\"read-more\"><a href=\"https:\/\/fae.uprrp.edu\/jobsinitiative\/ayuda-para-cuido\/\" title=\"Read More\">Read More<\/a><\/div>\n<div class=\"pvc_clear\"><\/div>\n<p id=\"pvc_stats_78\" class=\"pvc_stats all  \" data-element-id=\"78\" style=\"\"><i class=\"pvc-stats-icon medium\" aria-hidden=\"true\"><svg aria-hidden=\"true\" focusable=\"false\" data-prefix=\"far\" data-icon=\"chart-bar\" role=\"img\" xmlns=\"http:\/\/www.w3.org\/2000\/svg\" viewBox=\"0 0 512 512\" class=\"svg-inline--fa fa-chart-bar fa-w-16 fa-2x\"><path fill=\"currentColor\" d=\"M396.8 352h22.4c6.4 0 12.8-6.4 12.8-12.8V108.8c0-6.4-6.4-12.8-12.8-12.8h-22.4c-6.4 0-12.8 6.4-12.8 12.8v230.4c0 6.4 6.4 12.8 12.8 12.8zm-192 0h22.4c6.4 0 12.8-6.4 12.8-12.8V140.8c0-6.4-6.4-12.8-12.8-12.8h-22.4c-6.4 0-12.8 6.4-12.8 12.8v198.4c0 6.4 6.4 12.8 12.8 12.8zm96 0h22.4c6.4 0 12.8-6.4 12.8-12.8V204.8c0-6.4-6.4-12.8-12.8-12.8h-22.4c-6.4 0-12.8 6.4-12.8 12.8v134.4c0 6.4 6.4 12.8 12.8 12.8zM496 400H48V80c0-8.84-7.16-16-16-16H16C7.16 64 0 71.16 0 80v336c0 17.67 14.33 32 32 32h464c8.84 0 16-7.16 16-16v-16c0-8.84-7.16-16-16-16zm-387.2-48h22.4c6.4 0 12.8-6.4 12.8-12.8v-70.4c0-6.4-6.4-12.8-12.8-12.8h-22.4c-6.4 0-12.8 6.4-12.8 12.8v70.4c0 6.4 6.4 12.8 12.8 12.8z\" class=\"\"><\/path><\/svg><\/i> <img loading=\"lazy\" decoding=\"async\" width=\"16\" height=\"16\" alt=\"Loading\" src=\"https:\/\/fae.uprrp.edu\/jobsinitiative\/wp-content\/plugins\/page-views-count\/ajax-loader-2x.gif\" border=0 \/><\/p>\n<div class=\"pvc_clear\"><\/div>\n","protected":false},"author":19,"featured_media":0,"parent":0,"menu_order":0,"comment_status":"closed","ping_status":"closed","template":"","meta":{"_monsterinsights_skip_tracking":false,"_monsterinsights_sitenote_active":false,"_monsterinsights_sitenote_note":"","_monsterinsights_sitenote_category":0,"footnotes":""},"class_list":["post-78","page","type-page","status-publish"],"_links":{"self":[{"href":"https:\/\/fae.uprrp.edu\/jobsinitiative\/wp-json\/wp\/v2\/pages\/78","targetHints":{"allow":["GET"]}}],"collection":[{"href":"https:\/\/fae.uprrp.edu\/jobsinitiative\/wp-json\/wp\/v2\/pages"}],"about":[{"href":"https:\/\/fae.uprrp.edu\/jobsinitiative\/wp-json\/wp\/v2\/types\/page"}],"author":[{"embeddable":true,"href":"https:\/\/fae.uprrp.edu\/jobsinitiative\/wp-json\/wp\/v2\/users\/19"}],"replies":[{"embeddable":true,"href":"https:\/\/fae.uprrp.edu\/jobsinitiative\/wp-json\/wp\/v2\/comments?post=78"}],"version-history":[{"count":4,"href":"https:\/\/fae.uprrp.edu\/jobsinitiative\/wp-json\/wp\/v2\/pages\/78\/revisions"}],"predecessor-version":[{"id":249,"href":"https:\/\/fae.uprrp.edu\/jobsinitiative\/wp-json\/wp\/v2\/pages\/78\/revisions\/249"}],"wp:attachment":[{"href":"https:\/\/fae.uprrp.edu\/jobsinitiative\/wp-json\/wp\/v2\/media?parent=78"}],"curies":[{"name":"wp","href":"https:\/\/api.w.org\/{rel}","templated":true}]}}