{"id":69,"date":"2021-04-30T01:07:22","date_gmt":"2021-04-30T01:07:22","guid":{"rendered":"https:\/\/fae.uprrp.edu\/jobsinitiative\/?page_id=69"},"modified":"2021-05-05T05:09:36","modified_gmt":"2021-05-05T05:09:36","slug":"asesoria-academica","status":"publish","type":"page","link":"https:\/\/fae.uprrp.edu\/jobsinitiative\/asesoria-academica\/","title":{"rendered":"Asesor\u00eda Acad\u00e9mica"},"content":{"rendered":"<p><span style=\"color: #993300\"><em><strong>Asesor\u00eda Acad\u00e9mica<\/strong><\/em><\/span><\/p>\n<p>Los servicios de asesor\u00eda acad\u00e9mica se brindan a trav\u00e9s de profesores adscritos a las Facultades o Escuelas. Estos servicios van dirigidos a apoyar a los estudintes en decisiones relacionadas a los cursos que debe tomar, concentraciones, grados\u00a0 acad\u00e9micos o carreras profesionales. Cada Facultad o Escuela ofrece estos servicios de forma diferente. En algunos casos, hay profesores asignados para estos fines. Sin embargo, la asesor\u00eda acad\u00e9mica est\u00e1 entre las funciones inherentes del profesor, por lo que puedes dialogar con cualquier profesor de tu preferencia.<\/p>\n<p>Para identificar los asesores acad\u00e9micos de tu Facultad o Escuela puedes contactar al Director de Departamento o al Decano(a) Auxiliar\/Coordinador de Asuntos Estudiantiles. Adem\u00e1s de identificar los asesores acad\u00e9micos, estas personas son las que tambi\u00e9n pueden darte detalles relacionados\u00a0 a los procesos de matr\u00edcula, evaluaci\u00f3nes acad\u00e9micas, cambios de concentraci\u00f3n o facultad, entre otros.\u00a0 A continuaci\u00f3n la informaci\u00f3n de contacto de los Decanos(as) Auxiliares\/Coordinadores de Asuntos Estudiantiles:<\/p>\n<table style=\"height: 862px\" width=\"680\">\n<tbody>\n<tr>\n<td width=\"246\"><span style=\"color: #993300\"><strong>FACULTAD\/ESCUELA<\/strong><\/span><\/td>\n<td width=\"176\"><span style=\"color: #993300\"><strong>NOMBRE DECANO(A) AUXILIAR\/COORDINADOR<\/strong><\/span><\/td>\n<td width=\"179\"><span style=\"color: #993300\"><strong>EMAIL<\/strong><\/span><\/td>\n<td width=\"77\"><span style=\"color: #993300\"><strong>EXT. TEL.<\/strong><\/span><\/td>\n<\/tr>\n<tr>\n<td width=\"246\"><strong>Facultad de Administraci\u00f3n de Empresas<\/strong><\/td>\n<td width=\"176\">Jeannette Cab\u00e1n Morales<\/td>\n<td width=\"179\"><a href=\"mailto:jeannette.caban1@upr.edu\">jeannette.caban1@upr.edu<\/a><\/p>\n<p>estudiantes.fae@upr.edu<\/td>\n<td width=\"77\">87026<\/td>\n<\/tr>\n<tr>\n<td width=\"246\"><strong>Escuela de Arquitectura<\/strong><\/td>\n<td width=\"176\">Anixa Gonz\u00e1lez R\u00edos<\/td>\n<td width=\"179\">anixa.gonzalez1@upr.edu<\/td>\n<td width=\"77\">87896<\/td>\n<\/tr>\n<tr>\n<td width=\"246\"><strong>Facultad de Ciencias Naturales<\/strong><\/td>\n<td width=\"176\">Agnes V\u00e1zquez<\/td>\n<td width=\"179\">agnes.vazquez2@upr.edu<\/td>\n<td width=\"77\">87937<\/p>\n<p>&nbsp;<\/td>\n<\/tr>\n<tr>\n<td width=\"246\"><strong>Escuela de Comunicaci\u00f3n<\/strong><\/td>\n<td width=\"176\">Esther Burgos Ostolaza<\/td>\n<td width=\"179\">esther.burgos@upr.edu<\/td>\n<td width=\"77\">85324<\/td>\n<\/tr>\n<tr>\n<td width=\"246\"><strong>Facultad de Educaci\u00f3n<\/strong><\/td>\n<td width=\"176\">Gabriel Ramos Cort\u00e9s<\/td>\n<td width=\"179\">gabriel.ramos3@upr.edu<\/td>\n<td width=\"77\">89020<\/p>\n<p>&nbsp;<\/td>\n<\/tr>\n<tr>\n<td width=\"246\"><strong>Facultad de Ciencias Sociales<\/strong><\/td>\n<td width=\"176\">Julio Calder\u00f3n<\/td>\n<td width=\"179\">julio.calderon@upr.edu<\/td>\n<td width=\"77\">87349<\/p>\n<p>&nbsp;<\/td>\n<\/tr>\n<tr>\n<td width=\"246\"><strong>Escuela de Derecho<\/strong><\/td>\n<td width=\"176\">Keyla Souss Freytes<\/td>\n<td width=\"179\">keila.souss@upr.edu<\/td>\n<td width=\"77\">9563<\/td>\n<\/tr>\n<tr>\n<td width=\"246\"><strong>Facultad de Humanidades<\/strong><\/td>\n<td width=\"176\">Julissa Rodr\u00edguez Rivera<\/td>\n<td width=\"179\">humanidades.rrp@upr.edu julissa.rodriguez@upr.edu<\/td>\n<td width=\"77\">89384<\/td>\n<\/tr>\n<tr>\n<td width=\"246\"><strong>Facultad de Estudios Generales<\/strong><\/td>\n<td width=\"176\">Virgenmarie Vega Zayas<\/td>\n<td width=\"179\">virgenmarie.vega@upr.edu<\/td>\n<td width=\"77\">88624<\/td>\n<\/tr>\n<\/tbody>\n<\/table>\n<div class=\"pvc_clear\"><\/div>\n<p id=\"pvc_stats_69\" class=\"pvc_stats all  \" data-element-id=\"69\" style=\"\"><i class=\"pvc-stats-icon medium\" aria-hidden=\"true\"><svg aria-hidden=\"true\" focusable=\"false\" data-prefix=\"far\" data-icon=\"chart-bar\" role=\"img\" xmlns=\"http:\/\/www.w3.org\/2000\/svg\" viewBox=\"0 0 512 512\" class=\"svg-inline--fa fa-chart-bar fa-w-16 fa-2x\"><path fill=\"currentColor\" d=\"M396.8 352h22.4c6.4 0 12.8-6.4 12.8-12.8V108.8c0-6.4-6.4-12.8-12.8-12.8h-22.4c-6.4 0-12.8 6.4-12.8 12.8v230.4c0 6.4 6.4 12.8 12.8 12.8zm-192 0h22.4c6.4 0 12.8-6.4 12.8-12.8V140.8c0-6.4-6.4-12.8-12.8-12.8h-22.4c-6.4 0-12.8 6.4-12.8 12.8v198.4c0 6.4 6.4 12.8 12.8 12.8zm96 0h22.4c6.4 0 12.8-6.4 12.8-12.8V204.8c0-6.4-6.4-12.8-12.8-12.8h-22.4c-6.4 0-12.8 6.4-12.8 12.8v134.4c0 6.4 6.4 12.8 12.8 12.8zM496 400H48V80c0-8.84-7.16-16-16-16H16C7.16 64 0 71.16 0 80v336c0 17.67 14.33 32 32 32h464c8.84 0 16-7.16 16-16v-16c0-8.84-7.16-16-16-16zm-387.2-48h22.4c6.4 0 12.8-6.4 12.8-12.8v-70.4c0-6.4-6.4-12.8-12.8-12.8h-22.4c-6.4 0-12.8 6.4-12.8 12.8v70.4c0 6.4 6.4 12.8 12.8 12.8z\" class=\"\"><\/path><\/svg><\/i> <img loading=\"lazy\" decoding=\"async\" width=\"16\" height=\"16\" alt=\"Loading\" src=\"https:\/\/fae.uprrp.edu\/jobsinitiative\/wp-content\/plugins\/page-views-count\/ajax-loader-2x.gif\" border=0 \/><\/p>\n<div class=\"pvc_clear\"><\/div>\n","protected":false},"excerpt":{"rendered":"<p>Asesor\u00eda Acad\u00e9mica Los servicios de asesor\u00eda acad\u00e9mica se brindan a trav\u00e9s de profesores adscritos a las Facultades o Escuelas. Estos servicios van dirigidos a apoyar a los estudintes en decisiones relacionadas a los cursos que debe tomar, concentraciones, grados\u00a0 acad\u00e9micos o carreras profesionales. Cada Facultad o Escuela ofrece estos servicios de forma diferente. En algunos<\/p>\n<div class=\"read-more\"><a href=\"https:\/\/fae.uprrp.edu\/jobsinitiative\/asesoria-academica\/\" title=\"Read More\">Read More<\/a><\/div>\n<div class=\"pvc_clear\"><\/div>\n<p id=\"pvc_stats_69\" class=\"pvc_stats all  \" data-element-id=\"69\" style=\"\"><i class=\"pvc-stats-icon medium\" aria-hidden=\"true\"><svg aria-hidden=\"true\" focusable=\"false\" data-prefix=\"far\" data-icon=\"chart-bar\" role=\"img\" xmlns=\"http:\/\/www.w3.org\/2000\/svg\" viewBox=\"0 0 512 512\" class=\"svg-inline--fa fa-chart-bar fa-w-16 fa-2x\"><path fill=\"currentColor\" d=\"M396.8 352h22.4c6.4 0 12.8-6.4 12.8-12.8V108.8c0-6.4-6.4-12.8-12.8-12.8h-22.4c-6.4 0-12.8 6.4-12.8 12.8v230.4c0 6.4 6.4 12.8 12.8 12.8zm-192 0h22.4c6.4 0 12.8-6.4 12.8-12.8V140.8c0-6.4-6.4-12.8-12.8-12.8h-22.4c-6.4 0-12.8 6.4-12.8 12.8v198.4c0 6.4 6.4 12.8 12.8 12.8zm96 0h22.4c6.4 0 12.8-6.4 12.8-12.8V204.8c0-6.4-6.4-12.8-12.8-12.8h-22.4c-6.4 0-12.8 6.4-12.8 12.8v134.4c0 6.4 6.4 12.8 12.8 12.8zM496 400H48V80c0-8.84-7.16-16-16-16H16C7.16 64 0 71.16 0 80v336c0 17.67 14.33 32 32 32h464c8.84 0 16-7.16 16-16v-16c0-8.84-7.16-16-16-16zm-387.2-48h22.4c6.4 0 12.8-6.4 12.8-12.8v-70.4c0-6.4-6.4-12.8-12.8-12.8h-22.4c-6.4 0-12.8 6.4-12.8 12.8v70.4c0 6.4 6.4 12.8 12.8 12.8z\" class=\"\"><\/path><\/svg><\/i> <img loading=\"lazy\" decoding=\"async\" width=\"16\" height=\"16\" alt=\"Loading\" src=\"https:\/\/fae.uprrp.edu\/jobsinitiative\/wp-content\/plugins\/page-views-count\/ajax-loader-2x.gif\" border=0 \/><\/p>\n<div class=\"pvc_clear\"><\/div>\n","protected":false},"author":19,"featured_media":0,"parent":0,"menu_order":0,"comment_status":"closed","ping_status":"closed","template":"","meta":{"_monsterinsights_skip_tracking":false,"_monsterinsights_sitenote_active":false,"_monsterinsights_sitenote_note":"","_monsterinsights_sitenote_category":0,"footnotes":""},"class_list":["post-69","page","type-page","status-publish"],"_links":{"self":[{"href":"https:\/\/fae.uprrp.edu\/jobsinitiative\/wp-json\/wp\/v2\/pages\/69","targetHints":{"allow":["GET"]}}],"collection":[{"href":"https:\/\/fae.uprrp.edu\/jobsinitiative\/wp-json\/wp\/v2\/pages"}],"about":[{"href":"https:\/\/fae.uprrp.edu\/jobsinitiative\/wp-json\/wp\/v2\/types\/page"}],"author":[{"embeddable":true,"href":"https:\/\/fae.uprrp.edu\/jobsinitiative\/wp-json\/wp\/v2\/users\/19"}],"replies":[{"embeddable":true,"href":"https:\/\/fae.uprrp.edu\/jobsinitiative\/wp-json\/wp\/v2\/comments?post=69"}],"version-history":[{"count":7,"href":"https:\/\/fae.uprrp.edu\/jobsinitiative\/wp-json\/wp\/v2\/pages\/69\/revisions"}],"predecessor-version":[{"id":205,"href":"https:\/\/fae.uprrp.edu\/jobsinitiative\/wp-json\/wp\/v2\/pages\/69\/revisions\/205"}],"wp:attachment":[{"href":"https:\/\/fae.uprrp.edu\/jobsinitiative\/wp-json\/wp\/v2\/media?parent=69"}],"curies":[{"name":"wp","href":"https:\/\/api.w.org\/{rel}","templated":true}]}}