{"id":67,"date":"2021-04-30T01:04:42","date_gmt":"2021-04-30T01:04:42","guid":{"rendered":"https:\/\/fae.uprrp.edu\/jobsinitiative\/?page_id=67"},"modified":"2021-06-09T23:53:13","modified_gmt":"2021-06-10T03:53:13","slug":"busqueda-de-empleo","status":"publish","type":"page","link":"https:\/\/fae.uprrp.edu\/jobsinitiative\/busqueda-de-empleo\/","title":{"rendered":"B\u00fasqueda de Empleo"},"content":{"rendered":"<p><span style=\"color: #993300\"><em><strong>B\u00fasqueda de Empleo o Internados<\/strong><\/em><\/span><\/p>\n<p>La transici\u00f3n al mundo del trabajo puede resultar dif\u00edcil para muchos. Es por eso que debes prepararte de antemano creando tu resume, prepar\u00e1ndote para las entrevistas de empleo o para internados que te ofrezcan experiencia pr\u00e1ctica. Una vez est\u00e1s listo para la b\u00fasqueda, necesitas saber d\u00f3nde puedes encontrar oportunidades de empleo. A continuaci\u00f3n te damos las herramientas y enlaces que necesistas para lograr tu meta: conseguir un empleo o un internado.<\/p>\n<ul>\n<li>Prepara y edita bien tu Resume Profesional\n<ul>\n<li><a href=\"https:\/\/fae.uprrp.edu\/jobsinitiative\/wp-content\/uploads\/sites\/22\/2021\/05\/1-Resume-Template-en-Espanol.docx\"><span style=\"color: #993300\">Modelo de Resume en Word &#8211; Versi\u00f3n en espa\u00f1ol<\/span><\/a><\/li>\n<li><span style=\"color: #993300\"><a style=\"color: #993300\" href=\"https:\/\/fae.uprrp.edu\/jobsinitiative\/wp-content\/uploads\/sites\/22\/2021\/05\/1-Resume-Template-en-Ingles.docx\">Modelo de Resume en Word &#8211; Versi\u00f3n en ingl\u00e9s<\/a><\/span><\/li>\n<li><span style=\"color: #993300\"><a style=\"color: #993300\" href=\"https:\/\/fae.uprrp.edu\/jobsinitiative\/wp-content\/uploads\/sites\/22\/2021\/05\/Recomendaciones-para-Construir-el-Resume-Profesional-Abril-2021-1.pdf\">Recomendaciones para la creaci\u00f3n de tu resume profesional<\/a><\/span><\/li>\n<\/ul>\n<\/li>\n<li>Crea una cuenta en la red profesional de <em><span style=\"color: #993300\"><a style=\"color: #993300\" href=\"https:\/\/www.linkedin.com\/login\">LinkedIn<\/a><\/span><\/em><\/li>\n<li>\u00a0Prep\u00e1rate para la entrevista de empleo o internado\n<ul>\n<li>Busca informaci\u00f3n sobre la compa\u00f1\u00eda <em>antes<\/em> de la entrevista a trav\u00e9s de la Internet<\/li>\n<li>Estudia ejemplos de preguntas para una entrevista para que pienses de antemano lo que vas a responder.\n<ul>\n<li><span style=\"color: #993300\"><a style=\"color: #993300\" href=\"https:\/\/fae.uprrp.edu\/jobsinitiative\/wp-content\/uploads\/sites\/22\/2021\/05\/Ejemplos-de-Preguntas-para-las-Entrevistas-de-Comportamiento.pdf\">Ejemplos de preguntas para la entrevista en espa\u00f1ol<\/a><\/span><\/li>\n<li><a href=\"https:\/\/fae.uprrp.edu\/jobsinitiative\/wp-content\/uploads\/sites\/22\/2021\/05\/Examples-of-Behavioral-Questions-26-sept-2016.pdf\"><span style=\"color: #993300\">Ejemplos de preguntas para la entrevista en ingl\u00e9s<\/span><\/a><\/li>\n<\/ul>\n<\/li>\n<li>Durante la entrevista, te pueden formular alguna pregunta en ingl\u00e9s. Piensa las respuestas a las preguntas de la entrevista en espa\u00f1ol e ingl\u00e9s.<\/li>\n<\/ul>\n<\/li>\n<li>Suscr\u00edbete a las redes donde puedes buscar oportunidades de empleo\n<ul>\n<li><span style=\"color: #993300\"><a style=\"color: #993300\" href=\"https:\/\/estudiantes.uprrp.edu\/programa-de-reclutamiento-y-retencion-para-el-exito-estudiantil\/\">Oficina de Empleo de la UPRRP<\/a><\/span>\n<ul>\n<li>Facebook: Empleo UPR RP<\/li>\n<\/ul>\n<\/li>\n<li><span style=\"color: #993300\"><a style=\"color: #993300\" href=\"https:\/\/fae.uprrp.edu\/enlace\/\">Programa Enlace de la FAE-UPRRP<\/a><\/span>\n<ul>\n<li><span style=\"color: #993300\"><a style=\"color: #993300\" href=\"https:\/\/upr.joinhandshake.com\/login\">Handshake<\/a><\/span><\/li>\n<li>Facebook: Programa Enlace FAE UPRP<\/li>\n<li>LinkedIn: Programa Enlace FAE<\/li>\n<li>Twitter:\u00a0 \u00a0@ENLACE_UPR_RP<\/li>\n<\/ul>\n<\/li>\n<\/ul>\n<\/li>\n<li>Realiza b\u00fasquedas en la web en las plataformas de b\u00fasqueda de empleo, tales como:\n<ul>\n<li><span style=\"color: #993300\"><a style=\"color: #993300\" href=\"http:\/\/adeccopr.com\/\">Adecco-PR<\/a><\/span><\/li>\n<li><span style=\"color: #993300\"><a style=\"color: #993300\" href=\"https:\/\/www.careeronestop.org\/JobSearch\/job-search.aspx?frd=true\">CareerOnestop<\/a><\/span><\/li>\n<li><span style=\"color: #993300\"><a style=\"color: #993300\" href=\"https:\/\/clasificadospr.com\/listings\/empleos\">ClasificadosPR<\/a><\/span><\/li>\n<li><a href=\"http:\/\/www.ctspr.com\/\"><span style=\"color: #993300\">CTS-PR<\/span><\/a><\/li>\n<li><a href=\"http:\/\/www.dla.mil\/Careers\/\"><span style=\"color: #993300\">DLA (Gobierno Federal)<\/span><\/a><\/li>\n<li><span style=\"color: #993300\"><a style=\"color: #993300\" href=\"https:\/\/www.glassdoor.com\/index.htm\">Glassdoor<\/a><\/span><\/li>\n<li><span style=\"color: #993300\"><a style=\"color: #993300\" href=\"https:\/\/www.indeed.com\/\">Indeed<\/a><\/span><\/li>\n<li><a href=\"http:\/\/www.kellyservices.com.pr\/\"><span style=\"color: #993300\">Kelly Services<\/span><\/a><\/li>\n<li><span style=\"color: #993300\"><a style=\"color: #993300\" href=\"https:\/\/www.monster.com\/jobs\/search\/\">Monster<\/a><\/span><\/li>\n<li><span style=\"color: #993300\"><a style=\"color: #993300\" href=\"https:\/\/puertorico.usnlx.com\/\">PR Job Bank<\/a><\/span><\/li>\n<li><span style=\"color: #993300\"><a style=\"color: #993300\" href=\"https:\/\/www.usajobs.gov\/\">USA Jobs (Gobierno Federal)<\/a><\/span><\/li>\n<\/ul>\n<\/li>\n<li>Identifica las compa\u00f1\u00edas que te interesa trabajar,\u00a0 busca sus sitios en la Web y revisa las pesta\u00f1as de &#8220;jobs&#8221; o \u201ccareers\u201d.<\/li>\n<\/ul>\n<p>&nbsp;<\/p>\n<div class=\"pvc_clear\"><\/div>\n<p id=\"pvc_stats_67\" class=\"pvc_stats all  \" data-element-id=\"67\" style=\"\"><i class=\"pvc-stats-icon medium\" aria-hidden=\"true\"><svg aria-hidden=\"true\" focusable=\"false\" data-prefix=\"far\" data-icon=\"chart-bar\" role=\"img\" xmlns=\"http:\/\/www.w3.org\/2000\/svg\" viewBox=\"0 0 512 512\" class=\"svg-inline--fa fa-chart-bar fa-w-16 fa-2x\"><path fill=\"currentColor\" d=\"M396.8 352h22.4c6.4 0 12.8-6.4 12.8-12.8V108.8c0-6.4-6.4-12.8-12.8-12.8h-22.4c-6.4 0-12.8 6.4-12.8 12.8v230.4c0 6.4 6.4 12.8 12.8 12.8zm-192 0h22.4c6.4 0 12.8-6.4 12.8-12.8V140.8c0-6.4-6.4-12.8-12.8-12.8h-22.4c-6.4 0-12.8 6.4-12.8 12.8v198.4c0 6.4 6.4 12.8 12.8 12.8zm96 0h22.4c6.4 0 12.8-6.4 12.8-12.8V204.8c0-6.4-6.4-12.8-12.8-12.8h-22.4c-6.4 0-12.8 6.4-12.8 12.8v134.4c0 6.4 6.4 12.8 12.8 12.8zM496 400H48V80c0-8.84-7.16-16-16-16H16C7.16 64 0 71.16 0 80v336c0 17.67 14.33 32 32 32h464c8.84 0 16-7.16 16-16v-16c0-8.84-7.16-16-16-16zm-387.2-48h22.4c6.4 0 12.8-6.4 12.8-12.8v-70.4c0-6.4-6.4-12.8-12.8-12.8h-22.4c-6.4 0-12.8 6.4-12.8 12.8v70.4c0 6.4 6.4 12.8 12.8 12.8z\" class=\"\"><\/path><\/svg><\/i> <img loading=\"lazy\" decoding=\"async\" width=\"16\" height=\"16\" alt=\"Loading\" src=\"https:\/\/fae.uprrp.edu\/jobsinitiative\/wp-content\/plugins\/page-views-count\/ajax-loader-2x.gif\" border=0 \/><\/p>\n<div class=\"pvc_clear\"><\/div>\n","protected":false},"excerpt":{"rendered":"<p>B\u00fasqueda de Empleo o Internados La transici\u00f3n al mundo del trabajo puede resultar dif\u00edcil para muchos. Es por eso que debes prepararte de antemano creando tu resume, prepar\u00e1ndote para las entrevistas de empleo o para internados que te ofrezcan experiencia pr\u00e1ctica. Una vez est\u00e1s listo para la b\u00fasqueda, necesitas saber d\u00f3nde puedes encontrar oportunidades de<\/p>\n<div class=\"read-more\"><a href=\"https:\/\/fae.uprrp.edu\/jobsinitiative\/busqueda-de-empleo\/\" title=\"Read More\">Read More<\/a><\/div>\n<div class=\"pvc_clear\"><\/div>\n<p id=\"pvc_stats_67\" class=\"pvc_stats all  \" data-element-id=\"67\" style=\"\"><i class=\"pvc-stats-icon medium\" aria-hidden=\"true\"><svg aria-hidden=\"true\" focusable=\"false\" data-prefix=\"far\" data-icon=\"chart-bar\" role=\"img\" xmlns=\"http:\/\/www.w3.org\/2000\/svg\" viewBox=\"0 0 512 512\" class=\"svg-inline--fa fa-chart-bar fa-w-16 fa-2x\"><path fill=\"currentColor\" d=\"M396.8 352h22.4c6.4 0 12.8-6.4 12.8-12.8V108.8c0-6.4-6.4-12.8-12.8-12.8h-22.4c-6.4 0-12.8 6.4-12.8 12.8v230.4c0 6.4 6.4 12.8 12.8 12.8zm-192 0h22.4c6.4 0 12.8-6.4 12.8-12.8V140.8c0-6.4-6.4-12.8-12.8-12.8h-22.4c-6.4 0-12.8 6.4-12.8 12.8v198.4c0 6.4 6.4 12.8 12.8 12.8zm96 0h22.4c6.4 0 12.8-6.4 12.8-12.8V204.8c0-6.4-6.4-12.8-12.8-12.8h-22.4c-6.4 0-12.8 6.4-12.8 12.8v134.4c0 6.4 6.4 12.8 12.8 12.8zM496 400H48V80c0-8.84-7.16-16-16-16H16C7.16 64 0 71.16 0 80v336c0 17.67 14.33 32 32 32h464c8.84 0 16-7.16 16-16v-16c0-8.84-7.16-16-16-16zm-387.2-48h22.4c6.4 0 12.8-6.4 12.8-12.8v-70.4c0-6.4-6.4-12.8-12.8-12.8h-22.4c-6.4 0-12.8 6.4-12.8 12.8v70.4c0 6.4 6.4 12.8 12.8 12.8z\" class=\"\"><\/path><\/svg><\/i> <img loading=\"lazy\" decoding=\"async\" width=\"16\" height=\"16\" alt=\"Loading\" src=\"https:\/\/fae.uprrp.edu\/jobsinitiative\/wp-content\/plugins\/page-views-count\/ajax-loader-2x.gif\" border=0 \/><\/p>\n<div class=\"pvc_clear\"><\/div>\n","protected":false},"author":19,"featured_media":0,"parent":0,"menu_order":0,"comment_status":"closed","ping_status":"closed","template":"","meta":{"_monsterinsights_skip_tracking":false,"_monsterinsights_sitenote_active":false,"_monsterinsights_sitenote_note":"","_monsterinsights_sitenote_category":0,"footnotes":""},"class_list":["post-67","page","type-page","status-publish"],"_links":{"self":[{"href":"https:\/\/fae.uprrp.edu\/jobsinitiative\/wp-json\/wp\/v2\/pages\/67","targetHints":{"allow":["GET"]}}],"collection":[{"href":"https:\/\/fae.uprrp.edu\/jobsinitiative\/wp-json\/wp\/v2\/pages"}],"about":[{"href":"https:\/\/fae.uprrp.edu\/jobsinitiative\/wp-json\/wp\/v2\/types\/page"}],"author":[{"embeddable":true,"href":"https:\/\/fae.uprrp.edu\/jobsinitiative\/wp-json\/wp\/v2\/users\/19"}],"replies":[{"embeddable":true,"href":"https:\/\/fae.uprrp.edu\/jobsinitiative\/wp-json\/wp\/v2\/comments?post=67"}],"version-history":[{"count":17,"href":"https:\/\/fae.uprrp.edu\/jobsinitiative\/wp-json\/wp\/v2\/pages\/67\/revisions"}],"predecessor-version":[{"id":349,"href":"https:\/\/fae.uprrp.edu\/jobsinitiative\/wp-json\/wp\/v2\/pages\/67\/revisions\/349"}],"wp:attachment":[{"href":"https:\/\/fae.uprrp.edu\/jobsinitiative\/wp-json\/wp\/v2\/media?parent=67"}],"curies":[{"name":"wp","href":"https:\/\/api.w.org\/{rel}","templated":true}]}}