{"id":501,"date":"2022-01-30T21:54:33","date_gmt":"2022-01-31T01:54:33","guid":{"rendered":"https:\/\/fae.uprrp.edu\/jobsinitiative\/?page_id=501"},"modified":"2022-02-02T16:21:44","modified_gmt":"2022-02-02T20:21:44","slug":"comentarios-de-los-participantes","status":"publish","type":"page","link":"https:\/\/fae.uprrp.edu\/jobsinitiative\/certificado-profesional\/comentarios-de-los-participantes\/","title":{"rendered":"Comentarios de los Participantes"},"content":{"rendered":"<p><strong><span style=\"color: #800000\">Comentarios de los Participantes del Certificado Profesional\u00a0<\/span><\/strong><\/p>\n<p><em>\u201cLo m\u00e1s que me gust\u00f3 sobre la certificaci\u00f3n es la dedicaci\u00f3n de cada profesor en ense\u00f1arnos sobre el liderazgo, finanzas, productividad, mercadeo, tecnolog\u00edas, inteligencia emocional, emprendimiento entre otras cosas. Deseo continuar ejecutando el aprendizaje que captur\u00e9 desde el primer taller durante toda mi vida.\u201d<\/em><\/p>\n<p style=\"padding-left: 80px\">-Paola Valent\u00edn Montalvo, Administraci\u00f3n de Empresas, UPR Arecibo<\/p>\n<p><em>\u201cUna de las palabras que siempre not\u00e9 que resaltaba cada taller era &#8221;destreza&#8221;. Sin embargo, dentro de cada taller tales destrezas se manifestaron de formas distintas, de manera que el aprendizaje fue enriquecedor en todas las \u00e1reas.\u201d<\/em><\/p>\n<p style=\"padding-left: 80px\">-Zaida I. Jim\u00e9nez De Los Santos, Humanidades, UPR Rio Piedras<\/p>\n<p><em>\u201cEn todo momento el estudiante se sinti\u00f3 importante y escuchado.\u201d<\/em><\/p>\n<p style=\"padding-left: 80px\">-Josu\u00e9 Irizarry L\u00f3pez, Administraci\u00f3n de Empresas, UPR Carolina<\/p>\n<p><em>\u201cLo que m\u00e1s me gust\u00f3 de los talleres de Certificado Profesional de Bank of America fue todo lo que aprend\u00ed y que podr\u00e9 aplicar a mi vida tanto acad\u00e9mica como personal, pero, sobre todo, a mi carrera profesional.\u201d<\/em><\/p>\n<p style=\"padding-left: 80px\">-Alexandra Nicole Villanueva Rivera, Administraci\u00f3n de Empresas, UPR Rio Piedras<\/p>\n<p><em>\u201cEl taller que m\u00e1s me impact\u00f3 fue el de Perspicacia financiera y manejo de las finanzas personales, porque me ayud\u00f3 a crear conciencia de la importancia de establecer un presupuesto, para saber que cantidad debemos gastar y no pasarnos de la misma.\u201d<\/em><\/p>\n<p style=\"padding-left: 80px\">-Joanis Taveras Mart\u00ednez, Administraci\u00f3n de Empresas, UPR Rio Piedras<\/p>\n<p><em>\u201cLo m\u00e1s que me gust\u00f3 fue que a pesar de que los talleres tienen una base relacionada a la administraci\u00f3n de empresas, personas que provienen de otras facultades tambi\u00e9n pueden sacarle provecho a la informaci\u00f3n que nos brindan porque era una informaci\u00f3n universal aplicable a cualquier concentraci\u00f3n de estudio.\u201d<\/em><\/p>\n<p style=\"padding-left: 80px\">-Adelis \u00c1lvarez Nieves, Humanidades, UPR Rio Piedras<\/p>\n<p><em>\u201cConf\u00edo en que ser\u00e1 un \u00e9xito este proyecto, pues los profesionales que vamos prepar\u00e1ndonos para trabajar con la sociedad necesitamos de estas herramientas para ser emp\u00e1ticos, optimistas y asertivos ante la toma de decisiones de c\u00f3mo impactar a la sociedad y los negocios.\u201d<\/em><\/p>\n<p style=\"padding-left: 80px\">-Frankie Col\u00f3n Acosta, Administraci\u00f3n de Empresas, UPR Carolina<\/p>\n<p><em>\u201dEl poder interactuar con los compa\u00f1eros del taller y discutir entre nosotros lo aprendido, le da al taller un valor a\u00f1adido. Adicional a esto, nos permit\u00eda conocer los intereses y concentraciones acad\u00e9micas que ten\u00edan nuestros compa\u00f1eros y hacer una fusi\u00f3n de conocimientos. Soy muy afortunada y vivo agradecida de haber sido parte de una iniciativa tan positiva y enriquecedora para mi formaci\u00f3n acad\u00e9mica y profesional.&#8221;\u00a0<\/em><\/p>\n<p style=\"padding-left: 80px\">-Paola M. Aquino L\u00f3pez, Administraci\u00f3n de Empresas, UPR Rio Piedras<\/p>\n<p><img loading=\"lazy\" decoding=\"async\" class=\"size-medium wp-image-529 aligncenter\" src=\"https:\/\/fae.uprrp.edu\/jobsinitiative\/wp-content\/uploads\/sites\/22\/2022\/02\/IMG_0654-300x225.jpg\" alt=\"\" width=\"300\" height=\"225\" srcset=\"https:\/\/fae.uprrp.edu\/jobsinitiative\/wp-content\/uploads\/sites\/22\/2022\/02\/IMG_0654-300x225.jpg 300w, https:\/\/fae.uprrp.edu\/jobsinitiative\/wp-content\/uploads\/sites\/22\/2022\/02\/IMG_0654.jpg 577w\" sizes=\"auto, (max-width: 300px) 100vw, 300px\" \/><\/p>\n<p>&nbsp;<\/p>\n<p>&nbsp;<\/p>\n<div class=\"pvc_clear\"><\/div>\n<p id=\"pvc_stats_501\" class=\"pvc_stats all  \" data-element-id=\"501\" style=\"\"><i class=\"pvc-stats-icon medium\" aria-hidden=\"true\"><svg aria-hidden=\"true\" focusable=\"false\" data-prefix=\"far\" data-icon=\"chart-bar\" role=\"img\" xmlns=\"http:\/\/www.w3.org\/2000\/svg\" viewBox=\"0 0 512 512\" class=\"svg-inline--fa fa-chart-bar fa-w-16 fa-2x\"><path fill=\"currentColor\" d=\"M396.8 352h22.4c6.4 0 12.8-6.4 12.8-12.8V108.8c0-6.4-6.4-12.8-12.8-12.8h-22.4c-6.4 0-12.8 6.4-12.8 12.8v230.4c0 6.4 6.4 12.8 12.8 12.8zm-192 0h22.4c6.4 0 12.8-6.4 12.8-12.8V140.8c0-6.4-6.4-12.8-12.8-12.8h-22.4c-6.4 0-12.8 6.4-12.8 12.8v198.4c0 6.4 6.4 12.8 12.8 12.8zm96 0h22.4c6.4 0 12.8-6.4 12.8-12.8V204.8c0-6.4-6.4-12.8-12.8-12.8h-22.4c-6.4 0-12.8 6.4-12.8 12.8v134.4c0 6.4 6.4 12.8 12.8 12.8zM496 400H48V80c0-8.84-7.16-16-16-16H16C7.16 64 0 71.16 0 80v336c0 17.67 14.33 32 32 32h464c8.84 0 16-7.16 16-16v-16c0-8.84-7.16-16-16-16zm-387.2-48h22.4c6.4 0 12.8-6.4 12.8-12.8v-70.4c0-6.4-6.4-12.8-12.8-12.8h-22.4c-6.4 0-12.8 6.4-12.8 12.8v70.4c0 6.4 6.4 12.8 12.8 12.8z\" class=\"\"><\/path><\/svg><\/i> <img loading=\"lazy\" decoding=\"async\" width=\"16\" height=\"16\" alt=\"Loading\" src=\"https:\/\/fae.uprrp.edu\/jobsinitiative\/wp-content\/plugins\/page-views-count\/ajax-loader-2x.gif\" border=0 \/><\/p>\n<div class=\"pvc_clear\"><\/div>\n","protected":false},"excerpt":{"rendered":"<p>Comentarios de los Participantes del Certificado Profesional\u00a0 \u201cLo m\u00e1s que me gust\u00f3 sobre la certificaci\u00f3n es la dedicaci\u00f3n de cada profesor en ense\u00f1arnos sobre el liderazgo, finanzas, productividad, mercadeo, tecnolog\u00edas, inteligencia emocional, emprendimiento entre otras cosas. Deseo continuar ejecutando el aprendizaje que captur\u00e9 desde el primer taller durante toda mi vida.\u201d -Paola Valent\u00edn Montalvo, Administraci\u00f3n<\/p>\n<div class=\"read-more\"><a href=\"https:\/\/fae.uprrp.edu\/jobsinitiative\/certificado-profesional\/comentarios-de-los-participantes\/\" title=\"Read More\">Read More<\/a><\/div>\n<div class=\"pvc_clear\"><\/div>\n<p id=\"pvc_stats_501\" class=\"pvc_stats all  \" data-element-id=\"501\" style=\"\"><i class=\"pvc-stats-icon medium\" aria-hidden=\"true\"><svg aria-hidden=\"true\" focusable=\"false\" data-prefix=\"far\" data-icon=\"chart-bar\" role=\"img\" xmlns=\"http:\/\/www.w3.org\/2000\/svg\" viewBox=\"0 0 512 512\" class=\"svg-inline--fa fa-chart-bar fa-w-16 fa-2x\"><path fill=\"currentColor\" d=\"M396.8 352h22.4c6.4 0 12.8-6.4 12.8-12.8V108.8c0-6.4-6.4-12.8-12.8-12.8h-22.4c-6.4 0-12.8 6.4-12.8 12.8v230.4c0 6.4 6.4 12.8 12.8 12.8zm-192 0h22.4c6.4 0 12.8-6.4 12.8-12.8V140.8c0-6.4-6.4-12.8-12.8-12.8h-22.4c-6.4 0-12.8 6.4-12.8 12.8v198.4c0 6.4 6.4 12.8 12.8 12.8zm96 0h22.4c6.4 0 12.8-6.4 12.8-12.8V204.8c0-6.4-6.4-12.8-12.8-12.8h-22.4c-6.4 0-12.8 6.4-12.8 12.8v134.4c0 6.4 6.4 12.8 12.8 12.8zM496 400H48V80c0-8.84-7.16-16-16-16H16C7.16 64 0 71.16 0 80v336c0 17.67 14.33 32 32 32h464c8.84 0 16-7.16 16-16v-16c0-8.84-7.16-16-16-16zm-387.2-48h22.4c6.4 0 12.8-6.4 12.8-12.8v-70.4c0-6.4-6.4-12.8-12.8-12.8h-22.4c-6.4 0-12.8 6.4-12.8 12.8v70.4c0 6.4 6.4 12.8 12.8 12.8z\" class=\"\"><\/path><\/svg><\/i> <img loading=\"lazy\" decoding=\"async\" width=\"16\" height=\"16\" alt=\"Loading\" src=\"https:\/\/fae.uprrp.edu\/jobsinitiative\/wp-content\/plugins\/page-views-count\/ajax-loader-2x.gif\" border=0 \/><\/p>\n<div class=\"pvc_clear\"><\/div>\n","protected":false},"author":19,"featured_media":0,"parent":10,"menu_order":0,"comment_status":"closed","ping_status":"closed","template":"page-blocks.php","meta":{"_monsterinsights_skip_tracking":false,"_monsterinsights_sitenote_active":false,"_monsterinsights_sitenote_note":"","_monsterinsights_sitenote_category":0,"footnotes":""},"class_list":["post-501","page","type-page","status-publish"],"_links":{"self":[{"href":"https:\/\/fae.uprrp.edu\/jobsinitiative\/wp-json\/wp\/v2\/pages\/501","targetHints":{"allow":["GET"]}}],"collection":[{"href":"https:\/\/fae.uprrp.edu\/jobsinitiative\/wp-json\/wp\/v2\/pages"}],"about":[{"href":"https:\/\/fae.uprrp.edu\/jobsinitiative\/wp-json\/wp\/v2\/types\/page"}],"author":[{"embeddable":true,"href":"https:\/\/fae.uprrp.edu\/jobsinitiative\/wp-json\/wp\/v2\/users\/19"}],"replies":[{"embeddable":true,"href":"https:\/\/fae.uprrp.edu\/jobsinitiative\/wp-json\/wp\/v2\/comments?post=501"}],"version-history":[{"count":11,"href":"https:\/\/fae.uprrp.edu\/jobsinitiative\/wp-json\/wp\/v2\/pages\/501\/revisions"}],"predecessor-version":[{"id":535,"href":"https:\/\/fae.uprrp.edu\/jobsinitiative\/wp-json\/wp\/v2\/pages\/501\/revisions\/535"}],"up":[{"embeddable":true,"href":"https:\/\/fae.uprrp.edu\/jobsinitiative\/wp-json\/wp\/v2\/pages\/10"}],"wp:attachment":[{"href":"https:\/\/fae.uprrp.edu\/jobsinitiative\/wp-json\/wp\/v2\/media?parent=501"}],"curies":[{"name":"wp","href":"https:\/\/api.w.org\/{rel}","templated":true}]}}