{"id":46,"date":"2021-04-29T22:59:26","date_gmt":"2021-04-29T22:59:26","guid":{"rendered":"https:\/\/fae.uprrp.edu\/jobsinitiative\/?page_id=46"},"modified":"2021-11-24T09:37:41","modified_gmt":"2021-11-24T13:37:41","slug":"certificacion-certificado-profesional","status":"publish","type":"page","link":"https:\/\/fae.uprrp.edu\/jobsinitiative\/certificacion-certificado-profesional\/","title":{"rendered":"Certificaci\u00f3n de Elegibilidad-Certificado Profesional"},"content":{"rendered":"<p><em><strong><span style=\"color: #993300\">Certificaci\u00f3n de Elegibilidad para Solicitar el Certificado Profesional<\/span><\/strong><\/em><\/p>\n<p>Todo estudiante interesado en solicitar el Certificado Profesional de <em>Bank of America Jobs Initiative<\/em> deber\u00e1 presentar una <em><a href=\"https:\/\/fae.uprrp.edu\/jobsinitiative\/wp-content\/uploads\/sites\/22\/2021\/11\/Certificacio\u0301n-de-Elegibilidad_Form-v-22-de-nov-2022.pdf\"><span style=\"color: #993300\"><strong>Certificaci\u00f3n de Elegibilidad<\/strong> <\/span><\/a><\/em>como estudiante clasificado en tercer o cuarto a\u00f1o debidamente completada y firmada por el Decano(a), Decano(a) Auxiliar o el Coordinador(a) de Asuntos Estudiantiles de su facultad\/escuela\/Recinto.<\/p>\n<p><span style=\"color: #993300\"><a style=\"color: #993300\" href=\"https:\/\/fae.uprrp.edu\/jobsinitiative\/wp-content\/uploads\/sites\/22\/2021\/11\/Certificacio\u0301n-de-Elegibilidad_Form-v-22-de-nov-2022.pdf\"><strong>CERTIFICACI\u00d3N DE ELEGIBILIDAD .PDF<\/strong><\/a><\/span><\/p>\n<div class=\"pvc_clear\"><\/div>\n<p id=\"pvc_stats_46\" class=\"pvc_stats all  \" data-element-id=\"46\" style=\"\"><i class=\"pvc-stats-icon medium\" aria-hidden=\"true\"><svg aria-hidden=\"true\" focusable=\"false\" data-prefix=\"far\" data-icon=\"chart-bar\" role=\"img\" xmlns=\"http:\/\/www.w3.org\/2000\/svg\" viewBox=\"0 0 512 512\" class=\"svg-inline--fa fa-chart-bar fa-w-16 fa-2x\"><path fill=\"currentColor\" d=\"M396.8 352h22.4c6.4 0 12.8-6.4 12.8-12.8V108.8c0-6.4-6.4-12.8-12.8-12.8h-22.4c-6.4 0-12.8 6.4-12.8 12.8v230.4c0 6.4 6.4 12.8 12.8 12.8zm-192 0h22.4c6.4 0 12.8-6.4 12.8-12.8V140.8c0-6.4-6.4-12.8-12.8-12.8h-22.4c-6.4 0-12.8 6.4-12.8 12.8v198.4c0 6.4 6.4 12.8 12.8 12.8zm96 0h22.4c6.4 0 12.8-6.4 12.8-12.8V204.8c0-6.4-6.4-12.8-12.8-12.8h-22.4c-6.4 0-12.8 6.4-12.8 12.8v134.4c0 6.4 6.4 12.8 12.8 12.8zM496 400H48V80c0-8.84-7.16-16-16-16H16C7.16 64 0 71.16 0 80v336c0 17.67 14.33 32 32 32h464c8.84 0 16-7.16 16-16v-16c0-8.84-7.16-16-16-16zm-387.2-48h22.4c6.4 0 12.8-6.4 12.8-12.8v-70.4c0-6.4-6.4-12.8-12.8-12.8h-22.4c-6.4 0-12.8 6.4-12.8 12.8v70.4c0 6.4 6.4 12.8 12.8 12.8z\" class=\"\"><\/path><\/svg><\/i> <img loading=\"lazy\" decoding=\"async\" width=\"16\" height=\"16\" alt=\"Loading\" src=\"https:\/\/fae.uprrp.edu\/jobsinitiative\/wp-content\/plugins\/page-views-count\/ajax-loader-2x.gif\" border=0 \/><\/p>\n<div class=\"pvc_clear\"><\/div>\n","protected":false},"excerpt":{"rendered":"<p>Certificaci\u00f3n de Elegibilidad para Solicitar el Certificado Profesional Todo estudiante interesado en solicitar el Certificado Profesional de Bank of America Jobs Initiative deber\u00e1 presentar una Certificaci\u00f3n de Elegibilidad como estudiante clasificado en tercer o cuarto a\u00f1o debidamente completada y firmada por el Decano(a), Decano(a) Auxiliar o el Coordinador(a) de Asuntos Estudiantiles de su facultad\/escuela\/Recinto. CERTIFICACI\u00d3N<\/p>\n<div class=\"read-more\"><a href=\"https:\/\/fae.uprrp.edu\/jobsinitiative\/certificacion-certificado-profesional\/\" title=\"Read More\">Read More<\/a><\/div>\n<div class=\"pvc_clear\"><\/div>\n<p id=\"pvc_stats_46\" class=\"pvc_stats all  \" data-element-id=\"46\" style=\"\"><i class=\"pvc-stats-icon medium\" aria-hidden=\"true\"><svg aria-hidden=\"true\" focusable=\"false\" data-prefix=\"far\" data-icon=\"chart-bar\" role=\"img\" xmlns=\"http:\/\/www.w3.org\/2000\/svg\" viewBox=\"0 0 512 512\" class=\"svg-inline--fa fa-chart-bar fa-w-16 fa-2x\"><path fill=\"currentColor\" d=\"M396.8 352h22.4c6.4 0 12.8-6.4 12.8-12.8V108.8c0-6.4-6.4-12.8-12.8-12.8h-22.4c-6.4 0-12.8 6.4-12.8 12.8v230.4c0 6.4 6.4 12.8 12.8 12.8zm-192 0h22.4c6.4 0 12.8-6.4 12.8-12.8V140.8c0-6.4-6.4-12.8-12.8-12.8h-22.4c-6.4 0-12.8 6.4-12.8 12.8v198.4c0 6.4 6.4 12.8 12.8 12.8zm96 0h22.4c6.4 0 12.8-6.4 12.8-12.8V204.8c0-6.4-6.4-12.8-12.8-12.8h-22.4c-6.4 0-12.8 6.4-12.8 12.8v134.4c0 6.4 6.4 12.8 12.8 12.8zM496 400H48V80c0-8.84-7.16-16-16-16H16C7.16 64 0 71.16 0 80v336c0 17.67 14.33 32 32 32h464c8.84 0 16-7.16 16-16v-16c0-8.84-7.16-16-16-16zm-387.2-48h22.4c6.4 0 12.8-6.4 12.8-12.8v-70.4c0-6.4-6.4-12.8-12.8-12.8h-22.4c-6.4 0-12.8 6.4-12.8 12.8v70.4c0 6.4 6.4 12.8 12.8 12.8z\" class=\"\"><\/path><\/svg><\/i> <img loading=\"lazy\" decoding=\"async\" width=\"16\" height=\"16\" alt=\"Loading\" src=\"https:\/\/fae.uprrp.edu\/jobsinitiative\/wp-content\/plugins\/page-views-count\/ajax-loader-2x.gif\" border=0 \/><\/p>\n<div class=\"pvc_clear\"><\/div>\n","protected":false},"author":19,"featured_media":0,"parent":0,"menu_order":0,"comment_status":"closed","ping_status":"closed","template":"","meta":{"_monsterinsights_skip_tracking":false,"_monsterinsights_sitenote_active":false,"_monsterinsights_sitenote_note":"","_monsterinsights_sitenote_category":0,"footnotes":""},"class_list":["post-46","page","type-page","status-publish"],"_links":{"self":[{"href":"https:\/\/fae.uprrp.edu\/jobsinitiative\/wp-json\/wp\/v2\/pages\/46","targetHints":{"allow":["GET"]}}],"collection":[{"href":"https:\/\/fae.uprrp.edu\/jobsinitiative\/wp-json\/wp\/v2\/pages"}],"about":[{"href":"https:\/\/fae.uprrp.edu\/jobsinitiative\/wp-json\/wp\/v2\/types\/page"}],"author":[{"embeddable":true,"href":"https:\/\/fae.uprrp.edu\/jobsinitiative\/wp-json\/wp\/v2\/users\/19"}],"replies":[{"embeddable":true,"href":"https:\/\/fae.uprrp.edu\/jobsinitiative\/wp-json\/wp\/v2\/comments?post=46"}],"version-history":[{"count":14,"href":"https:\/\/fae.uprrp.edu\/jobsinitiative\/wp-json\/wp\/v2\/pages\/46\/revisions"}],"predecessor-version":[{"id":463,"href":"https:\/\/fae.uprrp.edu\/jobsinitiative\/wp-json\/wp\/v2\/pages\/46\/revisions\/463"}],"wp:attachment":[{"href":"https:\/\/fae.uprrp.edu\/jobsinitiative\/wp-json\/wp\/v2\/media?parent=46"}],"curies":[{"name":"wp","href":"https:\/\/api.w.org\/{rel}","templated":true}]}}