{"id":23,"date":"2021-04-29T22:20:25","date_gmt":"2021-04-29T22:20:25","guid":{"rendered":"https:\/\/fae.uprrp.edu\/jobsinitiative\/?page_id=23"},"modified":"2023-08-15T11:22:35","modified_gmt":"2023-08-15T15:22:35","slug":"contactanos","status":"publish","type":"page","link":"https:\/\/fae.uprrp.edu\/jobsinitiative\/contactanos\/","title":{"rendered":"Cont\u00e1ctanos"},"content":{"rendered":"<p><span style=\"color: #993300\"><em><strong>Contactos:<\/strong><\/em><\/span><\/p>\n<p><strong><em>Arleen Hern\u00e1ndez D\u00edaz, Ph.D.<\/em><\/strong><br \/>\nCatedr\u00e1tica y Coordinadora de\u00a0<em>BofA Jobs Initiative<\/em><br \/>\narleen.hernandez1@upr.edu<\/p>\n<p><em><strong>Jaylee M. Torres Medina<\/strong><\/em><br \/>\nEstudiante Asistente de <em>BofA Jobs Initiative<\/em><br \/>\njaylee.torres@upr.edu<\/p>\n<p><b><i>Carlos A. Irizarry L\u00f3pez<\/i><\/b><br \/>\nEstudiante Asistente de <em>BofA Jobs Initiative<\/em><br \/>\ncarlos.irizarry12@upr.edu<\/p>\n<p><strong>Email: <span style=\"color: #993300\">bofa.jobsinitiative@upr.edu<\/span><\/strong><\/p>\n<p><strong>Tel\u00e9fono:\u00a0<\/strong>(787) 764-0000 exts. 87193, 87191, 87206<\/p>\n<p><strong>Direcci\u00f3n de la P\u00e1gina:\u00a0<\/strong> <span style=\"color: #993300\"><strong>https:\/\/fae.uprrp.edu\/jobsinitiative\/<\/strong><\/span><\/p>\n<p><strong>Direcci\u00f3n Postal:<\/strong><\/p>\n<p style=\"padding-left: 40px\"><strong><em>BofA Jobs Initiative<\/em><\/strong><br \/>\nFacultad de Administraci\u00f3n de Empresas<br \/>\nUniversidad de Puerto Rico<br \/>\nRecinto de R\u00edo Piedras<br \/>\n15 Universidad Ave, Ste. 1501<br \/>\nSan Juan, PR 00925-2535<\/p>\n<p>&nbsp;<\/p>\n<div class=\"pvc_clear\"><\/div>\n<p id=\"pvc_stats_23\" class=\"pvc_stats all  \" data-element-id=\"23\" style=\"\"><i class=\"pvc-stats-icon medium\" aria-hidden=\"true\"><svg aria-hidden=\"true\" focusable=\"false\" data-prefix=\"far\" data-icon=\"chart-bar\" role=\"img\" xmlns=\"http:\/\/www.w3.org\/2000\/svg\" viewBox=\"0 0 512 512\" class=\"svg-inline--fa fa-chart-bar fa-w-16 fa-2x\"><path fill=\"currentColor\" d=\"M396.8 352h22.4c6.4 0 12.8-6.4 12.8-12.8V108.8c0-6.4-6.4-12.8-12.8-12.8h-22.4c-6.4 0-12.8 6.4-12.8 12.8v230.4c0 6.4 6.4 12.8 12.8 12.8zm-192 0h22.4c6.4 0 12.8-6.4 12.8-12.8V140.8c0-6.4-6.4-12.8-12.8-12.8h-22.4c-6.4 0-12.8 6.4-12.8 12.8v198.4c0 6.4 6.4 12.8 12.8 12.8zm96 0h22.4c6.4 0 12.8-6.4 12.8-12.8V204.8c0-6.4-6.4-12.8-12.8-12.8h-22.4c-6.4 0-12.8 6.4-12.8 12.8v134.4c0 6.4 6.4 12.8 12.8 12.8zM496 400H48V80c0-8.84-7.16-16-16-16H16C7.16 64 0 71.16 0 80v336c0 17.67 14.33 32 32 32h464c8.84 0 16-7.16 16-16v-16c0-8.84-7.16-16-16-16zm-387.2-48h22.4c6.4 0 12.8-6.4 12.8-12.8v-70.4c0-6.4-6.4-12.8-12.8-12.8h-22.4c-6.4 0-12.8 6.4-12.8 12.8v70.4c0 6.4 6.4 12.8 12.8 12.8z\" class=\"\"><\/path><\/svg><\/i> <img loading=\"lazy\" decoding=\"async\" width=\"16\" height=\"16\" alt=\"Loading\" src=\"https:\/\/fae.uprrp.edu\/jobsinitiative\/wp-content\/plugins\/page-views-count\/ajax-loader-2x.gif\" border=0 \/><\/p>\n<div class=\"pvc_clear\"><\/div>\n","protected":false},"excerpt":{"rendered":"<p>Contactos: Arleen Hern\u00e1ndez D\u00edaz, Ph.D. Catedr\u00e1tica y Coordinadora de\u00a0BofA Jobs Initiative arleen.hernandez1@upr.edu Jaylee M. Torres Medina Estudiante Asistente de BofA Jobs Initiative jaylee.torres@upr.edu Carlos A. Irizarry L\u00f3pez Estudiante Asistente de BofA Jobs Initiative carlos.irizarry12@upr.edu Email: bofa.jobsinitiative@upr.edu Tel\u00e9fono:\u00a0(787) 764-0000 exts. 87193, 87191, 87206 Direcci\u00f3n de la P\u00e1gina:\u00a0 https:\/\/fae.uprrp.edu\/jobsinitiative\/ Direcci\u00f3n Postal: BofA Jobs Initiative Facultad de Administraci\u00f3n<\/p>\n<div class=\"read-more\"><a href=\"https:\/\/fae.uprrp.edu\/jobsinitiative\/contactanos\/\" title=\"Read More\">Read More<\/a><\/div>\n<div class=\"pvc_clear\"><\/div>\n<p id=\"pvc_stats_23\" class=\"pvc_stats all  \" data-element-id=\"23\" style=\"\"><i class=\"pvc-stats-icon medium\" aria-hidden=\"true\"><svg aria-hidden=\"true\" focusable=\"false\" data-prefix=\"far\" data-icon=\"chart-bar\" role=\"img\" xmlns=\"http:\/\/www.w3.org\/2000\/svg\" viewBox=\"0 0 512 512\" class=\"svg-inline--fa fa-chart-bar fa-w-16 fa-2x\"><path fill=\"currentColor\" d=\"M396.8 352h22.4c6.4 0 12.8-6.4 12.8-12.8V108.8c0-6.4-6.4-12.8-12.8-12.8h-22.4c-6.4 0-12.8 6.4-12.8 12.8v230.4c0 6.4 6.4 12.8 12.8 12.8zm-192 0h22.4c6.4 0 12.8-6.4 12.8-12.8V140.8c0-6.4-6.4-12.8-12.8-12.8h-22.4c-6.4 0-12.8 6.4-12.8 12.8v198.4c0 6.4 6.4 12.8 12.8 12.8zm96 0h22.4c6.4 0 12.8-6.4 12.8-12.8V204.8c0-6.4-6.4-12.8-12.8-12.8h-22.4c-6.4 0-12.8 6.4-12.8 12.8v134.4c0 6.4 6.4 12.8 12.8 12.8zM496 400H48V80c0-8.84-7.16-16-16-16H16C7.16 64 0 71.16 0 80v336c0 17.67 14.33 32 32 32h464c8.84 0 16-7.16 16-16v-16c0-8.84-7.16-16-16-16zm-387.2-48h22.4c6.4 0 12.8-6.4 12.8-12.8v-70.4c0-6.4-6.4-12.8-12.8-12.8h-22.4c-6.4 0-12.8 6.4-12.8 12.8v70.4c0 6.4 6.4 12.8 12.8 12.8z\" class=\"\"><\/path><\/svg><\/i> <img loading=\"lazy\" decoding=\"async\" width=\"16\" height=\"16\" alt=\"Loading\" src=\"https:\/\/fae.uprrp.edu\/jobsinitiative\/wp-content\/plugins\/page-views-count\/ajax-loader-2x.gif\" border=0 \/><\/p>\n<div class=\"pvc_clear\"><\/div>\n","protected":false},"author":19,"featured_media":0,"parent":0,"menu_order":6,"comment_status":"closed","ping_status":"closed","template":"","meta":{"_monsterinsights_skip_tracking":false,"_monsterinsights_sitenote_active":false,"_monsterinsights_sitenote_note":"","_monsterinsights_sitenote_category":0,"footnotes":""},"class_list":["post-23","page","type-page","status-publish"],"_links":{"self":[{"href":"https:\/\/fae.uprrp.edu\/jobsinitiative\/wp-json\/wp\/v2\/pages\/23","targetHints":{"allow":["GET"]}}],"collection":[{"href":"https:\/\/fae.uprrp.edu\/jobsinitiative\/wp-json\/wp\/v2\/pages"}],"about":[{"href":"https:\/\/fae.uprrp.edu\/jobsinitiative\/wp-json\/wp\/v2\/types\/page"}],"author":[{"embeddable":true,"href":"https:\/\/fae.uprrp.edu\/jobsinitiative\/wp-json\/wp\/v2\/users\/19"}],"replies":[{"embeddable":true,"href":"https:\/\/fae.uprrp.edu\/jobsinitiative\/wp-json\/wp\/v2\/comments?post=23"}],"version-history":[{"count":14,"href":"https:\/\/fae.uprrp.edu\/jobsinitiative\/wp-json\/wp\/v2\/pages\/23\/revisions"}],"predecessor-version":[{"id":700,"href":"https:\/\/fae.uprrp.edu\/jobsinitiative\/wp-json\/wp\/v2\/pages\/23\/revisions\/700"}],"wp:attachment":[{"href":"https:\/\/fae.uprrp.edu\/jobsinitiative\/wp-json\/wp\/v2\/media?parent=23"}],"curies":[{"name":"wp","href":"https:\/\/api.w.org\/{rel}","templated":true}]}}