{"id":148,"date":"2021-05-04T02:00:49","date_gmt":"2021-05-04T02:00:49","guid":{"rendered":"https:\/\/fae.uprrp.edu\/jobsinitiative\/?page_id=148"},"modified":"2021-05-06T01:58:50","modified_gmt":"2021-05-06T01:58:50","slug":"vivienda-publica","status":"publish","type":"page","link":"https:\/\/fae.uprrp.edu\/jobsinitiative\/vivienda-publica\/","title":{"rendered":"Vivienda P\u00fablica"},"content":{"rendered":"<p><span style=\"color: #993300\"><em><strong>Vivienda P\u00fablica en PR<\/strong><\/em><\/span><\/p>\n<p>Obtener los beneficios o servicios de vivienda p\u00fablica a trav\u00e9s de la Administraci\u00f3n de Vivienda P\u00fablica requiere seguir un <a href=\"https:\/\/ayudalegalpr.org\/resource\/solicitud-de-vivienda-pblica?ref=7BsMf\"><span style=\"color: #993300\">proceso de solicitud<\/span> <\/a>\u00a0y presentar una serie de documentos que evidencian la necesidad.<\/p>\n<p>Tambi\u00e9n existe la opci\u00f3n de solicitar vivienda p\u00fablica bajo la llamada <a href=\"https:\/\/www.avp.pr.gov\/servicios-solicitud-vivienda.aspx\"><span style=\"color: #993300\">Secci\u00f3n 8 en la Administraci\u00f3n de Vivienda P\u00fablica<\/span>.<\/a>\u00a0 \u00a0Para este servicio tambi\u00e9n se necesita completar una <span style=\"color: #993300\"><a style=\"color: #993300\" href=\"https:\/\/ayudalegalpr.org\/resource\/solicitud-de-beneficios-de-seccin-8?ref=6KOpz\">solicitud y presentar documentos.\u00a0<\/a><\/span><\/p>\n<p>&nbsp;<\/p>\n<div class=\"pvc_clear\"><\/div>\n<p id=\"pvc_stats_148\" class=\"pvc_stats all  \" data-element-id=\"148\" style=\"\"><i class=\"pvc-stats-icon medium\" aria-hidden=\"true\"><svg aria-hidden=\"true\" focusable=\"false\" data-prefix=\"far\" data-icon=\"chart-bar\" role=\"img\" xmlns=\"http:\/\/www.w3.org\/2000\/svg\" viewBox=\"0 0 512 512\" class=\"svg-inline--fa fa-chart-bar fa-w-16 fa-2x\"><path fill=\"currentColor\" d=\"M396.8 352h22.4c6.4 0 12.8-6.4 12.8-12.8V108.8c0-6.4-6.4-12.8-12.8-12.8h-22.4c-6.4 0-12.8 6.4-12.8 12.8v230.4c0 6.4 6.4 12.8 12.8 12.8zm-192 0h22.4c6.4 0 12.8-6.4 12.8-12.8V140.8c0-6.4-6.4-12.8-12.8-12.8h-22.4c-6.4 0-12.8 6.4-12.8 12.8v198.4c0 6.4 6.4 12.8 12.8 12.8zm96 0h22.4c6.4 0 12.8-6.4 12.8-12.8V204.8c0-6.4-6.4-12.8-12.8-12.8h-22.4c-6.4 0-12.8 6.4-12.8 12.8v134.4c0 6.4 6.4 12.8 12.8 12.8zM496 400H48V80c0-8.84-7.16-16-16-16H16C7.16 64 0 71.16 0 80v336c0 17.67 14.33 32 32 32h464c8.84 0 16-7.16 16-16v-16c0-8.84-7.16-16-16-16zm-387.2-48h22.4c6.4 0 12.8-6.4 12.8-12.8v-70.4c0-6.4-6.4-12.8-12.8-12.8h-22.4c-6.4 0-12.8 6.4-12.8 12.8v70.4c0 6.4 6.4 12.8 12.8 12.8z\" class=\"\"><\/path><\/svg><\/i> <img loading=\"lazy\" decoding=\"async\" width=\"16\" height=\"16\" alt=\"Loading\" src=\"https:\/\/fae.uprrp.edu\/jobsinitiative\/wp-content\/plugins\/page-views-count\/ajax-loader-2x.gif\" border=0 \/><\/p>\n<div class=\"pvc_clear\"><\/div>\n","protected":false},"excerpt":{"rendered":"<p>Vivienda P\u00fablica en PR Obtener los beneficios o servicios de vivienda p\u00fablica a trav\u00e9s de la Administraci\u00f3n de Vivienda P\u00fablica requiere seguir un proceso de solicitud \u00a0y presentar una serie de documentos que evidencian la necesidad. Tambi\u00e9n existe la opci\u00f3n de solicitar vivienda p\u00fablica bajo la llamada Secci\u00f3n 8 en la Administraci\u00f3n de Vivienda P\u00fablica.\u00a0<\/p>\n<div class=\"read-more\"><a href=\"https:\/\/fae.uprrp.edu\/jobsinitiative\/vivienda-publica\/\" title=\"Read More\">Read More<\/a><\/div>\n<div class=\"pvc_clear\"><\/div>\n<p id=\"pvc_stats_148\" class=\"pvc_stats all  \" data-element-id=\"148\" style=\"\"><i class=\"pvc-stats-icon medium\" aria-hidden=\"true\"><svg aria-hidden=\"true\" focusable=\"false\" data-prefix=\"far\" data-icon=\"chart-bar\" role=\"img\" xmlns=\"http:\/\/www.w3.org\/2000\/svg\" viewBox=\"0 0 512 512\" class=\"svg-inline--fa fa-chart-bar fa-w-16 fa-2x\"><path fill=\"currentColor\" d=\"M396.8 352h22.4c6.4 0 12.8-6.4 12.8-12.8V108.8c0-6.4-6.4-12.8-12.8-12.8h-22.4c-6.4 0-12.8 6.4-12.8 12.8v230.4c0 6.4 6.4 12.8 12.8 12.8zm-192 0h22.4c6.4 0 12.8-6.4 12.8-12.8V140.8c0-6.4-6.4-12.8-12.8-12.8h-22.4c-6.4 0-12.8 6.4-12.8 12.8v198.4c0 6.4 6.4 12.8 12.8 12.8zm96 0h22.4c6.4 0 12.8-6.4 12.8-12.8V204.8c0-6.4-6.4-12.8-12.8-12.8h-22.4c-6.4 0-12.8 6.4-12.8 12.8v134.4c0 6.4 6.4 12.8 12.8 12.8zM496 400H48V80c0-8.84-7.16-16-16-16H16C7.16 64 0 71.16 0 80v336c0 17.67 14.33 32 32 32h464c8.84 0 16-7.16 16-16v-16c0-8.84-7.16-16-16-16zm-387.2-48h22.4c6.4 0 12.8-6.4 12.8-12.8v-70.4c0-6.4-6.4-12.8-12.8-12.8h-22.4c-6.4 0-12.8 6.4-12.8 12.8v70.4c0 6.4 6.4 12.8 12.8 12.8z\" class=\"\"><\/path><\/svg><\/i> <img loading=\"lazy\" decoding=\"async\" width=\"16\" height=\"16\" alt=\"Loading\" src=\"https:\/\/fae.uprrp.edu\/jobsinitiative\/wp-content\/plugins\/page-views-count\/ajax-loader-2x.gif\" border=0 \/><\/p>\n<div class=\"pvc_clear\"><\/div>\n","protected":false},"author":19,"featured_media":0,"parent":0,"menu_order":0,"comment_status":"closed","ping_status":"closed","template":"","meta":{"_monsterinsights_skip_tracking":false,"_monsterinsights_sitenote_active":false,"_monsterinsights_sitenote_note":"","_monsterinsights_sitenote_category":0,"footnotes":""},"class_list":["post-148","page","type-page","status-publish"],"_links":{"self":[{"href":"https:\/\/fae.uprrp.edu\/jobsinitiative\/wp-json\/wp\/v2\/pages\/148","targetHints":{"allow":["GET"]}}],"collection":[{"href":"https:\/\/fae.uprrp.edu\/jobsinitiative\/wp-json\/wp\/v2\/pages"}],"about":[{"href":"https:\/\/fae.uprrp.edu\/jobsinitiative\/wp-json\/wp\/v2\/types\/page"}],"author":[{"embeddable":true,"href":"https:\/\/fae.uprrp.edu\/jobsinitiative\/wp-json\/wp\/v2\/users\/19"}],"replies":[{"embeddable":true,"href":"https:\/\/fae.uprrp.edu\/jobsinitiative\/wp-json\/wp\/v2\/comments?post=148"}],"version-history":[{"count":3,"href":"https:\/\/fae.uprrp.edu\/jobsinitiative\/wp-json\/wp\/v2\/pages\/148\/revisions"}],"predecessor-version":[{"id":241,"href":"https:\/\/fae.uprrp.edu\/jobsinitiative\/wp-json\/wp\/v2\/pages\/148\/revisions\/241"}],"wp:attachment":[{"href":"https:\/\/fae.uprrp.edu\/jobsinitiative\/wp-json\/wp\/v2\/media?parent=148"}],"curies":[{"name":"wp","href":"https:\/\/api.w.org\/{rel}","templated":true}]}}