{"id":12,"date":"2021-04-29T22:06:50","date_gmt":"2021-04-29T22:06:50","guid":{"rendered":"https:\/\/fae.uprrp.edu\/jobsinitiative\/?page_id=12"},"modified":"2025-04-04T15:02:12","modified_gmt":"2025-04-04T19:02:12","slug":"becas-para-el-imba","status":"publish","type":"page","link":"https:\/\/fae.uprrp.edu\/jobsinitiative\/becas-para-el-imba\/","title":{"rendered":"Convocatoria-Becas iMBA"},"content":{"rendered":"<p><strong><em><span style=\"color: #993300\">CONVOCATORIA PARA BECA \u2013 iMBA E2025<\/span><\/em><\/strong><\/p>\n<p><strong>\u00bfQu\u00e9 es Bank of America Jobs Initiative?<\/strong><br \/>\nEs un programa de desarrollo profesional dirigido a estudiantes en desventaja econ\u00f3mica que est\u00e9n pr\u00f3ximos a completar su bachillerato en la UPR. El programa tiene como objetivo ofrecerle la capacitaci\u00f3n necesaria para conseguir empleo en Puerto Rico a estudiantes que se han visto afectadas por la crisis econ\u00f3mica del pa\u00eds.<\/p>\n<p><strong>\u00bfQu\u00e9 ofrece?<\/strong><br \/>\nA tenor con las pol\u00edticas establecidas por el programa<em> Bank of America Jobs Initiative<\/em> se otorgar\u00e1 un m\u00e1ximo de 10 Becas BofA de $14,054.00 a estudiantes en desventaja econ\u00f3mica que sean admitidos al programa iMBA en la UPRRP. Se tomar\u00e1n en consideraci\u00f3n a estudiantes de todas las disciplinas.<\/p>\n<p><strong>Requisitos: <\/strong><\/p>\n<ul>\n<li>Completar la <span style=\"color: #800000\"><strong><a style=\"color: #800000\" href=\"https:\/\/forms.gle\/VswVgPs1tKXvUuFXA\">solicitud<\/a><\/strong><\/span> en el siguiente enlace: <span style=\"color: #800000\"><strong><a style=\"color: #800000\" href=\"https:\/\/forms.gle\/VswVgPs1tKXvUuFXA\">https:\/\/forms.gle\/VswVgPs1tKXvUuFXA<\/a><\/strong><\/span> o la <a href=\"https:\/\/fae.uprrp.edu\/jobsinitiative\/wp-content\/uploads\/sites\/22\/2024\/11\/Solicitud-Beca-iMBA-BofA-E2025-v-19-nov-2024.pdf\">solicitud en pdf<\/a>.<\/li>\n<\/ul>\n<h3 style=\"padding-left: 40px\"><span style=\"color: #800000\"><strong>Fecha l\u00edmite:<\/strong> Viernes<strong>, 24 de enero de 2025. <\/strong><\/span><\/h3>\n<ul>\n<li>Haber obtenido un grado de bachillerato en el sistema UPR durante la sesi\u00f3n acad\u00e9mica anterior a su admisi\u00f3n al iMBA.<\/li>\n<li>Contar con un promedio general de 3.00 o m\u00e1s y someter su Transcripci\u00f3n de Cr\u00e9ditos (puede ser <em>Student Copy<\/em>).<\/li>\n<li>Presentar evidencia de <strong>admisi\u00f3n al programa de iMBA<\/strong> de la UPRRP que comienza en Marzo 2024.<\/li>\n<li>Demostrar haber recibido Beca Pell (parcial o completa) durante su bachillerato.<\/li>\n<li>Presentar resume actualizado.<\/li>\n<li>Incluir ensayo de 500 palabras expresando por qu\u00e9 se considera merecedor de esta beca y c\u00f3mo obtenerla le ayudar\u00eda a alcanzar sus metas.<\/li>\n<li>Copia de las dos (2) recomendaciones sometidas para la admisi\u00f3n al iMBA. Las mismas ser\u00e1n suministradas por la Escuela Graduada de Administraci\u00f3n de Empresas (EGAE).<\/li>\n<\/ul>\n<div class=\"pvc_clear\"><\/div>\n<p id=\"pvc_stats_12\" class=\"pvc_stats all  \" data-element-id=\"12\" style=\"\"><i class=\"pvc-stats-icon medium\" aria-hidden=\"true\"><svg aria-hidden=\"true\" focusable=\"false\" data-prefix=\"far\" data-icon=\"chart-bar\" role=\"img\" xmlns=\"http:\/\/www.w3.org\/2000\/svg\" viewBox=\"0 0 512 512\" class=\"svg-inline--fa fa-chart-bar fa-w-16 fa-2x\"><path fill=\"currentColor\" d=\"M396.8 352h22.4c6.4 0 12.8-6.4 12.8-12.8V108.8c0-6.4-6.4-12.8-12.8-12.8h-22.4c-6.4 0-12.8 6.4-12.8 12.8v230.4c0 6.4 6.4 12.8 12.8 12.8zm-192 0h22.4c6.4 0 12.8-6.4 12.8-12.8V140.8c0-6.4-6.4-12.8-12.8-12.8h-22.4c-6.4 0-12.8 6.4-12.8 12.8v198.4c0 6.4 6.4 12.8 12.8 12.8zm96 0h22.4c6.4 0 12.8-6.4 12.8-12.8V204.8c0-6.4-6.4-12.8-12.8-12.8h-22.4c-6.4 0-12.8 6.4-12.8 12.8v134.4c0 6.4 6.4 12.8 12.8 12.8zM496 400H48V80c0-8.84-7.16-16-16-16H16C7.16 64 0 71.16 0 80v336c0 17.67 14.33 32 32 32h464c8.84 0 16-7.16 16-16v-16c0-8.84-7.16-16-16-16zm-387.2-48h22.4c6.4 0 12.8-6.4 12.8-12.8v-70.4c0-6.4-6.4-12.8-12.8-12.8h-22.4c-6.4 0-12.8 6.4-12.8 12.8v70.4c0 6.4 6.4 12.8 12.8 12.8z\" class=\"\"><\/path><\/svg><\/i> <img loading=\"lazy\" decoding=\"async\" width=\"16\" height=\"16\" alt=\"Loading\" src=\"https:\/\/fae.uprrp.edu\/jobsinitiative\/wp-content\/plugins\/page-views-count\/ajax-loader-2x.gif\" border=0 \/><\/p>\n<div class=\"pvc_clear\"><\/div>\n","protected":false},"excerpt":{"rendered":"<p>CONVOCATORIA PARA BECA \u2013 iMBA E2025 \u00bfQu\u00e9 es Bank of America Jobs Initiative? Es un programa de desarrollo profesional dirigido a estudiantes en desventaja econ\u00f3mica que est\u00e9n pr\u00f3ximos a completar su bachillerato en la UPR. El programa tiene como objetivo ofrecerle la capacitaci\u00f3n necesaria para conseguir empleo en Puerto Rico a estudiantes que se han<\/p>\n<div class=\"read-more\"><a href=\"https:\/\/fae.uprrp.edu\/jobsinitiative\/becas-para-el-imba\/\" title=\"Read More\">Read More<\/a><\/div>\n<div class=\"pvc_clear\"><\/div>\n<p id=\"pvc_stats_12\" class=\"pvc_stats all  \" data-element-id=\"12\" style=\"\"><i class=\"pvc-stats-icon medium\" aria-hidden=\"true\"><svg aria-hidden=\"true\" focusable=\"false\" data-prefix=\"far\" data-icon=\"chart-bar\" role=\"img\" xmlns=\"http:\/\/www.w3.org\/2000\/svg\" viewBox=\"0 0 512 512\" class=\"svg-inline--fa fa-chart-bar fa-w-16 fa-2x\"><path fill=\"currentColor\" d=\"M396.8 352h22.4c6.4 0 12.8-6.4 12.8-12.8V108.8c0-6.4-6.4-12.8-12.8-12.8h-22.4c-6.4 0-12.8 6.4-12.8 12.8v230.4c0 6.4 6.4 12.8 12.8 12.8zm-192 0h22.4c6.4 0 12.8-6.4 12.8-12.8V140.8c0-6.4-6.4-12.8-12.8-12.8h-22.4c-6.4 0-12.8 6.4-12.8 12.8v198.4c0 6.4 6.4 12.8 12.8 12.8zm96 0h22.4c6.4 0 12.8-6.4 12.8-12.8V204.8c0-6.4-6.4-12.8-12.8-12.8h-22.4c-6.4 0-12.8 6.4-12.8 12.8v134.4c0 6.4 6.4 12.8 12.8 12.8zM496 400H48V80c0-8.84-7.16-16-16-16H16C7.16 64 0 71.16 0 80v336c0 17.67 14.33 32 32 32h464c8.84 0 16-7.16 16-16v-16c0-8.84-7.16-16-16-16zm-387.2-48h22.4c6.4 0 12.8-6.4 12.8-12.8v-70.4c0-6.4-6.4-12.8-12.8-12.8h-22.4c-6.4 0-12.8 6.4-12.8 12.8v70.4c0 6.4 6.4 12.8 12.8 12.8z\" class=\"\"><\/path><\/svg><\/i> <img loading=\"lazy\" decoding=\"async\" width=\"16\" height=\"16\" alt=\"Loading\" src=\"https:\/\/fae.uprrp.edu\/jobsinitiative\/wp-content\/plugins\/page-views-count\/ajax-loader-2x.gif\" border=0 \/><\/p>\n<div class=\"pvc_clear\"><\/div>\n","protected":false},"author":19,"featured_media":0,"parent":0,"menu_order":0,"comment_status":"closed","ping_status":"closed","template":"","meta":{"_monsterinsights_skip_tracking":false,"_monsterinsights_sitenote_active":false,"_monsterinsights_sitenote_note":"","_monsterinsights_sitenote_category":0,"footnotes":""},"class_list":["post-12","page","type-page","status-publish"],"_links":{"self":[{"href":"https:\/\/fae.uprrp.edu\/jobsinitiative\/wp-json\/wp\/v2\/pages\/12","targetHints":{"allow":["GET"]}}],"collection":[{"href":"https:\/\/fae.uprrp.edu\/jobsinitiative\/wp-json\/wp\/v2\/pages"}],"about":[{"href":"https:\/\/fae.uprrp.edu\/jobsinitiative\/wp-json\/wp\/v2\/types\/page"}],"author":[{"embeddable":true,"href":"https:\/\/fae.uprrp.edu\/jobsinitiative\/wp-json\/wp\/v2\/users\/19"}],"replies":[{"embeddable":true,"href":"https:\/\/fae.uprrp.edu\/jobsinitiative\/wp-json\/wp\/v2\/comments?post=12"}],"version-history":[{"count":50,"href":"https:\/\/fae.uprrp.edu\/jobsinitiative\/wp-json\/wp\/v2\/pages\/12\/revisions"}],"predecessor-version":[{"id":825,"href":"https:\/\/fae.uprrp.edu\/jobsinitiative\/wp-json\/wp\/v2\/pages\/12\/revisions\/825"}],"wp:attachment":[{"href":"https:\/\/fae.uprrp.edu\/jobsinitiative\/wp-json\/wp\/v2\/media?parent=12"}],"curies":[{"name":"wp","href":"https:\/\/api.w.org\/{rel}","templated":true}]}}