{"id":89,"date":"2018-02-22T13:08:52","date_gmt":"2018-02-22T17:08:52","guid":{"rendered":"http:\/\/fae.uprrp.edu\/gerenciadeoficina\/?page_id=89"},"modified":"2018-02-26T11:41:10","modified_gmt":"2018-02-26T15:41:10","slug":"direccion-postal-y-ubicacion-fisica","status":"publish","type":"page","link":"https:\/\/fae.uprrp.edu\/gerenciadeoficina\/inicio\/direccion-postal-y-ubicacion-fisica\/","title":{"rendered":"Direcci\u00f3n postal y ubicaci\u00f3n f\u00edsica"},"content":{"rendered":"<p>El Departamento de Gerencia\u00a0de Oficina se encuentra ubicado en el Edificio Juan Jos\u00e9 Osuna.<\/p>\n<p><strong> Direcci\u00f3n Postal:<\/strong><br \/>\nFacultad de Administraci\u00f3n de Empresas<br \/>\nDepartamento de Gerencia de Oficina<br \/>\n15 Ave Universidad STE 1501<br \/>\nSAN JUAN, PR 00925-2535<\/p>\n<p><strong>Direcci\u00f3n f\u00edsica:<\/strong><br \/>\nEdificio Juan Jos\u00e9 Osuna Primer Piso #113<br \/>\nRecinto de R\u00edo Piedras<br \/>\nSan Juan, Puerto Rico<\/p>\n<p><small><a style=\"text-align: left;color: #0000ff\" href=\"https:\/\/maps.google.com\/maps?q=18.405754,-66.048463&amp;num=1&amp;hl=en&amp;ie=UTF8&amp;ll=18.405754,-66.048463&amp;spn=0.005528,0.010568&amp;t=m&amp;z=14&amp;source=embed\">View Larger Map<\/a><\/small><\/p>\n<div class=\"pvc_clear\"><\/div>\n<p id=\"pvc_stats_89\" class=\"pvc_stats all  \" data-element-id=\"89\" style=\"\"><i class=\"pvc-stats-icon medium\" aria-hidden=\"true\"><svg aria-hidden=\"true\" focusable=\"false\" data-prefix=\"far\" data-icon=\"chart-bar\" role=\"img\" xmlns=\"http:\/\/www.w3.org\/2000\/svg\" viewBox=\"0 0 512 512\" class=\"svg-inline--fa fa-chart-bar fa-w-16 fa-2x\"><path fill=\"currentColor\" d=\"M396.8 352h22.4c6.4 0 12.8-6.4 12.8-12.8V108.8c0-6.4-6.4-12.8-12.8-12.8h-22.4c-6.4 0-12.8 6.4-12.8 12.8v230.4c0 6.4 6.4 12.8 12.8 12.8zm-192 0h22.4c6.4 0 12.8-6.4 12.8-12.8V140.8c0-6.4-6.4-12.8-12.8-12.8h-22.4c-6.4 0-12.8 6.4-12.8 12.8v198.4c0 6.4 6.4 12.8 12.8 12.8zm96 0h22.4c6.4 0 12.8-6.4 12.8-12.8V204.8c0-6.4-6.4-12.8-12.8-12.8h-22.4c-6.4 0-12.8 6.4-12.8 12.8v134.4c0 6.4 6.4 12.8 12.8 12.8zM496 400H48V80c0-8.84-7.16-16-16-16H16C7.16 64 0 71.16 0 80v336c0 17.67 14.33 32 32 32h464c8.84 0 16-7.16 16-16v-16c0-8.84-7.16-16-16-16zm-387.2-48h22.4c6.4 0 12.8-6.4 12.8-12.8v-70.4c0-6.4-6.4-12.8-12.8-12.8h-22.4c-6.4 0-12.8 6.4-12.8 12.8v70.4c0 6.4 6.4 12.8 12.8 12.8z\" class=\"\"><\/path><\/svg><\/i> <img loading=\"lazy\" decoding=\"async\" width=\"16\" height=\"16\" alt=\"Loading\" src=\"https:\/\/fae.uprrp.edu\/gerenciadeoficina\/wp-content\/plugins\/page-views-count\/ajax-loader-2x.gif\" border=0 \/><\/p>\n<div class=\"pvc_clear\"><\/div>\n","protected":false},"excerpt":{"rendered":"<p>El Departamento de Gerencia\u00a0de Oficina se encuentra ubicado en el Edificio Juan Jos\u00e9 Osuna. Direcci\u00f3n Postal: Facultad de Administraci\u00f3n de Empresas Departamento de Gerencia de Oficina 15 Ave Universidad STE 1501 SAN JUAN, PR 00925-2535 Direcci\u00f3n f\u00edsica: Edificio Juan Jos\u00e9 Osuna Primer Piso #113 Recinto de R\u00edo Piedras San Juan, Puerto Rico View Larger Map<\/p>\n<div class=\"pvc_clear\"><\/div>\n<p id=\"pvc_stats_89\" class=\"pvc_stats all  \" data-element-id=\"89\" style=\"\"><i class=\"pvc-stats-icon medium\" aria-hidden=\"true\"><svg aria-hidden=\"true\" focusable=\"false\" data-prefix=\"far\" data-icon=\"chart-bar\" role=\"img\" xmlns=\"http:\/\/www.w3.org\/2000\/svg\" viewBox=\"0 0 512 512\" class=\"svg-inline--fa fa-chart-bar fa-w-16 fa-2x\"><path fill=\"currentColor\" d=\"M396.8 352h22.4c6.4 0 12.8-6.4 12.8-12.8V108.8c0-6.4-6.4-12.8-12.8-12.8h-22.4c-6.4 0-12.8 6.4-12.8 12.8v230.4c0 6.4 6.4 12.8 12.8 12.8zm-192 0h22.4c6.4 0 12.8-6.4 12.8-12.8V140.8c0-6.4-6.4-12.8-12.8-12.8h-22.4c-6.4 0-12.8 6.4-12.8 12.8v198.4c0 6.4 6.4 12.8 12.8 12.8zm96 0h22.4c6.4 0 12.8-6.4 12.8-12.8V204.8c0-6.4-6.4-12.8-12.8-12.8h-22.4c-6.4 0-12.8 6.4-12.8 12.8v134.4c0 6.4 6.4 12.8 12.8 12.8zM496 400H48V80c0-8.84-7.16-16-16-16H16C7.16 64 0 71.16 0 80v336c0 17.67 14.33 32 32 32h464c8.84 0 16-7.16 16-16v-16c0-8.84-7.16-16-16-16zm-387.2-48h22.4c6.4 0 12.8-6.4 12.8-12.8v-70.4c0-6.4-6.4-12.8-12.8-12.8h-22.4c-6.4 0-12.8 6.4-12.8 12.8v70.4c0 6.4 6.4 12.8 12.8 12.8z\" class=\"\"><\/path><\/svg><\/i> <img loading=\"lazy\" decoding=\"async\" width=\"16\" height=\"16\" alt=\"Loading\" src=\"https:\/\/fae.uprrp.edu\/gerenciadeoficina\/wp-content\/plugins\/page-views-count\/ajax-loader-2x.gif\" border=0 \/><\/p>\n<div class=\"pvc_clear\"><\/div>\n","protected":false},"author":3,"featured_media":0,"parent":6,"menu_order":90,"comment_status":"closed","ping_status":"closed","template":"","meta":{"_monsterinsights_skip_tracking":false,"_monsterinsights_sitenote_active":false,"_monsterinsights_sitenote_note":"","_monsterinsights_sitenote_category":0,"footnotes":""},"class_list":["post-89","page","type-page","status-publish"],"_links":{"self":[{"href":"https:\/\/fae.uprrp.edu\/gerenciadeoficina\/wp-json\/wp\/v2\/pages\/89","targetHints":{"allow":["GET"]}}],"collection":[{"href":"https:\/\/fae.uprrp.edu\/gerenciadeoficina\/wp-json\/wp\/v2\/pages"}],"about":[{"href":"https:\/\/fae.uprrp.edu\/gerenciadeoficina\/wp-json\/wp\/v2\/types\/page"}],"author":[{"embeddable":true,"href":"https:\/\/fae.uprrp.edu\/gerenciadeoficina\/wp-json\/wp\/v2\/users\/3"}],"replies":[{"embeddable":true,"href":"https:\/\/fae.uprrp.edu\/gerenciadeoficina\/wp-json\/wp\/v2\/comments?post=89"}],"version-history":[{"count":5,"href":"https:\/\/fae.uprrp.edu\/gerenciadeoficina\/wp-json\/wp\/v2\/pages\/89\/revisions"}],"predecessor-version":[{"id":184,"href":"https:\/\/fae.uprrp.edu\/gerenciadeoficina\/wp-json\/wp\/v2\/pages\/89\/revisions\/184"}],"up":[{"embeddable":true,"href":"https:\/\/fae.uprrp.edu\/gerenciadeoficina\/wp-json\/wp\/v2\/pages\/6"}],"wp:attachment":[{"href":"https:\/\/fae.uprrp.edu\/gerenciadeoficina\/wp-json\/wp\/v2\/media?parent=89"}],"curies":[{"name":"wp","href":"https:\/\/api.w.org\/{rel}","templated":true}]}}