{"id":86,"date":"2018-02-22T12:59:51","date_gmt":"2018-02-22T12:59:51","guid":{"rendered":"http:\/\/fae.uprrp.edu\/gerenciadeoficina\/?page_id=86"},"modified":"2018-09-26T12:24:10","modified_gmt":"2018-09-26T16:24:10","slug":"contactos","status":"publish","type":"page","link":"https:\/\/fae.uprrp.edu\/gerenciadeoficina\/contactos\/","title":{"rendered":"Contactos"},"content":{"rendered":"<p><strong>Programa de Gerencia de Oficina<\/strong><\/p>\n<p>Directora<br \/>\nDra. Myrna L\u00f3pez de Pinto, Ed.D<br \/>\nCatedr\u00e1tica Asociada<\/p>\n<p>E-mail: <a title=\"Para enviar un mensaje a la Directora de ADSO.\" href=\"geof.fae@upr.edu\">geof.fae@upr.edu<\/a><\/p>\n<p>Sra. Gladybeth Rodr\u00edguez<br \/>\nFuncionaria administrativa del<br \/>\nDepartamento de Gerencia de Oficina<br \/>\ngladybeth.rodriguez@upr.edu<\/p>\n<p>Tel. 787-764-0000, Ext. 87151<\/p>\n<p>&nbsp;<\/p>\n<div class=\"pvc_clear\"><\/div>\n<p id=\"pvc_stats_86\" class=\"pvc_stats all  \" data-element-id=\"86\" style=\"\"><i class=\"pvc-stats-icon medium\" aria-hidden=\"true\"><svg aria-hidden=\"true\" focusable=\"false\" data-prefix=\"far\" data-icon=\"chart-bar\" role=\"img\" xmlns=\"http:\/\/www.w3.org\/2000\/svg\" viewBox=\"0 0 512 512\" class=\"svg-inline--fa fa-chart-bar fa-w-16 fa-2x\"><path fill=\"currentColor\" d=\"M396.8 352h22.4c6.4 0 12.8-6.4 12.8-12.8V108.8c0-6.4-6.4-12.8-12.8-12.8h-22.4c-6.4 0-12.8 6.4-12.8 12.8v230.4c0 6.4 6.4 12.8 12.8 12.8zm-192 0h22.4c6.4 0 12.8-6.4 12.8-12.8V140.8c0-6.4-6.4-12.8-12.8-12.8h-22.4c-6.4 0-12.8 6.4-12.8 12.8v198.4c0 6.4 6.4 12.8 12.8 12.8zm96 0h22.4c6.4 0 12.8-6.4 12.8-12.8V204.8c0-6.4-6.4-12.8-12.8-12.8h-22.4c-6.4 0-12.8 6.4-12.8 12.8v134.4c0 6.4 6.4 12.8 12.8 12.8zM496 400H48V80c0-8.84-7.16-16-16-16H16C7.16 64 0 71.16 0 80v336c0 17.67 14.33 32 32 32h464c8.84 0 16-7.16 16-16v-16c0-8.84-7.16-16-16-16zm-387.2-48h22.4c6.4 0 12.8-6.4 12.8-12.8v-70.4c0-6.4-6.4-12.8-12.8-12.8h-22.4c-6.4 0-12.8 6.4-12.8 12.8v70.4c0 6.4 6.4 12.8 12.8 12.8z\" class=\"\"><\/path><\/svg><\/i> <img loading=\"lazy\" decoding=\"async\" width=\"16\" height=\"16\" alt=\"Loading\" src=\"https:\/\/fae.uprrp.edu\/gerenciadeoficina\/wp-content\/plugins\/page-views-count\/ajax-loader-2x.gif\" border=0 \/><\/p>\n<div class=\"pvc_clear\"><\/div>\n","protected":false},"excerpt":{"rendered":"<p>Programa de Gerencia de Oficina Directora Dra. Myrna L\u00f3pez de Pinto, Ed.D Catedr\u00e1tica Asociada E-mail: geof.fae@upr.edu Sra. Gladybeth Rodr\u00edguez Funcionaria administrativa del Departamento de Gerencia de Oficina gladybeth.rodriguez@upr.edu Tel. 787-764-0000, Ext. 87151 &nbsp;<\/p>\n<div class=\"pvc_clear\"><\/div>\n<p id=\"pvc_stats_86\" class=\"pvc_stats all  \" data-element-id=\"86\" style=\"\"><i class=\"pvc-stats-icon medium\" aria-hidden=\"true\"><svg aria-hidden=\"true\" focusable=\"false\" data-prefix=\"far\" data-icon=\"chart-bar\" role=\"img\" xmlns=\"http:\/\/www.w3.org\/2000\/svg\" viewBox=\"0 0 512 512\" class=\"svg-inline--fa fa-chart-bar fa-w-16 fa-2x\"><path fill=\"currentColor\" d=\"M396.8 352h22.4c6.4 0 12.8-6.4 12.8-12.8V108.8c0-6.4-6.4-12.8-12.8-12.8h-22.4c-6.4 0-12.8 6.4-12.8 12.8v230.4c0 6.4 6.4 12.8 12.8 12.8zm-192 0h22.4c6.4 0 12.8-6.4 12.8-12.8V140.8c0-6.4-6.4-12.8-12.8-12.8h-22.4c-6.4 0-12.8 6.4-12.8 12.8v198.4c0 6.4 6.4 12.8 12.8 12.8zm96 0h22.4c6.4 0 12.8-6.4 12.8-12.8V204.8c0-6.4-6.4-12.8-12.8-12.8h-22.4c-6.4 0-12.8 6.4-12.8 12.8v134.4c0 6.4 6.4 12.8 12.8 12.8zM496 400H48V80c0-8.84-7.16-16-16-16H16C7.16 64 0 71.16 0 80v336c0 17.67 14.33 32 32 32h464c8.84 0 16-7.16 16-16v-16c0-8.84-7.16-16-16-16zm-387.2-48h22.4c6.4 0 12.8-6.4 12.8-12.8v-70.4c0-6.4-6.4-12.8-12.8-12.8h-22.4c-6.4 0-12.8 6.4-12.8 12.8v70.4c0 6.4 6.4 12.8 12.8 12.8z\" class=\"\"><\/path><\/svg><\/i> <img loading=\"lazy\" decoding=\"async\" width=\"16\" height=\"16\" alt=\"Loading\" src=\"https:\/\/fae.uprrp.edu\/gerenciadeoficina\/wp-content\/plugins\/page-views-count\/ajax-loader-2x.gif\" border=0 \/><\/p>\n<div class=\"pvc_clear\"><\/div>\n","protected":false},"author":3,"featured_media":0,"parent":0,"menu_order":9,"comment_status":"closed","ping_status":"closed","template":"","meta":{"_monsterinsights_skip_tracking":false,"_monsterinsights_sitenote_active":false,"_monsterinsights_sitenote_note":"","_monsterinsights_sitenote_category":0,"footnotes":""},"class_list":["post-86","page","type-page","status-publish"],"_links":{"self":[{"href":"https:\/\/fae.uprrp.edu\/gerenciadeoficina\/wp-json\/wp\/v2\/pages\/86","targetHints":{"allow":["GET"]}}],"collection":[{"href":"https:\/\/fae.uprrp.edu\/gerenciadeoficina\/wp-json\/wp\/v2\/pages"}],"about":[{"href":"https:\/\/fae.uprrp.edu\/gerenciadeoficina\/wp-json\/wp\/v2\/types\/page"}],"author":[{"embeddable":true,"href":"https:\/\/fae.uprrp.edu\/gerenciadeoficina\/wp-json\/wp\/v2\/users\/3"}],"replies":[{"embeddable":true,"href":"https:\/\/fae.uprrp.edu\/gerenciadeoficina\/wp-json\/wp\/v2\/comments?post=86"}],"version-history":[{"count":7,"href":"https:\/\/fae.uprrp.edu\/gerenciadeoficina\/wp-json\/wp\/v2\/pages\/86\/revisions"}],"predecessor-version":[{"id":289,"href":"https:\/\/fae.uprrp.edu\/gerenciadeoficina\/wp-json\/wp\/v2\/pages\/86\/revisions\/289"}],"wp:attachment":[{"href":"https:\/\/fae.uprrp.edu\/gerenciadeoficina\/wp-json\/wp\/v2\/media?parent=86"}],"curies":[{"name":"wp","href":"https:\/\/api.w.org\/{rel}","templated":true}]}}