{"id":81,"date":"2018-02-21T18:25:28","date_gmt":"2018-02-21T18:25:28","guid":{"rendered":"http:\/\/fae.uprrp.edu\/gerenciadeoficina\/?page_id=81"},"modified":"2024-09-18T10:58:31","modified_gmt":"2024-09-18T14:58:31","slug":"avaluo-assessment","status":"publish","type":"page","link":"https:\/\/fae.uprrp.edu\/gerenciadeoficina\/inicio\/avaluo-assessment\/","title":{"rendered":"Aval\u00fao\/ Assessment"},"content":{"rendered":"<h3 style=\"text-align: center;\"><strong>Aval\u00fao del Programa de Gerencia de Oficina<\/strong><\/h3>\n<p style=\"text-align: justify;\">Compartimos algunos resultados y an\u00e1lisis de las estrategias de aval\u00fao para medir la satisfacci\u00f3n de los estudiantes, egresados, profesores y grupos de inter\u00e9s, asi como, el aprendizaje y ejecuci\u00f3n estudiantil, al igual que la efectividad organizacional.<\/p>\n<p>&nbsp;<\/p>\n<blockquote>\n<h2><a href=\"https:\/\/fae.uprrp.edu\/gerenciadeoficina\/wp-content\/uploads\/sites\/14\/2022\/08\/TASA-DE-GRADUACION-GEOF-.pdf\">Tasa de Graduaci\u00f3n del Departamento de Gerencia de Oficina<\/a><\/h2>\n<\/blockquote>\n<blockquote>\n<h2><a href=\"https:\/\/fae.uprrp.edu\/gerenciadeoficina\/wp-content\/uploads\/sites\/14\/2022\/08\/TASA-DE-RETENCION-GEOF-.pdf\">Tasa de Retenci\u00f3n del Departamento de Gerencia de Oficina<\/a><\/h2>\n<\/blockquote>\n<div class=\"pvc_clear\"><\/div>\n<p id=\"pvc_stats_81\" class=\"pvc_stats all  \" data-element-id=\"81\" style=\"\"><i class=\"pvc-stats-icon medium\" aria-hidden=\"true\"><svg aria-hidden=\"true\" focusable=\"false\" data-prefix=\"far\" data-icon=\"chart-bar\" role=\"img\" xmlns=\"http:\/\/www.w3.org\/2000\/svg\" viewBox=\"0 0 512 512\" class=\"svg-inline--fa fa-chart-bar fa-w-16 fa-2x\"><path fill=\"currentColor\" d=\"M396.8 352h22.4c6.4 0 12.8-6.4 12.8-12.8V108.8c0-6.4-6.4-12.8-12.8-12.8h-22.4c-6.4 0-12.8 6.4-12.8 12.8v230.4c0 6.4 6.4 12.8 12.8 12.8zm-192 0h22.4c6.4 0 12.8-6.4 12.8-12.8V140.8c0-6.4-6.4-12.8-12.8-12.8h-22.4c-6.4 0-12.8 6.4-12.8 12.8v198.4c0 6.4 6.4 12.8 12.8 12.8zm96 0h22.4c6.4 0 12.8-6.4 12.8-12.8V204.8c0-6.4-6.4-12.8-12.8-12.8h-22.4c-6.4 0-12.8 6.4-12.8 12.8v134.4c0 6.4 6.4 12.8 12.8 12.8zM496 400H48V80c0-8.84-7.16-16-16-16H16C7.16 64 0 71.16 0 80v336c0 17.67 14.33 32 32 32h464c8.84 0 16-7.16 16-16v-16c0-8.84-7.16-16-16-16zm-387.2-48h22.4c6.4 0 12.8-6.4 12.8-12.8v-70.4c0-6.4-6.4-12.8-12.8-12.8h-22.4c-6.4 0-12.8 6.4-12.8 12.8v70.4c0 6.4 6.4 12.8 12.8 12.8z\" class=\"\"><\/path><\/svg><\/i> <img loading=\"lazy\" decoding=\"async\" width=\"16\" height=\"16\" alt=\"Loading\" src=\"https:\/\/fae.uprrp.edu\/gerenciadeoficina\/wp-content\/plugins\/page-views-count\/ajax-loader-2x.gif\" border=0 \/><\/p>\n<div class=\"pvc_clear\"><\/div>\n","protected":false},"excerpt":{"rendered":"<p>Aval\u00fao del Programa de Gerencia de Oficina Compartimos algunos resultados y an\u00e1lisis de las estrategias de aval\u00fao para medir la satisfacci\u00f3n de los estudiantes, egresados, profesores y grupos de inter\u00e9s, asi como, el aprendizaje y ejecuci\u00f3n estudiantil, al igual que la efectividad organizacional. &nbsp; Tasa de Graduaci\u00f3n del Departamento de Gerencia de Oficina Tasa de<\/p>\n<div class=\"read-more\"><a href=\"https:\/\/fae.uprrp.edu\/gerenciadeoficina\/inicio\/avaluo-assessment\/\" title=\"Read More\">Read More<\/a><\/div>\n<div class=\"pvc_clear\"><\/div>\n<p id=\"pvc_stats_81\" class=\"pvc_stats all  \" data-element-id=\"81\" style=\"\"><i class=\"pvc-stats-icon medium\" aria-hidden=\"true\"><svg aria-hidden=\"true\" focusable=\"false\" data-prefix=\"far\" data-icon=\"chart-bar\" role=\"img\" xmlns=\"http:\/\/www.w3.org\/2000\/svg\" viewBox=\"0 0 512 512\" class=\"svg-inline--fa fa-chart-bar fa-w-16 fa-2x\"><path fill=\"currentColor\" d=\"M396.8 352h22.4c6.4 0 12.8-6.4 12.8-12.8V108.8c0-6.4-6.4-12.8-12.8-12.8h-22.4c-6.4 0-12.8 6.4-12.8 12.8v230.4c0 6.4 6.4 12.8 12.8 12.8zm-192 0h22.4c6.4 0 12.8-6.4 12.8-12.8V140.8c0-6.4-6.4-12.8-12.8-12.8h-22.4c-6.4 0-12.8 6.4-12.8 12.8v198.4c0 6.4 6.4 12.8 12.8 12.8zm96 0h22.4c6.4 0 12.8-6.4 12.8-12.8V204.8c0-6.4-6.4-12.8-12.8-12.8h-22.4c-6.4 0-12.8 6.4-12.8 12.8v134.4c0 6.4 6.4 12.8 12.8 12.8zM496 400H48V80c0-8.84-7.16-16-16-16H16C7.16 64 0 71.16 0 80v336c0 17.67 14.33 32 32 32h464c8.84 0 16-7.16 16-16v-16c0-8.84-7.16-16-16-16zm-387.2-48h22.4c6.4 0 12.8-6.4 12.8-12.8v-70.4c0-6.4-6.4-12.8-12.8-12.8h-22.4c-6.4 0-12.8 6.4-12.8 12.8v70.4c0 6.4 6.4 12.8 12.8 12.8z\" class=\"\"><\/path><\/svg><\/i> <img loading=\"lazy\" decoding=\"async\" width=\"16\" height=\"16\" alt=\"Loading\" src=\"https:\/\/fae.uprrp.edu\/gerenciadeoficina\/wp-content\/plugins\/page-views-count\/ajax-loader-2x.gif\" border=0 \/><\/p>\n<div class=\"pvc_clear\"><\/div>\n","protected":false},"author":20,"featured_media":0,"parent":6,"menu_order":50,"comment_status":"closed","ping_status":"closed","template":"","meta":{"_monsterinsights_skip_tracking":false,"_monsterinsights_sitenote_active":false,"_monsterinsights_sitenote_note":"","_monsterinsights_sitenote_category":0,"footnotes":""},"class_list":["post-81","page","type-page","status-publish"],"_links":{"self":[{"href":"https:\/\/fae.uprrp.edu\/gerenciadeoficina\/wp-json\/wp\/v2\/pages\/81","targetHints":{"allow":["GET"]}}],"collection":[{"href":"https:\/\/fae.uprrp.edu\/gerenciadeoficina\/wp-json\/wp\/v2\/pages"}],"about":[{"href":"https:\/\/fae.uprrp.edu\/gerenciadeoficina\/wp-json\/wp\/v2\/types\/page"}],"author":[{"embeddable":true,"href":"https:\/\/fae.uprrp.edu\/gerenciadeoficina\/wp-json\/wp\/v2\/users\/20"}],"replies":[{"embeddable":true,"href":"https:\/\/fae.uprrp.edu\/gerenciadeoficina\/wp-json\/wp\/v2\/comments?post=81"}],"version-history":[{"count":18,"href":"https:\/\/fae.uprrp.edu\/gerenciadeoficina\/wp-json\/wp\/v2\/pages\/81\/revisions"}],"predecessor-version":[{"id":742,"href":"https:\/\/fae.uprrp.edu\/gerenciadeoficina\/wp-json\/wp\/v2\/pages\/81\/revisions\/742"}],"up":[{"embeddable":true,"href":"https:\/\/fae.uprrp.edu\/gerenciadeoficina\/wp-json\/wp\/v2\/pages\/6"}],"wp:attachment":[{"href":"https:\/\/fae.uprrp.edu\/gerenciadeoficina\/wp-json\/wp\/v2\/media?parent=81"}],"curies":[{"name":"wp","href":"https:\/\/api.w.org\/{rel}","templated":true}]}}