{"id":694,"date":"2022-09-13T11:45:42","date_gmt":"2022-09-13T15:45:42","guid":{"rendered":"https:\/\/fae.uprrp.edu\/gerenciadeoficina\/?page_id=694"},"modified":"2024-09-18T11:05:18","modified_gmt":"2024-09-18T15:05:18","slug":"reconocimiento-bpa","status":"publish","type":"page","link":"https:\/\/fae.uprrp.edu\/gerenciadeoficina\/reconocimiento-bpa\/","title":{"rendered":"Reconocimiento BPA"},"content":{"rendered":"<p>El viernes 9 de septiembre de 2022, los decanos Rafael Marrero y Jeannette Cab\u00e1n, as\u00ed como la Directora de GEOF, llevaron a cabo la actividad de reconocimiento a la asociaci\u00f3n Business Professionals of America (BPA), Cap\u00edtulo UPR- R\u00edo Piedras por representar dignamente a la FAE en las competencias efectuadas en la Conferencia Nacional de Liderazgo.<\/p>\n<p>Esta asociaci\u00f3n estudiantil, Cap\u00edtulo de la Universidad de Puerto Rico, Recinto de R\u00edo Piedras, cuenta con estudiantes de distintas concentraciones de la Facultad de Administraci\u00f3n de Empresas, tales como: Gerencia de Oficina, Contabilidad, Finanzas, Mercadeo y Recursos Humanos; as\u00ed como estudiantes de Educaci\u00f3n Comercial y otros campos relacionados. Nuestro cap\u00edtulo tiene 34 miembros, y a nivel nacional existen alrededor de 50,000 miembros en m\u00e1s de 2,300 cap\u00edtulos en 23 estados de los Estados Unidos.<\/p>\n<p>Como parte de la conferencia anual, cada a\u00f1o se llevan a cabo competencias en setenta y dos (72) \u00e1reas en destrezas de comercio y soluci\u00f3n de problemas en finanzas, gerencia, recursos humanos, tecnolog\u00eda de informaci\u00f3n y destrezas en programas de aplicaci\u00f3n. En los \u00faltimos ocho a\u00f1os varios grupos de estudiantes del Recinto de R\u00edo Piedras de la Universidad de Puerto Rico han participado en estas competencias y han obtenido premios en \u201cOutstanding Environmental\/Awareness Award\u201d, \u201cOutstanding Marketing and Public Relations\u201d, \u201cOutstanding Professional Development Award\u201d, primer, segundo y tercer lugar en diversas competencias en las \u00e1reas de gerencia de oficina y administraci\u00f3n de empresa. Adem\u00e1s de m\u00faltiples medallas entre los primeros diez (10) lugares de las categor\u00edas que representaron.<\/p>\n<p>En las competencias que se llevaron a cabo en mayo de 2021 y 2022 los estudiantes participaron nuevamente representando la Universidad de Puerto Rico, Recinto de R\u00edo Piedras, en las diferentes \u00e1reas previamente mencionadas. En todo el trayecto les ha acompa\u00f1ado nuestra Consejera, la Dra. Juanita Rodr\u00edguez Marrero, a quien tambi\u00e9n se le reconoci\u00f3 su valiosa aportaci\u00f3n al desarrollo profesional y desempe\u00f1o de estos estudiantes.<\/p>\n<p>El 9 de septiembre de 2022 el Dr. Rafael Marrero, Dra. Jeannette Cab\u00e1n, Dra. Maribel Huertas y la Dra. Luc\u00eda Conde se dieron a la tarea de reconocer a los estudiantes que se destacaron en las competencias del National Leadership Conference de los a\u00f1os 2021 y 2022. Cada funcionario brind\u00f3 sus felicitaciones hacia los miembros de la organizaci\u00f3n. Adem\u00e1s, reconocieron a la organizaci\u00f3n como una activa e importante para la Facultad, debido a sus actividades profesionales y su impacto en la formaci\u00f3n de los estudiantes. Fomentaron en los all\u00ed presentes a seguir aprovechando las oportunidades, buscando siempre el progreso. En fin, destacaron el desempe\u00f1o en las competencias y digna representaci\u00f3n que se hizo de la Universidad de Puerto Rico, Recinto de R\u00edo Piedras.<\/p>\n<p><img loading=\"lazy\" decoding=\"async\" class=\" wp-image-701 aligncenter\" src=\"https:\/\/fae.uprrp.edu\/gerenciadeoficina\/wp-content\/uploads\/sites\/14\/2022\/09\/20220909_151848-300x181.jpg\" alt=\"\" width=\"366\" height=\"221\" srcset=\"https:\/\/fae.uprrp.edu\/gerenciadeoficina\/wp-content\/uploads\/sites\/14\/2022\/09\/20220909_151848-300x181.jpg 300w, https:\/\/fae.uprrp.edu\/gerenciadeoficina\/wp-content\/uploads\/sites\/14\/2022\/09\/20220909_151848-1024x617.jpg 1024w, https:\/\/fae.uprrp.edu\/gerenciadeoficina\/wp-content\/uploads\/sites\/14\/2022\/09\/20220909_151848-1536x925.jpg 1536w, https:\/\/fae.uprrp.edu\/gerenciadeoficina\/wp-content\/uploads\/sites\/14\/2022\/09\/20220909_151848-2048x1233.jpg 2048w\" sizes=\"auto, (max-width: 366px) 100vw, 366px\" \/><\/p>\n<p><img loading=\"lazy\" decoding=\"async\" class=\"alignnone wp-image-703\" src=\"https:\/\/fae.uprrp.edu\/gerenciadeoficina\/wp-content\/uploads\/sites\/14\/2022\/09\/20220909_153553-300x256.jpg\" alt=\"\" width=\"349\" height=\"298\" srcset=\"https:\/\/fae.uprrp.edu\/gerenciadeoficina\/wp-content\/uploads\/sites\/14\/2022\/09\/20220909_153553-300x256.jpg 300w, https:\/\/fae.uprrp.edu\/gerenciadeoficina\/wp-content\/uploads\/sites\/14\/2022\/09\/20220909_153553-1024x874.jpg 1024w, https:\/\/fae.uprrp.edu\/gerenciadeoficina\/wp-content\/uploads\/sites\/14\/2022\/09\/20220909_153553-1536x1311.jpg 1536w, https:\/\/fae.uprrp.edu\/gerenciadeoficina\/wp-content\/uploads\/sites\/14\/2022\/09\/20220909_153553.jpg 1765w\" sizes=\"auto, (max-width: 349px) 100vw, 349px\" \/> <img loading=\"lazy\" decoding=\"async\" class=\"alignnone size-medium wp-image-702\" src=\"https:\/\/fae.uprrp.edu\/gerenciadeoficina\/wp-content\/uploads\/sites\/14\/2022\/09\/20220909_153501-273x300.jpg\" alt=\"\" width=\"273\" height=\"300\" srcset=\"https:\/\/fae.uprrp.edu\/gerenciadeoficina\/wp-content\/uploads\/sites\/14\/2022\/09\/20220909_153501-273x300.jpg 273w, https:\/\/fae.uprrp.edu\/gerenciadeoficina\/wp-content\/uploads\/sites\/14\/2022\/09\/20220909_153501-931x1024.jpg 931w, https:\/\/fae.uprrp.edu\/gerenciadeoficina\/wp-content\/uploads\/sites\/14\/2022\/09\/20220909_153501-1397x1536.jpg 1397w, https:\/\/fae.uprrp.edu\/gerenciadeoficina\/wp-content\/uploads\/sites\/14\/2022\/09\/20220909_153501.jpg 1473w\" sizes=\"auto, (max-width: 273px) 100vw, 273px\" \/> <img loading=\"lazy\" decoding=\"async\" class=\"alignnone wp-image-700\" src=\"https:\/\/fae.uprrp.edu\/gerenciadeoficina\/wp-content\/uploads\/sites\/14\/2022\/09\/20220909_153637-300x260.jpg\" alt=\"\" width=\"316\" height=\"274\" srcset=\"https:\/\/fae.uprrp.edu\/gerenciadeoficina\/wp-content\/uploads\/sites\/14\/2022\/09\/20220909_153637-300x260.jpg 300w, https:\/\/fae.uprrp.edu\/gerenciadeoficina\/wp-content\/uploads\/sites\/14\/2022\/09\/20220909_153637-1024x887.jpg 1024w, https:\/\/fae.uprrp.edu\/gerenciadeoficina\/wp-content\/uploads\/sites\/14\/2022\/09\/20220909_153637-1536x1331.jpg 1536w, https:\/\/fae.uprrp.edu\/gerenciadeoficina\/wp-content\/uploads\/sites\/14\/2022\/09\/20220909_153637-110x96.jpg 110w, https:\/\/fae.uprrp.edu\/gerenciadeoficina\/wp-content\/uploads\/sites\/14\/2022\/09\/20220909_153637.jpg 1727w\" sizes=\"auto, (max-width: 316px) 100vw, 316px\" \/> <img loading=\"lazy\" decoding=\"async\" class=\"alignnone size-medium wp-image-699\" src=\"https:\/\/fae.uprrp.edu\/gerenciadeoficina\/wp-content\/uploads\/sites\/14\/2022\/09\/20220909_153724-300x275.jpg\" alt=\"\" width=\"300\" height=\"275\" srcset=\"https:\/\/fae.uprrp.edu\/gerenciadeoficina\/wp-content\/uploads\/sites\/14\/2022\/09\/20220909_153724-300x275.jpg 300w, https:\/\/fae.uprrp.edu\/gerenciadeoficina\/wp-content\/uploads\/sites\/14\/2022\/09\/20220909_153724-1024x939.jpg 1024w, https:\/\/fae.uprrp.edu\/gerenciadeoficina\/wp-content\/uploads\/sites\/14\/2022\/09\/20220909_153724-1536x1409.jpg 1536w, https:\/\/fae.uprrp.edu\/gerenciadeoficina\/wp-content\/uploads\/sites\/14\/2022\/09\/20220909_153724-235x216.jpg 235w, https:\/\/fae.uprrp.edu\/gerenciadeoficina\/wp-content\/uploads\/sites\/14\/2022\/09\/20220909_153724.jpg 1634w\" sizes=\"auto, (max-width: 300px) 100vw, 300px\" \/> <img loading=\"lazy\" decoding=\"async\" class=\"alignnone wp-image-698\" src=\"https:\/\/fae.uprrp.edu\/gerenciadeoficina\/wp-content\/uploads\/sites\/14\/2022\/09\/20220909_153817-300x282.jpg\" alt=\"\" width=\"318\" height=\"299\" srcset=\"https:\/\/fae.uprrp.edu\/gerenciadeoficina\/wp-content\/uploads\/sites\/14\/2022\/09\/20220909_153817-300x282.jpg 300w, https:\/\/fae.uprrp.edu\/gerenciadeoficina\/wp-content\/uploads\/sites\/14\/2022\/09\/20220909_153817-1024x962.jpg 1024w, https:\/\/fae.uprrp.edu\/gerenciadeoficina\/wp-content\/uploads\/sites\/14\/2022\/09\/20220909_153817-1536x1443.jpg 1536w, https:\/\/fae.uprrp.edu\/gerenciadeoficina\/wp-content\/uploads\/sites\/14\/2022\/09\/20220909_153817.jpg 1657w\" sizes=\"auto, (max-width: 318px) 100vw, 318px\" \/> <img loading=\"lazy\" decoding=\"async\" class=\"alignnone size-medium wp-image-697\" src=\"https:\/\/fae.uprrp.edu\/gerenciadeoficina\/wp-content\/uploads\/sites\/14\/2022\/09\/20220909_153955-241x300.jpg\" alt=\"\" width=\"241\" height=\"300\" srcset=\"https:\/\/fae.uprrp.edu\/gerenciadeoficina\/wp-content\/uploads\/sites\/14\/2022\/09\/20220909_153955-241x300.jpg 241w, https:\/\/fae.uprrp.edu\/gerenciadeoficina\/wp-content\/uploads\/sites\/14\/2022\/09\/20220909_153955-824x1024.jpg 824w, https:\/\/fae.uprrp.edu\/gerenciadeoficina\/wp-content\/uploads\/sites\/14\/2022\/09\/20220909_153955-1236x1536.jpg 1236w, https:\/\/fae.uprrp.edu\/gerenciadeoficina\/wp-content\/uploads\/sites\/14\/2022\/09\/20220909_153955-1648x2048.jpg 1648w, https:\/\/fae.uprrp.edu\/gerenciadeoficina\/wp-content\/uploads\/sites\/14\/2022\/09\/20220909_153955.jpg 1716w\" sizes=\"auto, (max-width: 241px) 100vw, 241px\" \/> <img loading=\"lazy\" decoding=\"async\" class=\"size-medium wp-image-696 aligncenter\" src=\"https:\/\/fae.uprrp.edu\/gerenciadeoficina\/wp-content\/uploads\/sites\/14\/2022\/09\/20220909_154410-175x300.jpg\" alt=\"\" width=\"175\" height=\"300\" srcset=\"https:\/\/fae.uprrp.edu\/gerenciadeoficina\/wp-content\/uploads\/sites\/14\/2022\/09\/20220909_154410-175x300.jpg 175w, https:\/\/fae.uprrp.edu\/gerenciadeoficina\/wp-content\/uploads\/sites\/14\/2022\/09\/20220909_154410-596x1024.jpg 596w, https:\/\/fae.uprrp.edu\/gerenciadeoficina\/wp-content\/uploads\/sites\/14\/2022\/09\/20220909_154410-894x1536.jpg 894w, https:\/\/fae.uprrp.edu\/gerenciadeoficina\/wp-content\/uploads\/sites\/14\/2022\/09\/20220909_154410-1192x2048.jpg 1192w, https:\/\/fae.uprrp.edu\/gerenciadeoficina\/wp-content\/uploads\/sites\/14\/2022\/09\/20220909_154410-scaled.jpg 1490w\" sizes=\"auto, (max-width: 175px) 100vw, 175px\" \/><\/p>\n<div class=\"pvc_clear\"><\/div>\n<p id=\"pvc_stats_694\" class=\"pvc_stats all  \" data-element-id=\"694\" style=\"\"><i class=\"pvc-stats-icon medium\" aria-hidden=\"true\"><svg aria-hidden=\"true\" focusable=\"false\" data-prefix=\"far\" data-icon=\"chart-bar\" role=\"img\" xmlns=\"http:\/\/www.w3.org\/2000\/svg\" viewBox=\"0 0 512 512\" class=\"svg-inline--fa fa-chart-bar fa-w-16 fa-2x\"><path fill=\"currentColor\" d=\"M396.8 352h22.4c6.4 0 12.8-6.4 12.8-12.8V108.8c0-6.4-6.4-12.8-12.8-12.8h-22.4c-6.4 0-12.8 6.4-12.8 12.8v230.4c0 6.4 6.4 12.8 12.8 12.8zm-192 0h22.4c6.4 0 12.8-6.4 12.8-12.8V140.8c0-6.4-6.4-12.8-12.8-12.8h-22.4c-6.4 0-12.8 6.4-12.8 12.8v198.4c0 6.4 6.4 12.8 12.8 12.8zm96 0h22.4c6.4 0 12.8-6.4 12.8-12.8V204.8c0-6.4-6.4-12.8-12.8-12.8h-22.4c-6.4 0-12.8 6.4-12.8 12.8v134.4c0 6.4 6.4 12.8 12.8 12.8zM496 400H48V80c0-8.84-7.16-16-16-16H16C7.16 64 0 71.16 0 80v336c0 17.67 14.33 32 32 32h464c8.84 0 16-7.16 16-16v-16c0-8.84-7.16-16-16-16zm-387.2-48h22.4c6.4 0 12.8-6.4 12.8-12.8v-70.4c0-6.4-6.4-12.8-12.8-12.8h-22.4c-6.4 0-12.8 6.4-12.8 12.8v70.4c0 6.4 6.4 12.8 12.8 12.8z\" class=\"\"><\/path><\/svg><\/i> <img loading=\"lazy\" decoding=\"async\" width=\"16\" height=\"16\" alt=\"Loading\" src=\"https:\/\/fae.uprrp.edu\/gerenciadeoficina\/wp-content\/plugins\/page-views-count\/ajax-loader-2x.gif\" border=0 \/><\/p>\n<div class=\"pvc_clear\"><\/div>\n","protected":false},"excerpt":{"rendered":"<p>El viernes 9 de septiembre de 2022, los decanos Rafael Marrero y Jeannette Cab\u00e1n, as\u00ed como la Directora de GEOF, llevaron a cabo la actividad de reconocimiento a la asociaci\u00f3n Business Professionals of America (BPA), Cap\u00edtulo UPR- R\u00edo Piedras por representar dignamente a la FAE en las competencias efectuadas en la Conferencia Nacional de Liderazgo.<\/p>\n<div class=\"read-more\"><a href=\"https:\/\/fae.uprrp.edu\/gerenciadeoficina\/reconocimiento-bpa\/\" title=\"Read More\">Read More<\/a><\/div>\n<div class=\"pvc_clear\"><\/div>\n<p id=\"pvc_stats_694\" class=\"pvc_stats all  \" data-element-id=\"694\" style=\"\"><i class=\"pvc-stats-icon medium\" aria-hidden=\"true\"><svg aria-hidden=\"true\" focusable=\"false\" data-prefix=\"far\" data-icon=\"chart-bar\" role=\"img\" xmlns=\"http:\/\/www.w3.org\/2000\/svg\" viewBox=\"0 0 512 512\" class=\"svg-inline--fa fa-chart-bar fa-w-16 fa-2x\"><path fill=\"currentColor\" d=\"M396.8 352h22.4c6.4 0 12.8-6.4 12.8-12.8V108.8c0-6.4-6.4-12.8-12.8-12.8h-22.4c-6.4 0-12.8 6.4-12.8 12.8v230.4c0 6.4 6.4 12.8 12.8 12.8zm-192 0h22.4c6.4 0 12.8-6.4 12.8-12.8V140.8c0-6.4-6.4-12.8-12.8-12.8h-22.4c-6.4 0-12.8 6.4-12.8 12.8v198.4c0 6.4 6.4 12.8 12.8 12.8zm96 0h22.4c6.4 0 12.8-6.4 12.8-12.8V204.8c0-6.4-6.4-12.8-12.8-12.8h-22.4c-6.4 0-12.8 6.4-12.8 12.8v134.4c0 6.4 6.4 12.8 12.8 12.8zM496 400H48V80c0-8.84-7.16-16-16-16H16C7.16 64 0 71.16 0 80v336c0 17.67 14.33 32 32 32h464c8.84 0 16-7.16 16-16v-16c0-8.84-7.16-16-16-16zm-387.2-48h22.4c6.4 0 12.8-6.4 12.8-12.8v-70.4c0-6.4-6.4-12.8-12.8-12.8h-22.4c-6.4 0-12.8 6.4-12.8 12.8v70.4c0 6.4 6.4 12.8 12.8 12.8z\" class=\"\"><\/path><\/svg><\/i> <img loading=\"lazy\" decoding=\"async\" width=\"16\" height=\"16\" alt=\"Loading\" src=\"https:\/\/fae.uprrp.edu\/gerenciadeoficina\/wp-content\/plugins\/page-views-count\/ajax-loader-2x.gif\" border=0 \/><\/p>\n<div class=\"pvc_clear\"><\/div>\n","protected":false},"author":20,"featured_media":0,"parent":0,"menu_order":0,"comment_status":"closed","ping_status":"closed","template":"","meta":{"_monsterinsights_skip_tracking":false,"_monsterinsights_sitenote_active":false,"_monsterinsights_sitenote_note":"","_monsterinsights_sitenote_category":0,"footnotes":""},"class_list":["post-694","page","type-page","status-publish"],"_links":{"self":[{"href":"https:\/\/fae.uprrp.edu\/gerenciadeoficina\/wp-json\/wp\/v2\/pages\/694","targetHints":{"allow":["GET"]}}],"collection":[{"href":"https:\/\/fae.uprrp.edu\/gerenciadeoficina\/wp-json\/wp\/v2\/pages"}],"about":[{"href":"https:\/\/fae.uprrp.edu\/gerenciadeoficina\/wp-json\/wp\/v2\/types\/page"}],"author":[{"embeddable":true,"href":"https:\/\/fae.uprrp.edu\/gerenciadeoficina\/wp-json\/wp\/v2\/users\/20"}],"replies":[{"embeddable":true,"href":"https:\/\/fae.uprrp.edu\/gerenciadeoficina\/wp-json\/wp\/v2\/comments?post=694"}],"version-history":[{"count":5,"href":"https:\/\/fae.uprrp.edu\/gerenciadeoficina\/wp-json\/wp\/v2\/pages\/694\/revisions"}],"predecessor-version":[{"id":709,"href":"https:\/\/fae.uprrp.edu\/gerenciadeoficina\/wp-json\/wp\/v2\/pages\/694\/revisions\/709"}],"wp:attachment":[{"href":"https:\/\/fae.uprrp.edu\/gerenciadeoficina\/wp-json\/wp\/v2\/media?parent=694"}],"curies":[{"name":"wp","href":"https:\/\/api.w.org\/{rel}","templated":true}]}}