{"id":637,"date":"2022-05-02T13:38:38","date_gmt":"2022-05-02T17:38:38","guid":{"rendered":"https:\/\/fae.uprrp.edu\/gerenciadeoficina\/?page_id=637"},"modified":"2024-09-18T11:07:30","modified_gmt":"2024-09-18T15:07:30","slug":"egresados","status":"publish","type":"page","link":"https:\/\/fae.uprrp.edu\/gerenciadeoficina\/egresados\/","title":{"rendered":"Egresados"},"content":{"rendered":"<p style=\"text-align: center;\"><strong>\u00a0 \u00a0El Programa de Gerencia de Oficina celebra<br \/>\nactividad educativa para los egresados<\/strong><\/p>\n<p>El Programa de Gerencia de Oficina de la Facultad de Administraci\u00f3n de Empresas comprometido con el desarrollo profesional de sus egresados, realiz\u00f3 la actividad educativa Estrategias y t\u00e9cnicas \u00fatiles para desarrollar comunicaci\u00f3n e interacci\u00f3n efectiva utilizando herramientas digitales gratuitas. Esta actividad la dict\u00f3 la Prof. Mariluz Serrano, quien es parte de la facultad del Programa de Gerencia de Oficina. La actividad se llev\u00f3 a cabo el martes, 26 de abril de 2022, mediante la plataforma Teams.<\/p>\n<p>Como parte de la actividad, la Dra. Maribel Huertas Aponte, directora del programa, se dirigi\u00f3 a los presentes y les expres\u00f3 el valor que tienen los egresados, ya que son el resultado de la raz\u00f3n de ser del programa.<\/p>\n<p>En la actividad estuvo presente la Dra. Sandra Sep\u00falveda en representaci\u00f3n del doctor Rafael Marrero, decano interino de la Facultad de Administraci\u00f3n de Empresas. La profesora Sep\u00falveda se dirigi\u00f3 a los egresados, con un mensaje donde expuso la importancia de los buenos pensamientos y a su vez, felicit\u00f3 a todos los gerentes de oficina en la Semana del Profesional Administrativo. Como parte de la facultad del programa, estuvieron presentes la Dra. Luc\u00eda Conde y la Dra. Jeannette Cab\u00e1n.<\/p>\n<p>La profesora Serrano present\u00f3 algunas herramientas de los programas de PowerPoint, como el Dictate, Zoom para resumir presentaciones, Translate, Design Idea y el Screen Recording. La profesora Serrano explic\u00f3 la manera de exportar una presentaci\u00f3n de PowerPoint como v\u00eddeo. Igualmente, present\u00f3 algunos aspectos importantes de Outlook. Entre las herramientas digitales gratuitas que se pueden utilizar en la gerencia de oficina, la profesora Serrano present\u00f3 Symbaloo para crear tableros digitales, Calendy para administrar\u00a0calendarios y Mentimeter. La actividad permiti\u00f3 a los asistentes explorar diversas alternativas tecnol\u00f3gicas que facilitan el trabajo diario en las oficinas.<\/p>\n<p><strong>Fotos de la actividad<\/strong><\/p>\n<p><img loading=\"lazy\" decoding=\"async\" class=\"aligncenter wp-image-644 size-full\" src=\"https:\/\/fae.uprrp.edu\/gerenciadeoficina\/wp-content\/uploads\/sites\/14\/2022\/05\/egresado1-1.png\" alt=\"\" width=\"1004\" height=\"587\" srcset=\"https:\/\/fae.uprrp.edu\/gerenciadeoficina\/wp-content\/uploads\/sites\/14\/2022\/05\/egresado1-1.png 1004w, https:\/\/fae.uprrp.edu\/gerenciadeoficina\/wp-content\/uploads\/sites\/14\/2022\/05\/egresado1-1-300x175.png 300w\" sizes=\"auto, (max-width: 1004px) 100vw, 1004px\" \/><\/p>\n<p><strong><img loading=\"lazy\" decoding=\"async\" class=\"aligncenter wp-image-645 size-full\" src=\"https:\/\/fae.uprrp.edu\/gerenciadeoficina\/wp-content\/uploads\/sites\/14\/2022\/05\/egresado2-1.png\" alt=\"\" width=\"994\" height=\"596\" srcset=\"https:\/\/fae.uprrp.edu\/gerenciadeoficina\/wp-content\/uploads\/sites\/14\/2022\/05\/egresado2-1.png 994w, https:\/\/fae.uprrp.edu\/gerenciadeoficina\/wp-content\/uploads\/sites\/14\/2022\/05\/egresado2-1-300x180.png 300w\" sizes=\"auto, (max-width: 994px) 100vw, 994px\" \/><\/strong><\/p>\n<p><strong><img loading=\"lazy\" decoding=\"async\" class=\"aligncenter wp-image-646 size-full\" src=\"https:\/\/fae.uprrp.edu\/gerenciadeoficina\/wp-content\/uploads\/sites\/14\/2022\/05\/egresado3.png\" alt=\"\" width=\"977\" height=\"701\" srcset=\"https:\/\/fae.uprrp.edu\/gerenciadeoficina\/wp-content\/uploads\/sites\/14\/2022\/05\/egresado3.png 977w, https:\/\/fae.uprrp.edu\/gerenciadeoficina\/wp-content\/uploads\/sites\/14\/2022\/05\/egresado3-300x215.png 300w, https:\/\/fae.uprrp.edu\/gerenciadeoficina\/wp-content\/uploads\/sites\/14\/2022\/05\/egresado3-536x386.png 536w, https:\/\/fae.uprrp.edu\/gerenciadeoficina\/wp-content\/uploads\/sites\/14\/2022\/05\/egresado3-269x192.png 269w\" sizes=\"auto, (max-width: 977px) 100vw, 977px\" \/><\/strong><\/p>\n<p><strong><img loading=\"lazy\" decoding=\"async\" class=\"aligncenter wp-image-647 size-large\" src=\"https:\/\/fae.uprrp.edu\/gerenciadeoficina\/wp-content\/uploads\/sites\/14\/2022\/05\/egresado4-1-1024x534.png\" alt=\"\" width=\"702\" height=\"366\" srcset=\"https:\/\/fae.uprrp.edu\/gerenciadeoficina\/wp-content\/uploads\/sites\/14\/2022\/05\/egresado4-1-1024x534.png 1024w, https:\/\/fae.uprrp.edu\/gerenciadeoficina\/wp-content\/uploads\/sites\/14\/2022\/05\/egresado4-1-300x157.png 300w, https:\/\/fae.uprrp.edu\/gerenciadeoficina\/wp-content\/uploads\/sites\/14\/2022\/05\/egresado4-1.png 1029w\" sizes=\"auto, (max-width: 702px) 100vw, 702px\" \/><\/strong><\/p>\n<div class=\"pvc_clear\"><\/div>\n<p id=\"pvc_stats_637\" class=\"pvc_stats all  \" data-element-id=\"637\" style=\"\"><i class=\"pvc-stats-icon medium\" aria-hidden=\"true\"><svg aria-hidden=\"true\" focusable=\"false\" data-prefix=\"far\" data-icon=\"chart-bar\" role=\"img\" xmlns=\"http:\/\/www.w3.org\/2000\/svg\" viewBox=\"0 0 512 512\" class=\"svg-inline--fa fa-chart-bar fa-w-16 fa-2x\"><path fill=\"currentColor\" d=\"M396.8 352h22.4c6.4 0 12.8-6.4 12.8-12.8V108.8c0-6.4-6.4-12.8-12.8-12.8h-22.4c-6.4 0-12.8 6.4-12.8 12.8v230.4c0 6.4 6.4 12.8 12.8 12.8zm-192 0h22.4c6.4 0 12.8-6.4 12.8-12.8V140.8c0-6.4-6.4-12.8-12.8-12.8h-22.4c-6.4 0-12.8 6.4-12.8 12.8v198.4c0 6.4 6.4 12.8 12.8 12.8zm96 0h22.4c6.4 0 12.8-6.4 12.8-12.8V204.8c0-6.4-6.4-12.8-12.8-12.8h-22.4c-6.4 0-12.8 6.4-12.8 12.8v134.4c0 6.4 6.4 12.8 12.8 12.8zM496 400H48V80c0-8.84-7.16-16-16-16H16C7.16 64 0 71.16 0 80v336c0 17.67 14.33 32 32 32h464c8.84 0 16-7.16 16-16v-16c0-8.84-7.16-16-16-16zm-387.2-48h22.4c6.4 0 12.8-6.4 12.8-12.8v-70.4c0-6.4-6.4-12.8-12.8-12.8h-22.4c-6.4 0-12.8 6.4-12.8 12.8v70.4c0 6.4 6.4 12.8 12.8 12.8z\" class=\"\"><\/path><\/svg><\/i> <img loading=\"lazy\" decoding=\"async\" width=\"16\" height=\"16\" alt=\"Loading\" src=\"https:\/\/fae.uprrp.edu\/gerenciadeoficina\/wp-content\/plugins\/page-views-count\/ajax-loader-2x.gif\" border=0 \/><\/p>\n<div class=\"pvc_clear\"><\/div>\n","protected":false},"excerpt":{"rendered":"<p>\u00a0 \u00a0El Programa de Gerencia de Oficina celebra actividad educativa para los egresados El Programa de Gerencia de Oficina de la Facultad de Administraci\u00f3n de Empresas comprometido con el desarrollo profesional de sus egresados, realiz\u00f3 la actividad educativa Estrategias y t\u00e9cnicas \u00fatiles para desarrollar comunicaci\u00f3n e interacci\u00f3n efectiva utilizando herramientas digitales gratuitas. Esta actividad la<\/p>\n<div class=\"read-more\"><a href=\"https:\/\/fae.uprrp.edu\/gerenciadeoficina\/egresados\/\" title=\"Read More\">Read More<\/a><\/div>\n<div class=\"pvc_clear\"><\/div>\n<p id=\"pvc_stats_637\" class=\"pvc_stats all  \" data-element-id=\"637\" style=\"\"><i class=\"pvc-stats-icon medium\" aria-hidden=\"true\"><svg aria-hidden=\"true\" focusable=\"false\" data-prefix=\"far\" data-icon=\"chart-bar\" role=\"img\" xmlns=\"http:\/\/www.w3.org\/2000\/svg\" viewBox=\"0 0 512 512\" class=\"svg-inline--fa fa-chart-bar fa-w-16 fa-2x\"><path fill=\"currentColor\" d=\"M396.8 352h22.4c6.4 0 12.8-6.4 12.8-12.8V108.8c0-6.4-6.4-12.8-12.8-12.8h-22.4c-6.4 0-12.8 6.4-12.8 12.8v230.4c0 6.4 6.4 12.8 12.8 12.8zm-192 0h22.4c6.4 0 12.8-6.4 12.8-12.8V140.8c0-6.4-6.4-12.8-12.8-12.8h-22.4c-6.4 0-12.8 6.4-12.8 12.8v198.4c0 6.4 6.4 12.8 12.8 12.8zm96 0h22.4c6.4 0 12.8-6.4 12.8-12.8V204.8c0-6.4-6.4-12.8-12.8-12.8h-22.4c-6.4 0-12.8 6.4-12.8 12.8v134.4c0 6.4 6.4 12.8 12.8 12.8zM496 400H48V80c0-8.84-7.16-16-16-16H16C7.16 64 0 71.16 0 80v336c0 17.67 14.33 32 32 32h464c8.84 0 16-7.16 16-16v-16c0-8.84-7.16-16-16-16zm-387.2-48h22.4c6.4 0 12.8-6.4 12.8-12.8v-70.4c0-6.4-6.4-12.8-12.8-12.8h-22.4c-6.4 0-12.8 6.4-12.8 12.8v70.4c0 6.4 6.4 12.8 12.8 12.8z\" class=\"\"><\/path><\/svg><\/i> <img loading=\"lazy\" decoding=\"async\" width=\"16\" height=\"16\" alt=\"Loading\" src=\"https:\/\/fae.uprrp.edu\/gerenciadeoficina\/wp-content\/plugins\/page-views-count\/ajax-loader-2x.gif\" border=0 \/><\/p>\n<div class=\"pvc_clear\"><\/div>\n","protected":false},"author":20,"featured_media":0,"parent":0,"menu_order":0,"comment_status":"closed","ping_status":"closed","template":"","meta":{"_monsterinsights_skip_tracking":false,"_monsterinsights_sitenote_active":false,"_monsterinsights_sitenote_note":"","_monsterinsights_sitenote_category":0,"footnotes":""},"class_list":["post-637","page","type-page","status-publish"],"_links":{"self":[{"href":"https:\/\/fae.uprrp.edu\/gerenciadeoficina\/wp-json\/wp\/v2\/pages\/637","targetHints":{"allow":["GET"]}}],"collection":[{"href":"https:\/\/fae.uprrp.edu\/gerenciadeoficina\/wp-json\/wp\/v2\/pages"}],"about":[{"href":"https:\/\/fae.uprrp.edu\/gerenciadeoficina\/wp-json\/wp\/v2\/types\/page"}],"author":[{"embeddable":true,"href":"https:\/\/fae.uprrp.edu\/gerenciadeoficina\/wp-json\/wp\/v2\/users\/20"}],"replies":[{"embeddable":true,"href":"https:\/\/fae.uprrp.edu\/gerenciadeoficina\/wp-json\/wp\/v2\/comments?post=637"}],"version-history":[{"count":11,"href":"https:\/\/fae.uprrp.edu\/gerenciadeoficina\/wp-json\/wp\/v2\/pages\/637\/revisions"}],"predecessor-version":[{"id":768,"href":"https:\/\/fae.uprrp.edu\/gerenciadeoficina\/wp-json\/wp\/v2\/pages\/637\/revisions\/768"}],"wp:attachment":[{"href":"https:\/\/fae.uprrp.edu\/gerenciadeoficina\/wp-json\/wp\/v2\/media?parent=637"}],"curies":[{"name":"wp","href":"https:\/\/api.w.org\/{rel}","templated":true}]}}