{"id":6,"date":"2018-02-20T11:53:00","date_gmt":"2018-02-20T15:53:00","guid":{"rendered":"http:\/\/fae.uprrp.edu\/gerenciadeoficina\/?page_id=6"},"modified":"2025-08-08T15:01:10","modified_gmt":"2025-08-08T19:01:10","slug":"inicio","status":"publish","type":"page","link":"https:\/\/fae.uprrp.edu\/gerenciadeoficina\/","title":{"rendered":"Departamento de Gerencia de Oficina"},"content":{"rendered":"<h2><strong>Bienvenidos al portal del departamento de Gerencia de Oficina<\/strong><\/h2>\n<p>Agradecemos su visita virtual a nuestra p\u00e1gina electr\u00f3nica. Por m\u00e1s de 95 a\u00f1os, nuestro departamento ha mantenido un programa de vanguardia, en el cual se imparte una ense\u00f1anza de excelencia en la especialidad de gerencia de oficina. Nuestro programa acad\u00e9mico tiene un dise\u00f1o multidisciplinario que atiende las necesidades de las empresas dentro y fuera de Puerto Rico.<\/p>\n<p>Desde enero de 2022, nuestro programa no tiene una oferta acad\u00e9mica h\u00e1bil para estudiantes de nuevo ingreso. Nuestra facultad trabaja en crear una nueva oferta acad\u00e9mica, que nos permitir\u00e1 continuar brindando a la sociedad, excelentes profesionales en nuestra \u00e1rea de especialidad.<\/p>\n<p>Acceda a las p\u00e1ginas de este portal para que conozca la informaci\u00f3n del departamento de Gerencia de Oficina.<\/p>\n<h2><strong>Noventa y siete a\u00f1os de historia en el Recinto de R\u00edo Piedras<\/strong><\/h2>\n<p>En el a\u00f1o 1926 se estableci\u00f3 en el Recinto de R\u00edo Piedras el Colegio de Comercio (Colegio de Administraci\u00f3n de Negocios) hoy Facultad de Administraci\u00f3n de Empresas. Esta facultad desde sus primeros a\u00f1os de fundaci\u00f3n ofreci\u00f3 el programa de Ciencias Secretariales y el programa de Bachillerato de Educaci\u00f3n Comercial en 1927. Este \u00faltimo programa ten\u00eda como objetivo principal, preparar a los maestros de asignaturas comerciales que necesitaban las escuelas secundarias en Puerto Rico. M\u00e1s adelante, el programa de educaci\u00f3n comercial fue integrado a la Facultad de Educaci\u00f3n en el Recinto de R\u00edo Piedras. El programa acad\u00e9mico de Ciencias Secretariales fue pionero en la ense\u00f1anza de su especialidad a nivel de bachillerato. Fue el modelo utilizado por otras unidades del sistema de la Universidad de Puerto Rico y de universidades privadas, que luego implantaron sus programas acad\u00e9micos.<\/p>\n<p>En el 1994 se aprob\u00f3 una revisi\u00f3n curricular que correspondi\u00f3 a la incursi\u00f3n de la tecnolog\u00eda en los ambientes laborales y educativos. La estructura modific\u00f3 los cursos existentes e integr\u00f3 cursos nuevos para satisfacer la restructuraci\u00f3n en las competencias que se requer\u00edan en esa d\u00e9cada. La revisi\u00f3n curricular creada en el 1994 ofreci\u00f3 una nueva mirada a los sistemas de oficina. El programa acad\u00e9mico recibi\u00f3 el nombre de Bachillerato en Administraci\u00f3n de Sistemas de Oficina. La facultad del departamento de Administraci\u00f3n de Sistemas de Oficina solicit\u00f3 ser candidato para acreditarse por la\u00a0<i>Association of Collegiate Business Schools and Programs, hoy conocida como la Accreditation Council for Business Schools and Programs (ACBSP).<\/i><\/p>\n<p>En el 2008 se present\u00f3 una nueva propuesta de revisi\u00f3n curricular que correspondi\u00f3 a los avances de la tecnolog\u00eda del siglo 21. La propuesta fue aprobada y la estructura acad\u00e9mica se modific\u00f3 y mantuvo el nombre de Bachillerato en Administraci\u00f3n de Sistemas de Oficina. En el a\u00f1o 2014 se hizo una nueva revisi\u00f3n curricular para fortalecer el programa y se convirti\u00f3 en el primer programa dirigido a la gerencia de oficina. Por tal raz\u00f3n, se ampli\u00f3 la cantidad de cursos enfocados a la administraci\u00f3n y se revis\u00f3 el contenido relacionado a las tecnolog\u00edas emergentes que impactaban la profesi\u00f3n.\u00a0 A partir de enero del a\u00f1o 2022 la facultad del programa de Gerencia de Oficina, luego de analizar las competencias profesionales de su especialidad, dise\u00f1\u00f3 una propuesta para la creaci\u00f3n de un nuevo programa acad\u00e9mico atemperado a las necesidades de los patronos, la sociedad y a las tendencias del mercado laboral.<\/p>\n<hr \/>\n<p><img loading=\"lazy\" decoding=\"async\" class=\"aligncenter wp-image-772 size-full\" src=\"https:\/\/fae.uprrp.edu\/gerenciadeoficina\/wp-content\/uploads\/sites\/14\/2024\/09\/mision-vision-y-valores-GEOF.png\" alt=\"\" width=\"990\" height=\"828\" srcset=\"https:\/\/fae.uprrp.edu\/gerenciadeoficina\/wp-content\/uploads\/sites\/14\/2024\/09\/mision-vision-y-valores-GEOF.png 990w, https:\/\/fae.uprrp.edu\/gerenciadeoficina\/wp-content\/uploads\/sites\/14\/2024\/09\/mision-vision-y-valores-GEOF-300x251.png 300w\" sizes=\"auto, (max-width: 990px) 100vw, 990px\" \/><\/p>\n<p>&nbsp;<\/p>\n<p>&nbsp;<\/p>\n<div class=\"pvc_clear\"><\/div>\n<p id=\"pvc_stats_6\" class=\"pvc_stats all  \" data-element-id=\"6\" style=\"\"><i class=\"pvc-stats-icon medium\" aria-hidden=\"true\"><svg aria-hidden=\"true\" focusable=\"false\" data-prefix=\"far\" data-icon=\"chart-bar\" role=\"img\" xmlns=\"http:\/\/www.w3.org\/2000\/svg\" viewBox=\"0 0 512 512\" class=\"svg-inline--fa fa-chart-bar fa-w-16 fa-2x\"><path fill=\"currentColor\" d=\"M396.8 352h22.4c6.4 0 12.8-6.4 12.8-12.8V108.8c0-6.4-6.4-12.8-12.8-12.8h-22.4c-6.4 0-12.8 6.4-12.8 12.8v230.4c0 6.4 6.4 12.8 12.8 12.8zm-192 0h22.4c6.4 0 12.8-6.4 12.8-12.8V140.8c0-6.4-6.4-12.8-12.8-12.8h-22.4c-6.4 0-12.8 6.4-12.8 12.8v198.4c0 6.4 6.4 12.8 12.8 12.8zm96 0h22.4c6.4 0 12.8-6.4 12.8-12.8V204.8c0-6.4-6.4-12.8-12.8-12.8h-22.4c-6.4 0-12.8 6.4-12.8 12.8v134.4c0 6.4 6.4 12.8 12.8 12.8zM496 400H48V80c0-8.84-7.16-16-16-16H16C7.16 64 0 71.16 0 80v336c0 17.67 14.33 32 32 32h464c8.84 0 16-7.16 16-16v-16c0-8.84-7.16-16-16-16zm-387.2-48h22.4c6.4 0 12.8-6.4 12.8-12.8v-70.4c0-6.4-6.4-12.8-12.8-12.8h-22.4c-6.4 0-12.8 6.4-12.8 12.8v70.4c0 6.4 6.4 12.8 12.8 12.8z\" class=\"\"><\/path><\/svg><\/i> <img loading=\"lazy\" decoding=\"async\" width=\"16\" height=\"16\" alt=\"Loading\" src=\"https:\/\/fae.uprrp.edu\/gerenciadeoficina\/wp-content\/plugins\/page-views-count\/ajax-loader-2x.gif\" border=0 \/><\/p>\n<div class=\"pvc_clear\"><\/div>\n","protected":false},"excerpt":{"rendered":"<p>Bienvenidos al portal del departamento de Gerencia de Oficina Agradecemos su visita virtual a nuestra p\u00e1gina electr\u00f3nica. Por m\u00e1s de 95 a\u00f1os, nuestro departamento ha mantenido un programa de vanguardia, en el cual se imparte una ense\u00f1anza de excelencia en la especialidad de gerencia de oficina. Nuestro programa acad\u00e9mico tiene un dise\u00f1o multidisciplinario que atiende<\/p>\n<div class=\"read-more\"><a href=\"https:\/\/fae.uprrp.edu\/gerenciadeoficina\/\" title=\"Read More\">Read More<\/a><\/div>\n<div class=\"pvc_clear\"><\/div>\n<p id=\"pvc_stats_6\" class=\"pvc_stats all  \" data-element-id=\"6\" style=\"\"><i class=\"pvc-stats-icon medium\" aria-hidden=\"true\"><svg aria-hidden=\"true\" focusable=\"false\" data-prefix=\"far\" data-icon=\"chart-bar\" role=\"img\" xmlns=\"http:\/\/www.w3.org\/2000\/svg\" viewBox=\"0 0 512 512\" class=\"svg-inline--fa fa-chart-bar fa-w-16 fa-2x\"><path fill=\"currentColor\" d=\"M396.8 352h22.4c6.4 0 12.8-6.4 12.8-12.8V108.8c0-6.4-6.4-12.8-12.8-12.8h-22.4c-6.4 0-12.8 6.4-12.8 12.8v230.4c0 6.4 6.4 12.8 12.8 12.8zm-192 0h22.4c6.4 0 12.8-6.4 12.8-12.8V140.8c0-6.4-6.4-12.8-12.8-12.8h-22.4c-6.4 0-12.8 6.4-12.8 12.8v198.4c0 6.4 6.4 12.8 12.8 12.8zm96 0h22.4c6.4 0 12.8-6.4 12.8-12.8V204.8c0-6.4-6.4-12.8-12.8-12.8h-22.4c-6.4 0-12.8 6.4-12.8 12.8v134.4c0 6.4 6.4 12.8 12.8 12.8zM496 400H48V80c0-8.84-7.16-16-16-16H16C7.16 64 0 71.16 0 80v336c0 17.67 14.33 32 32 32h464c8.84 0 16-7.16 16-16v-16c0-8.84-7.16-16-16-16zm-387.2-48h22.4c6.4 0 12.8-6.4 12.8-12.8v-70.4c0-6.4-6.4-12.8-12.8-12.8h-22.4c-6.4 0-12.8 6.4-12.8 12.8v70.4c0 6.4 6.4 12.8 12.8 12.8z\" class=\"\"><\/path><\/svg><\/i> <img loading=\"lazy\" decoding=\"async\" width=\"16\" height=\"16\" alt=\"Loading\" src=\"https:\/\/fae.uprrp.edu\/gerenciadeoficina\/wp-content\/plugins\/page-views-count\/ajax-loader-2x.gif\" border=0 \/><\/p>\n<div class=\"pvc_clear\"><\/div>\n","protected":false},"author":20,"featured_media":0,"parent":0,"menu_order":10,"comment_status":"closed","ping_status":"closed","template":"page-blocks.php","meta":{"_monsterinsights_skip_tracking":false,"_monsterinsights_sitenote_active":false,"_monsterinsights_sitenote_note":"","_monsterinsights_sitenote_category":0,"footnotes":""},"class_list":["post-6","page","type-page","status-publish"],"_links":{"self":[{"href":"https:\/\/fae.uprrp.edu\/gerenciadeoficina\/wp-json\/wp\/v2\/pages\/6","targetHints":{"allow":["GET"]}}],"collection":[{"href":"https:\/\/fae.uprrp.edu\/gerenciadeoficina\/wp-json\/wp\/v2\/pages"}],"about":[{"href":"https:\/\/fae.uprrp.edu\/gerenciadeoficina\/wp-json\/wp\/v2\/types\/page"}],"author":[{"embeddable":true,"href":"https:\/\/fae.uprrp.edu\/gerenciadeoficina\/wp-json\/wp\/v2\/users\/20"}],"replies":[{"embeddable":true,"href":"https:\/\/fae.uprrp.edu\/gerenciadeoficina\/wp-json\/wp\/v2\/comments?post=6"}],"version-history":[{"count":56,"href":"https:\/\/fae.uprrp.edu\/gerenciadeoficina\/wp-json\/wp\/v2\/pages\/6\/revisions"}],"predecessor-version":[{"id":773,"href":"https:\/\/fae.uprrp.edu\/gerenciadeoficina\/wp-json\/wp\/v2\/pages\/6\/revisions\/773"}],"wp:attachment":[{"href":"https:\/\/fae.uprrp.edu\/gerenciadeoficina\/wp-json\/wp\/v2\/media?parent=6"}],"curies":[{"name":"wp","href":"https:\/\/api.w.org\/{rel}","templated":true}]}}