{"id":582,"date":"2022-04-19T09:04:48","date_gmt":"2022-04-19T13:04:48","guid":{"rendered":"https:\/\/fae.uprrp.edu\/gerenciadeoficina\/?page_id=582"},"modified":"2022-04-19T09:49:42","modified_gmt":"2022-04-19T13:49:42","slug":"resena-seminario-profesional-2021-22","status":"publish","type":"page","link":"https:\/\/fae.uprrp.edu\/gerenciadeoficina\/resena-seminario-profesional-2021-22\/","title":{"rendered":"Rese\u00f1a Seminario Coordinado Por Practicantes de GEOF"},"content":{"rendered":"<p style=\"text-align: center\"><strong>RESE\u00d1A SEMINARIO COORDINADO POR PRACTICANT<\/strong><strong>ES DE GEOF<\/strong><\/p>\n<p style=\"text-align: center\"><strong> <img loading=\"lazy\" decoding=\"async\" class=\"alignnone size-medium wp-image-585\" src=\"https:\/\/fae.uprrp.edu\/gerenciadeoficina\/wp-content\/uploads\/sites\/14\/2022\/04\/seminario1-e1650374333897-300x170.png\" alt=\"\" width=\"300\" height=\"170\" srcset=\"https:\/\/fae.uprrp.edu\/gerenciadeoficina\/wp-content\/uploads\/sites\/14\/2022\/04\/seminario1-e1650374333897-300x170.png 300w, https:\/\/fae.uprrp.edu\/gerenciadeoficina\/wp-content\/uploads\/sites\/14\/2022\/04\/seminario1-e1650374333897-768x434.png 768w, https:\/\/fae.uprrp.edu\/gerenciadeoficina\/wp-content\/uploads\/sites\/14\/2022\/04\/seminario1-e1650374333897.png 881w\" sizes=\"auto, (max-width: 300px) 100vw, 300px\" \/><\/strong><\/p>\n<p>El mi\u00e9rcoles 23 de marzo de 2022 los estudiantes del curso Pr\u00e1ctica Profesional Supervisada del Departamento de Gerencia de Oficina, a cargo de la Dra. Maribel Huertas, llevaron a cabo el seminario profesional titulado: <strong><em>\u201cHerramientas Tecnol\u00f3gicas y de Prod<\/em><\/strong><strong><em>uctividad para los Profesionales de Hoy\u201d.<\/em><\/strong> \u00a0\u00a0En esa ocasi\u00f3n la Dra. Elaine Alfonso-Cabiya fue el recurso invitado a cargo del seminario, el cual se llev\u00f3 a cabo virtualmente mediante la plataforma <em>Microsoft Teams<\/em>. \u00a0Participaron setenta y seis personas, entre ellos los decanos de la Facultad de Administraci\u00f3n de Empresas, profesores, estudiantes universitarios, alumnos de escuela superior, patronos y supervisores de los Centros de Pr\u00e1ctica, personal no docente, entre otros presentes.\u00a0 La actividad ten\u00eda como prop\u00f3sito principal concientizar a los presentes respecto a la importancia de informarse, entender y hacer uso correcto y responsable de las herramientas emergentes para maximizar su utilidad en el \u00e1mbito laboral y personal.\u00a0 La presentaci\u00f3n estuvo muy interesante, y fue evaluada como excelente por los participantes.<\/p>\n<p class=\"m_4339361839492790728gmail-MsoNormalCxSpFirst\" style=\"text-align: center\"><span style=\"font-family: tahoma, sans-serif;font-size: large\">Curso GEOF 4150 \u2013 sec. 0U1<br \/>\n(Pr\u00e1ctica Profesional Supervisada, Segundo Semestre 2021-2022)<br \/>\nDra. Maribel Huertas Aponte<\/span><\/p>\n<p class=\"m_4339361839492790728gmail-MsoNormalCxSpFirst\" style=\"text-align: center\"><span style=\"font-family: tahoma, sans-serif;font-size: large\">Comit\u00e9 Organizador (Estudiantes practicantes):<br \/>\nCamila Pagani Collazo<br \/>\nGabriela S. Flores Berr\u00edos<br \/>\nIan J. Feliciano Hern\u00e1ndez<br \/>\nJuriana Rodr\u00edguez Lugo<br \/>\nCarmen Y. Pe\u00f1a Rodr\u00edguez<\/span><\/p>\n<p class=\"m_4339361839492790728gmail-MsoNormalCxSpFirst\" style=\"text-align: center\"><img loading=\"lazy\" decoding=\"async\" class=\"alignnone wp-image-586 size-medium\" src=\"https:\/\/fae.uprrp.edu\/gerenciadeoficina\/wp-content\/uploads\/sites\/14\/2022\/04\/seminario2-e1650374139359-300x191.png\" alt=\"\" width=\"300\" height=\"191\" srcset=\"https:\/\/fae.uprrp.edu\/gerenciadeoficina\/wp-content\/uploads\/sites\/14\/2022\/04\/seminario2-e1650374139359-300x191.png 300w, https:\/\/fae.uprrp.edu\/gerenciadeoficina\/wp-content\/uploads\/sites\/14\/2022\/04\/seminario2-e1650374139359-768x488.png 768w, https:\/\/fae.uprrp.edu\/gerenciadeoficina\/wp-content\/uploads\/sites\/14\/2022\/04\/seminario2-e1650374139359.png 912w\" sizes=\"auto, (max-width: 300px) 100vw, 300px\" \/><\/p>\n<p><img loading=\"lazy\" decoding=\"async\" class=\"wp-image-587 size-medium aligncenter\" src=\"https:\/\/fae.uprrp.edu\/gerenciadeoficina\/wp-content\/uploads\/sites\/14\/2022\/04\/seminario3-e1650374221598-248x300.png\" alt=\"\" width=\"248\" height=\"300\" srcset=\"https:\/\/fae.uprrp.edu\/gerenciadeoficina\/wp-content\/uploads\/sites\/14\/2022\/04\/seminario3-e1650374221598-248x300.png 248w, https:\/\/fae.uprrp.edu\/gerenciadeoficina\/wp-content\/uploads\/sites\/14\/2022\/04\/seminario3-e1650374221598.png 491w\" sizes=\"auto, (max-width: 248px) 100vw, 248px\" \/><\/p>\n<div class=\"pvc_clear\"><\/div>\n<p id=\"pvc_stats_582\" class=\"pvc_stats all  \" data-element-id=\"582\" style=\"\"><i class=\"pvc-stats-icon medium\" aria-hidden=\"true\"><svg aria-hidden=\"true\" focusable=\"false\" data-prefix=\"far\" data-icon=\"chart-bar\" role=\"img\" xmlns=\"http:\/\/www.w3.org\/2000\/svg\" viewBox=\"0 0 512 512\" class=\"svg-inline--fa fa-chart-bar fa-w-16 fa-2x\"><path fill=\"currentColor\" d=\"M396.8 352h22.4c6.4 0 12.8-6.4 12.8-12.8V108.8c0-6.4-6.4-12.8-12.8-12.8h-22.4c-6.4 0-12.8 6.4-12.8 12.8v230.4c0 6.4 6.4 12.8 12.8 12.8zm-192 0h22.4c6.4 0 12.8-6.4 12.8-12.8V140.8c0-6.4-6.4-12.8-12.8-12.8h-22.4c-6.4 0-12.8 6.4-12.8 12.8v198.4c0 6.4 6.4 12.8 12.8 12.8zm96 0h22.4c6.4 0 12.8-6.4 12.8-12.8V204.8c0-6.4-6.4-12.8-12.8-12.8h-22.4c-6.4 0-12.8 6.4-12.8 12.8v134.4c0 6.4 6.4 12.8 12.8 12.8zM496 400H48V80c0-8.84-7.16-16-16-16H16C7.16 64 0 71.16 0 80v336c0 17.67 14.33 32 32 32h464c8.84 0 16-7.16 16-16v-16c0-8.84-7.16-16-16-16zm-387.2-48h22.4c6.4 0 12.8-6.4 12.8-12.8v-70.4c0-6.4-6.4-12.8-12.8-12.8h-22.4c-6.4 0-12.8 6.4-12.8 12.8v70.4c0 6.4 6.4 12.8 12.8 12.8z\" class=\"\"><\/path><\/svg><\/i> <img loading=\"lazy\" decoding=\"async\" width=\"16\" height=\"16\" alt=\"Loading\" src=\"https:\/\/fae.uprrp.edu\/gerenciadeoficina\/wp-content\/plugins\/page-views-count\/ajax-loader-2x.gif\" border=0 \/><\/p>\n<div class=\"pvc_clear\"><\/div>\n","protected":false},"excerpt":{"rendered":"<p>RESE\u00d1A SEMINARIO COORDINADO POR PRACTICANTES DE GEOF El mi\u00e9rcoles 23 de marzo de 2022 los estudiantes del curso Pr\u00e1ctica Profesional Supervisada del Departamento de Gerencia de Oficina, a cargo de la Dra. Maribel Huertas, llevaron a cabo el seminario profesional titulado: \u201cHerramientas Tecnol\u00f3gicas y de Productividad para los Profesionales de Hoy\u201d. \u00a0\u00a0En esa ocasi\u00f3n la<\/p>\n<div class=\"read-more\"><a href=\"https:\/\/fae.uprrp.edu\/gerenciadeoficina\/resena-seminario-profesional-2021-22\/\" title=\"Read More\">Read More<\/a><\/div>\n<div class=\"pvc_clear\"><\/div>\n<p id=\"pvc_stats_582\" class=\"pvc_stats all  \" data-element-id=\"582\" style=\"\"><i class=\"pvc-stats-icon medium\" aria-hidden=\"true\"><svg aria-hidden=\"true\" focusable=\"false\" data-prefix=\"far\" data-icon=\"chart-bar\" role=\"img\" xmlns=\"http:\/\/www.w3.org\/2000\/svg\" viewBox=\"0 0 512 512\" class=\"svg-inline--fa fa-chart-bar fa-w-16 fa-2x\"><path fill=\"currentColor\" d=\"M396.8 352h22.4c6.4 0 12.8-6.4 12.8-12.8V108.8c0-6.4-6.4-12.8-12.8-12.8h-22.4c-6.4 0-12.8 6.4-12.8 12.8v230.4c0 6.4 6.4 12.8 12.8 12.8zm-192 0h22.4c6.4 0 12.8-6.4 12.8-12.8V140.8c0-6.4-6.4-12.8-12.8-12.8h-22.4c-6.4 0-12.8 6.4-12.8 12.8v198.4c0 6.4 6.4 12.8 12.8 12.8zm96 0h22.4c6.4 0 12.8-6.4 12.8-12.8V204.8c0-6.4-6.4-12.8-12.8-12.8h-22.4c-6.4 0-12.8 6.4-12.8 12.8v134.4c0 6.4 6.4 12.8 12.8 12.8zM496 400H48V80c0-8.84-7.16-16-16-16H16C7.16 64 0 71.16 0 80v336c0 17.67 14.33 32 32 32h464c8.84 0 16-7.16 16-16v-16c0-8.84-7.16-16-16-16zm-387.2-48h22.4c6.4 0 12.8-6.4 12.8-12.8v-70.4c0-6.4-6.4-12.8-12.8-12.8h-22.4c-6.4 0-12.8 6.4-12.8 12.8v70.4c0 6.4 6.4 12.8 12.8 12.8z\" class=\"\"><\/path><\/svg><\/i> <img loading=\"lazy\" decoding=\"async\" width=\"16\" height=\"16\" alt=\"Loading\" src=\"https:\/\/fae.uprrp.edu\/gerenciadeoficina\/wp-content\/plugins\/page-views-count\/ajax-loader-2x.gif\" border=0 \/><\/p>\n<div class=\"pvc_clear\"><\/div>\n","protected":false},"author":20,"featured_media":0,"parent":0,"menu_order":0,"comment_status":"closed","ping_status":"closed","template":"","meta":{"_monsterinsights_skip_tracking":false,"_monsterinsights_sitenote_active":false,"_monsterinsights_sitenote_note":"","_monsterinsights_sitenote_category":0,"footnotes":""},"class_list":["post-582","page","type-page","status-publish"],"_links":{"self":[{"href":"https:\/\/fae.uprrp.edu\/gerenciadeoficina\/wp-json\/wp\/v2\/pages\/582","targetHints":{"allow":["GET"]}}],"collection":[{"href":"https:\/\/fae.uprrp.edu\/gerenciadeoficina\/wp-json\/wp\/v2\/pages"}],"about":[{"href":"https:\/\/fae.uprrp.edu\/gerenciadeoficina\/wp-json\/wp\/v2\/types\/page"}],"author":[{"embeddable":true,"href":"https:\/\/fae.uprrp.edu\/gerenciadeoficina\/wp-json\/wp\/v2\/users\/20"}],"replies":[{"embeddable":true,"href":"https:\/\/fae.uprrp.edu\/gerenciadeoficina\/wp-json\/wp\/v2\/comments?post=582"}],"version-history":[{"count":7,"href":"https:\/\/fae.uprrp.edu\/gerenciadeoficina\/wp-json\/wp\/v2\/pages\/582\/revisions"}],"predecessor-version":[{"id":593,"href":"https:\/\/fae.uprrp.edu\/gerenciadeoficina\/wp-json\/wp\/v2\/pages\/582\/revisions\/593"}],"wp:attachment":[{"href":"https:\/\/fae.uprrp.edu\/gerenciadeoficina\/wp-json\/wp\/v2\/media?parent=582"}],"curies":[{"name":"wp","href":"https:\/\/api.w.org\/{rel}","templated":true}]}}