{"id":548,"date":"2022-02-08T11:19:52","date_gmt":"2022-02-08T15:19:52","guid":{"rendered":"https:\/\/fae.uprrp.edu\/gerenciadeoficina\/?page_id=548"},"modified":"2024-09-18T11:00:03","modified_gmt":"2024-09-18T15:00:03","slug":"directiva-bpa","status":"publish","type":"page","link":"https:\/\/fae.uprrp.edu\/gerenciadeoficina\/directiva-bpa\/","title":{"rendered":"Directiva BPA"},"content":{"rendered":"<p><img loading=\"lazy\" decoding=\"async\" class=\" wp-image-604 aligncenter\" src=\"https:\/\/fae.uprrp.edu\/gerenciadeoficina\/wp-content\/uploads\/sites\/14\/2022\/04\/bpa-300x74.png\" alt=\"\" width=\"361\" height=\"89\" srcset=\"https:\/\/fae.uprrp.edu\/gerenciadeoficina\/wp-content\/uploads\/sites\/14\/2022\/04\/bpa-300x74.png 300w, https:\/\/fae.uprrp.edu\/gerenciadeoficina\/wp-content\/uploads\/sites\/14\/2022\/04\/bpa.png 327w\" sizes=\"auto, (max-width: 361px) 100vw, 361px\" \/><\/p>\n<h3 style=\"text-align: center;\">Cap\u00edtulo de la UPR-R\u00edo Piedras<\/h3>\n<h2 style=\"text-align: center;\">DIRECTIVA<\/h2>\n<p><img loading=\"lazy\" decoding=\"async\" class=\"size-medium wp-image-760 alignleft\" src=\"https:\/\/fae.uprrp.edu\/gerenciadeoficina\/wp-content\/uploads\/sites\/14\/2024\/09\/WhatsApp-Image-2024-02-29-at-20.27.08_8d292821-300x169.jpg\" alt=\"\" width=\"300\" height=\"169\" srcset=\"https:\/\/fae.uprrp.edu\/gerenciadeoficina\/wp-content\/uploads\/sites\/14\/2024\/09\/WhatsApp-Image-2024-02-29-at-20.27.08_8d292821-300x169.jpg 300w, https:\/\/fae.uprrp.edu\/gerenciadeoficina\/wp-content\/uploads\/sites\/14\/2024\/09\/WhatsApp-Image-2024-02-29-at-20.27.08_8d292821-1024x576.jpg 1024w, https:\/\/fae.uprrp.edu\/gerenciadeoficina\/wp-content\/uploads\/sites\/14\/2024\/09\/WhatsApp-Image-2024-02-29-at-20.27.08_8d292821-1536x864.jpg 1536w, https:\/\/fae.uprrp.edu\/gerenciadeoficina\/wp-content\/uploads\/sites\/14\/2024\/09\/WhatsApp-Image-2024-02-29-at-20.27.08_8d292821.jpg 1600w\" sizes=\"auto, (max-width: 300px) 100vw, 300px\" \/>Dra. Juanita Rodr\u00edguez, consejera BPA en la inauguraci\u00f3n de la asociaci\u00f3n.<\/p>\n<p>&nbsp;<\/p>\n<p>&nbsp;<\/p>\n<p>&nbsp;<\/p>\n<p><img loading=\"lazy\" decoding=\"async\" class=\"size-medium wp-image-759 alignleft\" src=\"https:\/\/fae.uprrp.edu\/gerenciadeoficina\/wp-content\/uploads\/sites\/14\/2024\/09\/WhatsApp-Image-2024-02-29-at-20.27.45_84d03d8c-300x169.jpg\" alt=\"\" width=\"300\" height=\"169\" srcset=\"https:\/\/fae.uprrp.edu\/gerenciadeoficina\/wp-content\/uploads\/sites\/14\/2024\/09\/WhatsApp-Image-2024-02-29-at-20.27.45_84d03d8c-300x169.jpg 300w, https:\/\/fae.uprrp.edu\/gerenciadeoficina\/wp-content\/uploads\/sites\/14\/2024\/09\/WhatsApp-Image-2024-02-29-at-20.27.45_84d03d8c-1024x576.jpg 1024w, https:\/\/fae.uprrp.edu\/gerenciadeoficina\/wp-content\/uploads\/sites\/14\/2024\/09\/WhatsApp-Image-2024-02-29-at-20.27.45_84d03d8c-1536x864.jpg 1536w, https:\/\/fae.uprrp.edu\/gerenciadeoficina\/wp-content\/uploads\/sites\/14\/2024\/09\/WhatsApp-Image-2024-02-29-at-20.27.45_84d03d8c.jpg 1600w\" sizes=\"auto, (max-width: 300px) 100vw, 300px\" \/>Srta. Kendra S\u00e1nchez, actual presidenta de BPA en la instlaci\u00f3n de la nueva directiva BPA.<\/p>\n<p>&nbsp;<\/p>\n<p>&nbsp;<\/p>\n<p>&nbsp;<\/p>\n<p><img loading=\"lazy\" decoding=\"async\" class=\"size-medium wp-image-758 alignleft\" src=\"https:\/\/fae.uprrp.edu\/gerenciadeoficina\/wp-content\/uploads\/sites\/14\/2024\/09\/WhatsApp-Image-2024-02-29-at-20.27.40_bb61ff57-300x169.jpg\" alt=\"\" width=\"300\" height=\"169\" srcset=\"https:\/\/fae.uprrp.edu\/gerenciadeoficina\/wp-content\/uploads\/sites\/14\/2024\/09\/WhatsApp-Image-2024-02-29-at-20.27.40_bb61ff57-300x169.jpg 300w, https:\/\/fae.uprrp.edu\/gerenciadeoficina\/wp-content\/uploads\/sites\/14\/2024\/09\/WhatsApp-Image-2024-02-29-at-20.27.40_bb61ff57-1024x576.jpg 1024w, https:\/\/fae.uprrp.edu\/gerenciadeoficina\/wp-content\/uploads\/sites\/14\/2024\/09\/WhatsApp-Image-2024-02-29-at-20.27.40_bb61ff57-1536x864.jpg 1536w, https:\/\/fae.uprrp.edu\/gerenciadeoficina\/wp-content\/uploads\/sites\/14\/2024\/09\/WhatsApp-Image-2024-02-29-at-20.27.40_bb61ff57.jpg 1600w\" sizes=\"auto, (max-width: 300px) 100vw, 300px\" \/>Miembros de la Directiva BPA-UPRRP<\/p>\n<p>&nbsp;<\/p>\n<div class=\"pvc_clear\"><\/div>\n<p id=\"pvc_stats_548\" class=\"pvc_stats all  \" data-element-id=\"548\" style=\"\"><i class=\"pvc-stats-icon medium\" aria-hidden=\"true\"><svg aria-hidden=\"true\" focusable=\"false\" data-prefix=\"far\" data-icon=\"chart-bar\" role=\"img\" xmlns=\"http:\/\/www.w3.org\/2000\/svg\" viewBox=\"0 0 512 512\" class=\"svg-inline--fa fa-chart-bar fa-w-16 fa-2x\"><path fill=\"currentColor\" d=\"M396.8 352h22.4c6.4 0 12.8-6.4 12.8-12.8V108.8c0-6.4-6.4-12.8-12.8-12.8h-22.4c-6.4 0-12.8 6.4-12.8 12.8v230.4c0 6.4 6.4 12.8 12.8 12.8zm-192 0h22.4c6.4 0 12.8-6.4 12.8-12.8V140.8c0-6.4-6.4-12.8-12.8-12.8h-22.4c-6.4 0-12.8 6.4-12.8 12.8v198.4c0 6.4 6.4 12.8 12.8 12.8zm96 0h22.4c6.4 0 12.8-6.4 12.8-12.8V204.8c0-6.4-6.4-12.8-12.8-12.8h-22.4c-6.4 0-12.8 6.4-12.8 12.8v134.4c0 6.4 6.4 12.8 12.8 12.8zM496 400H48V80c0-8.84-7.16-16-16-16H16C7.16 64 0 71.16 0 80v336c0 17.67 14.33 32 32 32h464c8.84 0 16-7.16 16-16v-16c0-8.84-7.16-16-16-16zm-387.2-48h22.4c6.4 0 12.8-6.4 12.8-12.8v-70.4c0-6.4-6.4-12.8-12.8-12.8h-22.4c-6.4 0-12.8 6.4-12.8 12.8v70.4c0 6.4 6.4 12.8 12.8 12.8z\" class=\"\"><\/path><\/svg><\/i> <img loading=\"lazy\" decoding=\"async\" width=\"16\" height=\"16\" alt=\"Loading\" src=\"https:\/\/fae.uprrp.edu\/gerenciadeoficina\/wp-content\/plugins\/page-views-count\/ajax-loader-2x.gif\" border=0 \/><\/p>\n<div class=\"pvc_clear\"><\/div>\n","protected":false},"excerpt":{"rendered":"<p>Cap\u00edtulo de la UPR-R\u00edo Piedras DIRECTIVA Dra. Juanita Rodr\u00edguez, consejera BPA en la inauguraci\u00f3n de la asociaci\u00f3n. &nbsp; &nbsp; &nbsp; Srta. Kendra S\u00e1nchez, actual presidenta de BPA en la instlaci\u00f3n de la nueva directiva BPA. &nbsp; &nbsp; &nbsp; Miembros de la Directiva BPA-UPRRP &nbsp;<\/p>\n<div class=\"pvc_clear\"><\/div>\n<p id=\"pvc_stats_548\" class=\"pvc_stats all  \" data-element-id=\"548\" style=\"\"><i class=\"pvc-stats-icon medium\" aria-hidden=\"true\"><svg aria-hidden=\"true\" focusable=\"false\" data-prefix=\"far\" data-icon=\"chart-bar\" role=\"img\" xmlns=\"http:\/\/www.w3.org\/2000\/svg\" viewBox=\"0 0 512 512\" class=\"svg-inline--fa fa-chart-bar fa-w-16 fa-2x\"><path fill=\"currentColor\" d=\"M396.8 352h22.4c6.4 0 12.8-6.4 12.8-12.8V108.8c0-6.4-6.4-12.8-12.8-12.8h-22.4c-6.4 0-12.8 6.4-12.8 12.8v230.4c0 6.4 6.4 12.8 12.8 12.8zm-192 0h22.4c6.4 0 12.8-6.4 12.8-12.8V140.8c0-6.4-6.4-12.8-12.8-12.8h-22.4c-6.4 0-12.8 6.4-12.8 12.8v198.4c0 6.4 6.4 12.8 12.8 12.8zm96 0h22.4c6.4 0 12.8-6.4 12.8-12.8V204.8c0-6.4-6.4-12.8-12.8-12.8h-22.4c-6.4 0-12.8 6.4-12.8 12.8v134.4c0 6.4 6.4 12.8 12.8 12.8zM496 400H48V80c0-8.84-7.16-16-16-16H16C7.16 64 0 71.16 0 80v336c0 17.67 14.33 32 32 32h464c8.84 0 16-7.16 16-16v-16c0-8.84-7.16-16-16-16zm-387.2-48h22.4c6.4 0 12.8-6.4 12.8-12.8v-70.4c0-6.4-6.4-12.8-12.8-12.8h-22.4c-6.4 0-12.8 6.4-12.8 12.8v70.4c0 6.4 6.4 12.8 12.8 12.8z\" class=\"\"><\/path><\/svg><\/i> <img loading=\"lazy\" decoding=\"async\" width=\"16\" height=\"16\" alt=\"Loading\" src=\"https:\/\/fae.uprrp.edu\/gerenciadeoficina\/wp-content\/plugins\/page-views-count\/ajax-loader-2x.gif\" border=0 \/><\/p>\n<div class=\"pvc_clear\"><\/div>\n","protected":false},"author":20,"featured_media":0,"parent":0,"menu_order":0,"comment_status":"closed","ping_status":"closed","template":"","meta":{"_monsterinsights_skip_tracking":false,"_monsterinsights_sitenote_active":false,"_monsterinsights_sitenote_note":"","_monsterinsights_sitenote_category":0,"footnotes":""},"class_list":["post-548","page","type-page","status-publish"],"_links":{"self":[{"href":"https:\/\/fae.uprrp.edu\/gerenciadeoficina\/wp-json\/wp\/v2\/pages\/548","targetHints":{"allow":["GET"]}}],"collection":[{"href":"https:\/\/fae.uprrp.edu\/gerenciadeoficina\/wp-json\/wp\/v2\/pages"}],"about":[{"href":"https:\/\/fae.uprrp.edu\/gerenciadeoficina\/wp-json\/wp\/v2\/types\/page"}],"author":[{"embeddable":true,"href":"https:\/\/fae.uprrp.edu\/gerenciadeoficina\/wp-json\/wp\/v2\/users\/20"}],"replies":[{"embeddable":true,"href":"https:\/\/fae.uprrp.edu\/gerenciadeoficina\/wp-json\/wp\/v2\/comments?post=548"}],"version-history":[{"count":21,"href":"https:\/\/fae.uprrp.edu\/gerenciadeoficina\/wp-json\/wp\/v2\/pages\/548\/revisions"}],"predecessor-version":[{"id":761,"href":"https:\/\/fae.uprrp.edu\/gerenciadeoficina\/wp-json\/wp\/v2\/pages\/548\/revisions\/761"}],"wp:attachment":[{"href":"https:\/\/fae.uprrp.edu\/gerenciadeoficina\/wp-json\/wp\/v2\/media?parent=548"}],"curies":[{"name":"wp","href":"https:\/\/api.w.org\/{rel}","templated":true}]}}