{"id":509,"date":"2022-02-01T13:26:12","date_gmt":"2022-02-01T17:26:12","guid":{"rendered":"https:\/\/fae.uprrp.edu\/gerenciadeoficina\/?page_id=509"},"modified":"2025-08-11T12:53:11","modified_gmt":"2025-08-11T16:53:11","slug":"profesores","status":"publish","type":"page","link":"https:\/\/fae.uprrp.edu\/gerenciadeoficina\/profesores\/","title":{"rendered":"Profesores"},"content":{"rendered":"<p><img loading=\"lazy\" decoding=\"async\" class=\"size-medium wp-image-513 alignleft\" src=\"https:\/\/fae.uprrp.edu\/gerenciadeoficina\/wp-content\/uploads\/sites\/14\/2022\/02\/Juanita-Rodriguez-233x300.jpg\" alt=\"\" width=\"233\" height=\"300\" srcset=\"https:\/\/fae.uprrp.edu\/gerenciadeoficina\/wp-content\/uploads\/sites\/14\/2022\/02\/Juanita-Rodriguez-233x300.jpg 233w, https:\/\/fae.uprrp.edu\/gerenciadeoficina\/wp-content\/uploads\/sites\/14\/2022\/02\/Juanita-Rodriguez.jpg 402w\" sizes=\"auto, (max-width: 233px) 100vw, 233px\" \/><\/p>\n<p><strong><a href=\"https:\/\/www.sedona.cloud\/members\/JuanitaRodriguezMarrero\">Dra. Juanita Rodr\u00edguez Marrero, Catedr\u00e1tica<\/a><br \/>\nSenadora Acad\u00e9mica<\/strong><\/p>\n<p>Doctorado en Educaci\u00f3n Comercial<br \/>\nMaestr\u00eda en Administraci\u00f3n y Supervisi\u00f3n Educativa<\/p>\n<p>La doctora Rodr\u00edguez tiene m\u00e1s de 40 a\u00f1os como profesora de Educaci\u00f3n Comercial.\u00a0 Posee una maestr\u00eda en Administraci\u00f3n y Supervisi\u00f3n Educativa de la Universidad de Puerto Rico.\u00a0 Se ha desempe\u00f1ado como profesora a nivel de bachillerato, maestr\u00eda y doctorado en la Universidad de Puerto Rico, la Universidad Interamericana de Puerto Rico en San Germ\u00e1n y la Universidad de Boston, en la cual obtuvo el doctorado en Educaci\u00f3n Comercial.\u00a0 Actualmente funge como Senadora Acad\u00e9mica en el Recinto de R\u00edo Piedras, adem\u00e1s de dedicarse a la c\u00e1tedra.\u00a0\u00a0Posee una certificaci\u00f3n en Educaci\u00f3n Especial y una certificaci\u00f3n en Empresarismo de la Universidad de Puerto Rico.<\/p>\n<p>La doctora Rodr\u00edguez ha sido conferenciante en Puerto Rico, Am\u00e9rica Latina, Europa, Islandia y Estados Unidos, donde ha presentado una variedad de temas en las \u00e1reas de aprendizaje<em>, <\/em>aval\u00fao, evaluaci\u00f3n, efectividad administrativa, administraci\u00f3n de oficinas y redacci\u00f3n.<\/p>\n<p>Participa activamente en asociaciones profesionales de educaci\u00f3n comercial, entre las cuales est\u00e1n la\u00a0<em>National Business Education Association,\u00a0Eastern Business<\/em> <em>Education Association, International Society for Business Education<\/em>. Actualmente, forma parte de la Junta Directiva de la\u00a0Asociaci\u00f3n de Profesores de Educaci\u00f3n Comercial de Puerto Rico (APEC).<\/p>\n<hr \/>\n<p>&nbsp;<\/p>\n<p><strong><img loading=\"lazy\" decoding=\"async\" class=\"wp-image-744 alignleft\" src=\"https:\/\/fae.uprrp.edu\/gerenciadeoficina\/wp-content\/uploads\/sites\/14\/2024\/09\/275661977_10159026669964633_4966034433527588513_n-298x300.jpg\" alt=\"\" width=\"216\" height=\"217\" srcset=\"https:\/\/fae.uprrp.edu\/gerenciadeoficina\/wp-content\/uploads\/sites\/14\/2024\/09\/275661977_10159026669964633_4966034433527588513_n-298x300.jpg 298w, https:\/\/fae.uprrp.edu\/gerenciadeoficina\/wp-content\/uploads\/sites\/14\/2024\/09\/275661977_10159026669964633_4966034433527588513_n-1016x1024.jpg 1016w, https:\/\/fae.uprrp.edu\/gerenciadeoficina\/wp-content\/uploads\/sites\/14\/2024\/09\/275661977_10159026669964633_4966034433527588513_n-150x150.jpg 150w, https:\/\/fae.uprrp.edu\/gerenciadeoficina\/wp-content\/uploads\/sites\/14\/2024\/09\/275661977_10159026669964633_4966034433527588513_n-1525x1536.jpg 1525w, https:\/\/fae.uprrp.edu\/gerenciadeoficina\/wp-content\/uploads\/sites\/14\/2024\/09\/275661977_10159026669964633_4966034433527588513_n.jpg 2000w\" sizes=\"auto, (max-width: 216px) 100vw, 216px\" \/><a href=\"https:\/\/www.sedona.cloud\/members\/LuciaCondeMartinez\">Dra. Luc\u00eda Conde Mart\u00ednez, Catedr\u00e1tica Auxiliar<\/a><\/strong><\/p>\n<p>Doctorado en Gerencia y Liderazgo Educativo<br \/>\nMaestr\u00eda en Dise\u00f1o Instruccional y Tecnolog\u00eda Educativa<\/p>\n<p>La doctora Conde tiene 17 a\u00f1os de experiencia en la ense\u00f1anza de la educaci\u00f3n comercial.\u00a0 Obtuvo el grado de maestr\u00eda en Tecnolog\u00eda Educativa e Instrucci\u00f3n de la Universidad del Sagrado Coraz\u00f3n. Posee un doctorado en Gerencia y Liderazgo Educativo de la Universidad Interamericana de Puerto Rico.<\/p>\n<p>Ha trabajado como profesora en varias instituciones educativas a nivel post secundario y universitario. Posee la Certificaci\u00f3n de Maestra en Educaci\u00f3n Comercial del Departamento de Educaci\u00f3n de Puerto Rico.\u00a0 Se desempe\u00f1\u00f3 como maestra cooperadora para estudiantes del programa de Bachillerato en Educaci\u00f3n Comercial de la Universidad de Puerto Rico, Recinto de R\u00edo Piedras.\u00a0 Igualmente, fue maestra cooperadora de estudiantes del programa de Maestr\u00eda en Educaci\u00f3n Comercial de la Universidad Interamericana de Puerto Rico.<\/p>\n<p>Colabora con la Divisi\u00f3n de Educaci\u00f3n Continua y Estudios Profesionales (DECEP), y con otras entidades con y sin fines de lucro ofreciendo talleres sobre los programas de la Suite de Microsoft. \u00a0Actualmente, se prepara para obtener las certificaciones de Especialista de Microsoft Office (MOS). \u00a0Ha trabajado en la creaci\u00f3n de m\u00f3dulos instruccionales y ha colaborado en la revisi\u00f3n t\u00e9cnica de libros de su especialidad.<\/p>\n<p>Dedica tiempo a la investigaci\u00f3n de temas relacionados al liderazgo y la educaci\u00f3n.\u00a0 Es miembro de la Asociaci\u00f3n de Profesores de Educaci\u00f3n Comercial (APEC).<\/p>\n<hr \/>\n<p><img loading=\"lazy\" decoding=\"async\" class=\"wp-image-781 size-medium alignleft\" src=\"https:\/\/fae.uprrp.edu\/gerenciadeoficina\/wp-content\/uploads\/sites\/14\/2025\/08\/1000244280-200x300.jpg\" alt=\"\" width=\"200\" height=\"300\" srcset=\"https:\/\/fae.uprrp.edu\/gerenciadeoficina\/wp-content\/uploads\/sites\/14\/2025\/08\/1000244280-200x300.jpg 200w, https:\/\/fae.uprrp.edu\/gerenciadeoficina\/wp-content\/uploads\/sites\/14\/2025\/08\/1000244280-683x1024.jpg 683w, https:\/\/fae.uprrp.edu\/gerenciadeoficina\/wp-content\/uploads\/sites\/14\/2025\/08\/1000244280-1024x1536.jpg 1024w, https:\/\/fae.uprrp.edu\/gerenciadeoficina\/wp-content\/uploads\/sites\/14\/2025\/08\/1000244280-1365x2048.jpg 1365w, https:\/\/fae.uprrp.edu\/gerenciadeoficina\/wp-content\/uploads\/sites\/14\/2025\/08\/1000244280-scaled.jpg 1707w\" sizes=\"auto, (max-width: 200px) 100vw, 200px\" \/><\/p>\n<p><a href=\"https:\/\/www.sedona.cloud\/members\/MariluzSerranoOrtiz\"><strong>Prof. Mariluz Serrano Ortiz, Instructora<\/strong><\/a><\/p>\n<p class=\"x_MsoNormal\"><span data-olk-copy-source=\"MessageBody\">Bachillerato en Educaci\u00f3n Comercial con segundas concentraciones en Gerencia de Oficina y Comunicaci\u00f3n Empresarial, Maestr\u00eda en Liderazgo Educativo<\/span><\/p>\n<p class=\"x_MsoNormal\">Doctorado en Educaci\u00f3n con Subespecialidad en Tecnolog\u00eda del Aprendizaje<\/p>\n<p class=\"x_MsoNormal\">La Dra. Mariluz Serrano Ortiz complet\u00f3 su bachillerato en Educaci\u00f3n Comercial con segundas concentraciones en Gerencia de Oficina y Comunicaci\u00f3n Empresarial en la Universidad de Puerto Rico, Recinto de R\u00edo Piedras. Posteriormente, obtuvo una maestr\u00eda en Liderazgo Educativo y un doctorado en Curr\u00edculo y Ense\u00f1anza con subespecialidad en Tecnolog\u00eda del Aprendizaje en la misma instituci\u00f3n.<\/p>\n<p class=\"x_MsoNormal\">Actualmente se desempe\u00f1a como catedr\u00e1tica auxiliar, impartiendo cursos en tecnolog\u00eda educativa y destrezas digitales aplicadas a la ense\u00f1anza. Es creadora de m\u00f3dulos instruccionales innovadores y colabora con la Divisi\u00f3n de Educaci\u00f3n Continua y Estudios Profesionales del Recinto, ofreciendo talleres especializados sobre el uso estrat\u00e9gico de la tecnolog\u00eda en el \u00e1mbito educativo.<\/p>\n<p class=\"x_MsoNormal\">Es fundadora del modelo TIHA, Tecnolog\u00edas para la Inspiraci\u00f3n y la Humanizaci\u00f3n del Aprendizaje, y dirige diversos proyectos enfocados en el desarrollo profesional docente, la transformaci\u00f3n digital del aprendizaje y la integraci\u00f3n de inteligencia artificial en contextos educativos y comunitarios.<\/p>\n<div class=\"pvc_clear\"><\/div>\n<p id=\"pvc_stats_509\" class=\"pvc_stats all  \" data-element-id=\"509\" style=\"\"><i class=\"pvc-stats-icon medium\" aria-hidden=\"true\"><svg aria-hidden=\"true\" focusable=\"false\" data-prefix=\"far\" data-icon=\"chart-bar\" role=\"img\" xmlns=\"http:\/\/www.w3.org\/2000\/svg\" viewBox=\"0 0 512 512\" class=\"svg-inline--fa fa-chart-bar fa-w-16 fa-2x\"><path fill=\"currentColor\" d=\"M396.8 352h22.4c6.4 0 12.8-6.4 12.8-12.8V108.8c0-6.4-6.4-12.8-12.8-12.8h-22.4c-6.4 0-12.8 6.4-12.8 12.8v230.4c0 6.4 6.4 12.8 12.8 12.8zm-192 0h22.4c6.4 0 12.8-6.4 12.8-12.8V140.8c0-6.4-6.4-12.8-12.8-12.8h-22.4c-6.4 0-12.8 6.4-12.8 12.8v198.4c0 6.4 6.4 12.8 12.8 12.8zm96 0h22.4c6.4 0 12.8-6.4 12.8-12.8V204.8c0-6.4-6.4-12.8-12.8-12.8h-22.4c-6.4 0-12.8 6.4-12.8 12.8v134.4c0 6.4 6.4 12.8 12.8 12.8zM496 400H48V80c0-8.84-7.16-16-16-16H16C7.16 64 0 71.16 0 80v336c0 17.67 14.33 32 32 32h464c8.84 0 16-7.16 16-16v-16c0-8.84-7.16-16-16-16zm-387.2-48h22.4c6.4 0 12.8-6.4 12.8-12.8v-70.4c0-6.4-6.4-12.8-12.8-12.8h-22.4c-6.4 0-12.8 6.4-12.8 12.8v70.4c0 6.4 6.4 12.8 12.8 12.8z\" class=\"\"><\/path><\/svg><\/i> <img loading=\"lazy\" decoding=\"async\" width=\"16\" height=\"16\" alt=\"Loading\" src=\"https:\/\/fae.uprrp.edu\/gerenciadeoficina\/wp-content\/plugins\/page-views-count\/ajax-loader-2x.gif\" border=0 \/><\/p>\n<div class=\"pvc_clear\"><\/div>\n","protected":false},"excerpt":{"rendered":"<p>Dra. Juanita Rodr\u00edguez Marrero, Catedr\u00e1tica Senadora Acad\u00e9mica Doctorado en Educaci\u00f3n Comercial Maestr\u00eda en Administraci\u00f3n y Supervisi\u00f3n Educativa La doctora Rodr\u00edguez tiene m\u00e1s de 40 a\u00f1os como profesora de Educaci\u00f3n Comercial.\u00a0 Posee una maestr\u00eda en Administraci\u00f3n y Supervisi\u00f3n Educativa de la Universidad de Puerto Rico.\u00a0 Se ha desempe\u00f1ado como profesora a nivel de bachillerato, maestr\u00eda y<\/p>\n<div class=\"read-more\"><a href=\"https:\/\/fae.uprrp.edu\/gerenciadeoficina\/profesores\/\" title=\"Read More\">Read More<\/a><\/div>\n<div class=\"pvc_clear\"><\/div>\n<p id=\"pvc_stats_509\" class=\"pvc_stats all  \" data-element-id=\"509\" style=\"\"><i class=\"pvc-stats-icon medium\" aria-hidden=\"true\"><svg aria-hidden=\"true\" focusable=\"false\" data-prefix=\"far\" data-icon=\"chart-bar\" role=\"img\" xmlns=\"http:\/\/www.w3.org\/2000\/svg\" viewBox=\"0 0 512 512\" class=\"svg-inline--fa fa-chart-bar fa-w-16 fa-2x\"><path fill=\"currentColor\" d=\"M396.8 352h22.4c6.4 0 12.8-6.4 12.8-12.8V108.8c0-6.4-6.4-12.8-12.8-12.8h-22.4c-6.4 0-12.8 6.4-12.8 12.8v230.4c0 6.4 6.4 12.8 12.8 12.8zm-192 0h22.4c6.4 0 12.8-6.4 12.8-12.8V140.8c0-6.4-6.4-12.8-12.8-12.8h-22.4c-6.4 0-12.8 6.4-12.8 12.8v198.4c0 6.4 6.4 12.8 12.8 12.8zm96 0h22.4c6.4 0 12.8-6.4 12.8-12.8V204.8c0-6.4-6.4-12.8-12.8-12.8h-22.4c-6.4 0-12.8 6.4-12.8 12.8v134.4c0 6.4 6.4 12.8 12.8 12.8zM496 400H48V80c0-8.84-7.16-16-16-16H16C7.16 64 0 71.16 0 80v336c0 17.67 14.33 32 32 32h464c8.84 0 16-7.16 16-16v-16c0-8.84-7.16-16-16-16zm-387.2-48h22.4c6.4 0 12.8-6.4 12.8-12.8v-70.4c0-6.4-6.4-12.8-12.8-12.8h-22.4c-6.4 0-12.8 6.4-12.8 12.8v70.4c0 6.4 6.4 12.8 12.8 12.8z\" class=\"\"><\/path><\/svg><\/i> <img loading=\"lazy\" decoding=\"async\" width=\"16\" height=\"16\" alt=\"Loading\" src=\"https:\/\/fae.uprrp.edu\/gerenciadeoficina\/wp-content\/plugins\/page-views-count\/ajax-loader-2x.gif\" border=0 \/><\/p>\n<div class=\"pvc_clear\"><\/div>\n","protected":false},"author":20,"featured_media":0,"parent":0,"menu_order":0,"comment_status":"closed","ping_status":"closed","template":"","meta":{"_monsterinsights_skip_tracking":false,"_monsterinsights_sitenote_active":false,"_monsterinsights_sitenote_note":"","_monsterinsights_sitenote_category":0,"footnotes":""},"class_list":["post-509","page","type-page","status-publish"],"_links":{"self":[{"href":"https:\/\/fae.uprrp.edu\/gerenciadeoficina\/wp-json\/wp\/v2\/pages\/509","targetHints":{"allow":["GET"]}}],"collection":[{"href":"https:\/\/fae.uprrp.edu\/gerenciadeoficina\/wp-json\/wp\/v2\/pages"}],"about":[{"href":"https:\/\/fae.uprrp.edu\/gerenciadeoficina\/wp-json\/wp\/v2\/types\/page"}],"author":[{"embeddable":true,"href":"https:\/\/fae.uprrp.edu\/gerenciadeoficina\/wp-json\/wp\/v2\/users\/20"}],"replies":[{"embeddable":true,"href":"https:\/\/fae.uprrp.edu\/gerenciadeoficina\/wp-json\/wp\/v2\/comments?post=509"}],"version-history":[{"count":12,"href":"https:\/\/fae.uprrp.edu\/gerenciadeoficina\/wp-json\/wp\/v2\/pages\/509\/revisions"}],"predecessor-version":[{"id":783,"href":"https:\/\/fae.uprrp.edu\/gerenciadeoficina\/wp-json\/wp\/v2\/pages\/509\/revisions\/783"}],"wp:attachment":[{"href":"https:\/\/fae.uprrp.edu\/gerenciadeoficina\/wp-json\/wp\/v2\/media?parent=509"}],"curies":[{"name":"wp","href":"https:\/\/api.w.org\/{rel}","templated":true}]}}