{"id":323,"date":"2018-11-14T12:00:22","date_gmt":"2018-11-14T16:00:22","guid":{"rendered":"http:\/\/fae.uprrp.edu\/gerenciadeoficina\/?page_id=323"},"modified":"2018-11-14T12:01:32","modified_gmt":"2018-11-14T16:01:32","slug":"tendencias-en-el-mercado-laboral-siglo-xxi","status":"publish","type":"page","link":"https:\/\/fae.uprrp.edu\/gerenciadeoficina\/inicio\/actividades\/tendencias-en-el-mercado-laboral-siglo-xxi\/","title":{"rendered":"Tendencias en el Mercado Laboral Siglo XXI"},"content":{"rendered":"<p>Los estudiantes de la Pr\u00e1ctica Profesional Supervisada junto a la Dra. Juanita Rodr\u00edguez presentaron la conferencia \u201cTendencias en el Mercado Laboral Siglo XXI\u201d a cargo del empresario Manuel \u201cManolo\u201d Cidre, y celebrada en la ma\u00f1ana del mi\u00e9rcoles, 17 de octubre de 2018 en el Sal\u00f3n O-416 del Edificio Juan J. Osuna ubicado en la Facultad de Administraci\u00f3n en Gerencia de Oficina.<\/p>\n<p>Por un lado, el empresario comenz\u00f3 la conferencia con un resumen de su vida y su experiencia como empresario, en la que explic\u00f3 sobre c\u00f3mo junto a su hermano Guillermo fund\u00f3 \u201csin conocimiento y sin capital\u201d el negocio \u201cLos Cidrines\u201d en 1978.\u00a0 Del mismo modo, aport\u00f3 su visi\u00f3n del mercado laboral actual al que se expondr\u00e1n los estudiantes al terminar sus estudios, sobre los problemas que enfrenta el empresario ante los cambios, el aumento de trabajadores cualificados, las competencias, las t\u00e9cnicas y demandas al que deber\u00e1n adaptarse para seguir formando parte del mercado laboral.<\/p>\n<p>Adem\u00e1s, uno de los puntos importantes fue cuando Cidre asegur\u00f3 que la juventud est\u00e1 capacitada para enfrentarse a cualquier situaci\u00f3n, pues esas destrezas, habilidades y herramientas que poseen se ejecutan dentro y fuera de clase y en el d\u00eda a d\u00eda.\u00a0 De igual manera, incluy\u00f3 una variedad de situaciones en las que explic\u00f3 distintas circunstancias observadas en el mundo globalizado. \u00a0Por ejemplo, para esto utiliz\u00f3 ejemplos por comparaci\u00f3n y contraste del mercado y econom\u00eda de Puerto Rico, como tambi\u00e9n de pa\u00edses como Singapur, Noruega, Jap\u00f3n, entre otros, y sobre c\u00f3mo estos y muchos otros pa\u00edses han tenido que innovar para mantener a flote su negocio, pues los cambios en el mercado determinan las formas de trabajar, los tipos de trabajos y las caracter\u00edsticas que deben tener los trabajadores.<\/p>\n<p>Para todo esto, tanto los estudiantes como los participantes de esta actividad consideran que el Sr. Manuel Cidre, a pesar de no haber nacido en nuestra Isla, es un empresario conocedor de Puerto Rico y de las tendencias tanto pasadas como actuales en todo el mundo.\u00a0 Del mismo modo, la impresi\u00f3n hacia los estudiantes de escuela superior, estudiantes universitarios, profesores y dem\u00e1s asistentes motiv\u00f3, impact\u00f3 de manera positiva y nos invit\u00f3 a reflexionar sobre c\u00f3mo con innovaci\u00f3n, creatividad, empat\u00eda, liderazgo, estudiando y trabajando juntos podemos aportar y sacar adelante a nuestra Isla.<\/p>\n<p><a href=\"http:\/\/fae.uprrp.edu\/gerenciadeoficina\/wp-content\/uploads\/sites\/14\/2018\/11\/Foto-Tendencia-en-el-Mercado-Laboral-11.jpg\"><img loading=\"lazy\" decoding=\"async\" class=\"alignleft size-thumbnail wp-image-320\" src=\"http:\/\/fae.uprrp.edu\/gerenciadeoficina\/wp-content\/uploads\/sites\/14\/2018\/11\/Foto-Tendencia-en-el-Mercado-Laboral-11-150x150.jpg\" alt=\"\" width=\"150\" height=\"150\" \/><\/a> <a href=\"http:\/\/fae.uprrp.edu\/gerenciadeoficina\/wp-content\/uploads\/sites\/14\/2018\/11\/Foto-Tendencia-en-el-Mercado-Laboral-12.jpg\"><img loading=\"lazy\" decoding=\"async\" class=\"alignleft size-thumbnail wp-image-321\" src=\"http:\/\/fae.uprrp.edu\/gerenciadeoficina\/wp-content\/uploads\/sites\/14\/2018\/11\/Foto-Tendencia-en-el-Mercado-Laboral-12-150x150.jpg\" alt=\"\" width=\"150\" height=\"150\" \/><\/a> <a href=\"http:\/\/fae.uprrp.edu\/gerenciadeoficina\/wp-content\/uploads\/sites\/14\/2018\/11\/Foto-Tendencia-en-el-Mercado-Laboral-10.jpg\"><img loading=\"lazy\" decoding=\"async\" class=\"alignleft size-thumbnail wp-image-319\" src=\"http:\/\/fae.uprrp.edu\/gerenciadeoficina\/wp-content\/uploads\/sites\/14\/2018\/11\/Foto-Tendencia-en-el-Mercado-Laboral-10-150x150.jpg\" alt=\"\" width=\"150\" height=\"150\" \/><\/a> <a href=\"http:\/\/fae.uprrp.edu\/gerenciadeoficina\/wp-content\/uploads\/sites\/14\/2018\/11\/Foto-Tendencia-en-el-Mercado-Laboral-9.jpg\"><img loading=\"lazy\" decoding=\"async\" class=\"alignleft size-thumbnail wp-image-318\" src=\"http:\/\/fae.uprrp.edu\/gerenciadeoficina\/wp-content\/uploads\/sites\/14\/2018\/11\/Foto-Tendencia-en-el-Mercado-Laboral-9-150x150.jpg\" alt=\"\" width=\"150\" height=\"150\" \/><\/a> <a href=\"http:\/\/fae.uprrp.edu\/gerenciadeoficina\/wp-content\/uploads\/sites\/14\/2018\/11\/Foto-Tendencia-en-el-Mercado-Laboral-8.jpg\"><img loading=\"lazy\" decoding=\"async\" class=\"alignleft size-thumbnail wp-image-317\" src=\"http:\/\/fae.uprrp.edu\/gerenciadeoficina\/wp-content\/uploads\/sites\/14\/2018\/11\/Foto-Tendencia-en-el-Mercado-Laboral-8-150x150.jpg\" alt=\"\" width=\"150\" height=\"150\" \/><\/a> <a href=\"http:\/\/fae.uprrp.edu\/gerenciadeoficina\/wp-content\/uploads\/sites\/14\/2018\/11\/Foto-Tendencia-en-el-Mercado-Laboral-3.jpg\"><img loading=\"lazy\" decoding=\"async\" class=\"alignleft size-thumbnail wp-image-312\" src=\"http:\/\/fae.uprrp.edu\/gerenciadeoficina\/wp-content\/uploads\/sites\/14\/2018\/11\/Foto-Tendencia-en-el-Mercado-Laboral-3-150x150.jpg\" alt=\"\" width=\"150\" height=\"150\" \/><\/a> <a href=\"http:\/\/fae.uprrp.edu\/gerenciadeoficina\/wp-content\/uploads\/sites\/14\/2018\/11\/Foto-Tendencia-en-el-Mercado-Laboral-4.jpg\"><img loading=\"lazy\" decoding=\"async\" class=\"alignleft size-thumbnail wp-image-313\" src=\"http:\/\/fae.uprrp.edu\/gerenciadeoficina\/wp-content\/uploads\/sites\/14\/2018\/11\/Foto-Tendencia-en-el-Mercado-Laboral-4-150x150.jpg\" alt=\"\" width=\"150\" height=\"150\" \/><\/a> <a href=\"http:\/\/fae.uprrp.edu\/gerenciadeoficina\/wp-content\/uploads\/sites\/14\/2018\/11\/Foto-Tendencia-en-el-Mercado-Laboral-5.jpg\"><img loading=\"lazy\" decoding=\"async\" class=\"alignleft size-thumbnail wp-image-314\" src=\"http:\/\/fae.uprrp.edu\/gerenciadeoficina\/wp-content\/uploads\/sites\/14\/2018\/11\/Foto-Tendencia-en-el-Mercado-Laboral-5-150x150.jpg\" alt=\"\" width=\"150\" height=\"150\" \/><\/a> <a href=\"http:\/\/fae.uprrp.edu\/gerenciadeoficina\/wp-content\/uploads\/sites\/14\/2018\/11\/Foto-Tendencia-en-el-Mercado-Laboral-6.jpg\"><img loading=\"lazy\" decoding=\"async\" class=\"alignleft size-thumbnail wp-image-315\" src=\"http:\/\/fae.uprrp.edu\/gerenciadeoficina\/wp-content\/uploads\/sites\/14\/2018\/11\/Foto-Tendencia-en-el-Mercado-Laboral-6-150x150.jpg\" alt=\"\" width=\"150\" height=\"150\" \/><\/a> <a href=\"http:\/\/fae.uprrp.edu\/gerenciadeoficina\/wp-content\/uploads\/sites\/14\/2018\/11\/Foto-Tendencia-en-el-Mercado-Laboral-7.jpg\"><img loading=\"lazy\" decoding=\"async\" class=\"alignleft size-thumbnail wp-image-316\" src=\"http:\/\/fae.uprrp.edu\/gerenciadeoficina\/wp-content\/uploads\/sites\/14\/2018\/11\/Foto-Tendencia-en-el-Mercado-Laboral-7-150x150.jpg\" alt=\"\" width=\"150\" height=\"150\" \/><\/a> <a href=\"http:\/\/fae.uprrp.edu\/gerenciadeoficina\/wp-content\/uploads\/sites\/14\/2018\/11\/Foto-Tendencia-en-el-Mercado-Laboral-2.jpg\"><img loading=\"lazy\" decoding=\"async\" class=\"alignleft size-thumbnail wp-image-311\" src=\"http:\/\/fae.uprrp.edu\/gerenciadeoficina\/wp-content\/uploads\/sites\/14\/2018\/11\/Foto-Tendencia-en-el-Mercado-Laboral-2-150x150.jpg\" alt=\"\" width=\"150\" height=\"150\" \/><\/a> <a href=\"http:\/\/fae.uprrp.edu\/gerenciadeoficina\/wp-content\/uploads\/sites\/14\/2018\/11\/Foto-Tendencia-en-el-Mercado-Laboral-1.jpg\"><img loading=\"lazy\" decoding=\"async\" class=\"alignleft size-thumbnail wp-image-310\" src=\"http:\/\/fae.uprrp.edu\/gerenciadeoficina\/wp-content\/uploads\/sites\/14\/2018\/11\/Foto-Tendencia-en-el-Mercado-Laboral-1-150x150.jpg\" alt=\"\" width=\"150\" height=\"150\" \/><\/a><\/p>\n<p>&nbsp;<\/p>\n<p>&nbsp;<\/p>\n<div class=\"pvc_clear\"><\/div>\n<p id=\"pvc_stats_323\" class=\"pvc_stats all  \" data-element-id=\"323\" style=\"\"><i class=\"pvc-stats-icon medium\" aria-hidden=\"true\"><svg aria-hidden=\"true\" focusable=\"false\" data-prefix=\"far\" data-icon=\"chart-bar\" role=\"img\" xmlns=\"http:\/\/www.w3.org\/2000\/svg\" viewBox=\"0 0 512 512\" class=\"svg-inline--fa fa-chart-bar fa-w-16 fa-2x\"><path fill=\"currentColor\" d=\"M396.8 352h22.4c6.4 0 12.8-6.4 12.8-12.8V108.8c0-6.4-6.4-12.8-12.8-12.8h-22.4c-6.4 0-12.8 6.4-12.8 12.8v230.4c0 6.4 6.4 12.8 12.8 12.8zm-192 0h22.4c6.4 0 12.8-6.4 12.8-12.8V140.8c0-6.4-6.4-12.8-12.8-12.8h-22.4c-6.4 0-12.8 6.4-12.8 12.8v198.4c0 6.4 6.4 12.8 12.8 12.8zm96 0h22.4c6.4 0 12.8-6.4 12.8-12.8V204.8c0-6.4-6.4-12.8-12.8-12.8h-22.4c-6.4 0-12.8 6.4-12.8 12.8v134.4c0 6.4 6.4 12.8 12.8 12.8zM496 400H48V80c0-8.84-7.16-16-16-16H16C7.16 64 0 71.16 0 80v336c0 17.67 14.33 32 32 32h464c8.84 0 16-7.16 16-16v-16c0-8.84-7.16-16-16-16zm-387.2-48h22.4c6.4 0 12.8-6.4 12.8-12.8v-70.4c0-6.4-6.4-12.8-12.8-12.8h-22.4c-6.4 0-12.8 6.4-12.8 12.8v70.4c0 6.4 6.4 12.8 12.8 12.8z\" class=\"\"><\/path><\/svg><\/i> <img loading=\"lazy\" decoding=\"async\" width=\"16\" height=\"16\" alt=\"Loading\" src=\"https:\/\/fae.uprrp.edu\/gerenciadeoficina\/wp-content\/plugins\/page-views-count\/ajax-loader-2x.gif\" border=0 \/><\/p>\n<div class=\"pvc_clear\"><\/div>\n","protected":false},"excerpt":{"rendered":"<p>Los estudiantes de la Pr\u00e1ctica Profesional Supervisada junto a la Dra. Juanita Rodr\u00edguez presentaron la conferencia \u201cTendencias en el Mercado Laboral Siglo XXI\u201d a cargo del empresario Manuel \u201cManolo\u201d Cidre, y celebrada en la ma\u00f1ana del mi\u00e9rcoles, 17 de octubre de 2018 en el Sal\u00f3n O-416 del Edificio Juan J. Osuna ubicado en la Facultad<\/p>\n<div class=\"read-more\"><a href=\"https:\/\/fae.uprrp.edu\/gerenciadeoficina\/inicio\/actividades\/tendencias-en-el-mercado-laboral-siglo-xxi\/\" title=\"Read More\">Read More<\/a><\/div>\n<div class=\"pvc_clear\"><\/div>\n<p id=\"pvc_stats_323\" class=\"pvc_stats all  \" data-element-id=\"323\" style=\"\"><i class=\"pvc-stats-icon medium\" aria-hidden=\"true\"><svg aria-hidden=\"true\" focusable=\"false\" data-prefix=\"far\" data-icon=\"chart-bar\" role=\"img\" xmlns=\"http:\/\/www.w3.org\/2000\/svg\" viewBox=\"0 0 512 512\" class=\"svg-inline--fa fa-chart-bar fa-w-16 fa-2x\"><path fill=\"currentColor\" d=\"M396.8 352h22.4c6.4 0 12.8-6.4 12.8-12.8V108.8c0-6.4-6.4-12.8-12.8-12.8h-22.4c-6.4 0-12.8 6.4-12.8 12.8v230.4c0 6.4 6.4 12.8 12.8 12.8zm-192 0h22.4c6.4 0 12.8-6.4 12.8-12.8V140.8c0-6.4-6.4-12.8-12.8-12.8h-22.4c-6.4 0-12.8 6.4-12.8 12.8v198.4c0 6.4 6.4 12.8 12.8 12.8zm96 0h22.4c6.4 0 12.8-6.4 12.8-12.8V204.8c0-6.4-6.4-12.8-12.8-12.8h-22.4c-6.4 0-12.8 6.4-12.8 12.8v134.4c0 6.4 6.4 12.8 12.8 12.8zM496 400H48V80c0-8.84-7.16-16-16-16H16C7.16 64 0 71.16 0 80v336c0 17.67 14.33 32 32 32h464c8.84 0 16-7.16 16-16v-16c0-8.84-7.16-16-16-16zm-387.2-48h22.4c6.4 0 12.8-6.4 12.8-12.8v-70.4c0-6.4-6.4-12.8-12.8-12.8h-22.4c-6.4 0-12.8 6.4-12.8 12.8v70.4c0 6.4 6.4 12.8 12.8 12.8z\" class=\"\"><\/path><\/svg><\/i> <img loading=\"lazy\" decoding=\"async\" width=\"16\" height=\"16\" alt=\"Loading\" src=\"https:\/\/fae.uprrp.edu\/gerenciadeoficina\/wp-content\/plugins\/page-views-count\/ajax-loader-2x.gif\" border=0 \/><\/p>\n<div class=\"pvc_clear\"><\/div>\n","protected":false},"author":3,"featured_media":0,"parent":106,"menu_order":20,"comment_status":"closed","ping_status":"closed","template":"","meta":{"_monsterinsights_skip_tracking":false,"_monsterinsights_sitenote_active":false,"_monsterinsights_sitenote_note":"","_monsterinsights_sitenote_category":0,"footnotes":""},"class_list":["post-323","page","type-page","status-publish"],"_links":{"self":[{"href":"https:\/\/fae.uprrp.edu\/gerenciadeoficina\/wp-json\/wp\/v2\/pages\/323","targetHints":{"allow":["GET"]}}],"collection":[{"href":"https:\/\/fae.uprrp.edu\/gerenciadeoficina\/wp-json\/wp\/v2\/pages"}],"about":[{"href":"https:\/\/fae.uprrp.edu\/gerenciadeoficina\/wp-json\/wp\/v2\/types\/page"}],"author":[{"embeddable":true,"href":"https:\/\/fae.uprrp.edu\/gerenciadeoficina\/wp-json\/wp\/v2\/users\/3"}],"replies":[{"embeddable":true,"href":"https:\/\/fae.uprrp.edu\/gerenciadeoficina\/wp-json\/wp\/v2\/comments?post=323"}],"version-history":[{"count":3,"href":"https:\/\/fae.uprrp.edu\/gerenciadeoficina\/wp-json\/wp\/v2\/pages\/323\/revisions"}],"predecessor-version":[{"id":326,"href":"https:\/\/fae.uprrp.edu\/gerenciadeoficina\/wp-json\/wp\/v2\/pages\/323\/revisions\/326"}],"up":[{"embeddable":true,"href":"https:\/\/fae.uprrp.edu\/gerenciadeoficina\/wp-json\/wp\/v2\/pages\/106"}],"wp:attachment":[{"href":"https:\/\/fae.uprrp.edu\/gerenciadeoficina\/wp-json\/wp\/v2\/media?parent=323"}],"curies":[{"name":"wp","href":"https:\/\/api.w.org\/{rel}","templated":true}]}}