{"id":260,"date":"2018-09-10T15:09:44","date_gmt":"2018-09-10T19:09:44","guid":{"rendered":"http:\/\/fae.uprrp.edu\/gerenciadeoficina\/?page_id=260"},"modified":"2022-05-03T10:28:42","modified_gmt":"2022-05-03T14:28:42","slug":"mensaje-de-la-directora","status":"publish","type":"page","link":"https:\/\/fae.uprrp.edu\/gerenciadeoficina\/inicio\/mensaje-de-la-directora\/","title":{"rendered":"Mensaje de la Directora"},"content":{"rendered":"<h3 align=\"left\"><strong>\u00a1Bienvenidos a Gerencia de Oficina! \u00a1Estudiantes y Comunidad Acad\u00e9mica!<\/strong><\/h3>\n<p class=\"x_MsoNormal\">En GEOF reiteramos nuestro compromiso en este Nuevo A\u00f1o\u00a0<span lang=\"ES-PR\">Acad\u00e9mico\u00a0<\/span>20<span lang=\"ES-PR\">22<\/span><span lang=\"ES-PR\">\u00a0<\/span>de proveerles una preparaci\u00f3n acad\u00e9mica de excelencia que les permita desempe\u00f1arse exitosamente en el campo de la gerencia administrativa.\u00a0 \u00a0Nuestra Facultad de Administraci\u00f3n de Empresa<span lang=\"ES-PR\">s<\/span>\u00a0y el Recinto ofrecen oportunidades de desarrollo en todas las facetas del conocimiento, al igual que en actividades sociales, recreativas y de mejoramiento continuo que les permite un desarrollo integral y pleno.\u00a0 Les exhortamos a participar en todo lo que propenda y enriquezca este desarrollo personal, acad\u00e9mico y profesional.<\/p>\n<p class=\"x_MsoNormal\">Nuestra Asociaci\u00f3n Estudiantil,\u00a0<i>Business<\/i>\u00a0<i>Professionals of America<\/i><span lang=\"ES-PR\">\u00a0(<\/span>BPA<span lang=\"ES-PR\">)<\/span>\u00a0ofrece tambi\u00e9n oportunidades\u00a0<span lang=\"ES-PR\">que les permitir\u00e1n<\/span>\u00a0desarroll<span lang=\"ES-PR\">ar al m\u00e1ximo sus<\/span>\u00a0talentos, tales como:\u00a0\u00a0liderazgo, responsabilidad social y creatividad.\u00a0\u00a0Les invitamos a que se unan a\u00a0BPA para hacer la diferencia y ser parte de una asociaci\u00f3n que sirve a su comunidad y se enriquece a trav\u00e9s de sus actividades variadas<span lang=\"ES-PR\">, entre ellas la representaci\u00f3n de nuestro distinguido programa en competencias nacionales en los Estados Unidos<\/span>.<\/p>\n<p class=\"x_MsoNormal\">El equipo de profesores, el personal administrativo y la Directora estamos disponibles siempre para ayudarles y apoyarles para\u00a0<span lang=\"ES-PR\">que puedan\u00a0<\/span>cumplir sus metas acad\u00e9micas<span lang=\"ES-PR\">\u00a0y ser exitosos<\/span>.<\/p>\n<p class=\"x_MsoNormal\"><span lang=\"ES-PR\">Los esperamos<\/span>,<\/p>\n<p class=\"x_MsoNormal\"><span lang=\"ES-PR\">Maribel Huertas<\/span>, Ed.D.<br aria-hidden=\"true\" \/>Directora<\/p>\n<div class=\"pvc_clear\"><\/div>\n<p id=\"pvc_stats_260\" class=\"pvc_stats all  \" data-element-id=\"260\" style=\"\"><i class=\"pvc-stats-icon medium\" aria-hidden=\"true\"><svg aria-hidden=\"true\" focusable=\"false\" data-prefix=\"far\" data-icon=\"chart-bar\" role=\"img\" xmlns=\"http:\/\/www.w3.org\/2000\/svg\" viewBox=\"0 0 512 512\" class=\"svg-inline--fa fa-chart-bar fa-w-16 fa-2x\"><path fill=\"currentColor\" d=\"M396.8 352h22.4c6.4 0 12.8-6.4 12.8-12.8V108.8c0-6.4-6.4-12.8-12.8-12.8h-22.4c-6.4 0-12.8 6.4-12.8 12.8v230.4c0 6.4 6.4 12.8 12.8 12.8zm-192 0h22.4c6.4 0 12.8-6.4 12.8-12.8V140.8c0-6.4-6.4-12.8-12.8-12.8h-22.4c-6.4 0-12.8 6.4-12.8 12.8v198.4c0 6.4 6.4 12.8 12.8 12.8zm96 0h22.4c6.4 0 12.8-6.4 12.8-12.8V204.8c0-6.4-6.4-12.8-12.8-12.8h-22.4c-6.4 0-12.8 6.4-12.8 12.8v134.4c0 6.4 6.4 12.8 12.8 12.8zM496 400H48V80c0-8.84-7.16-16-16-16H16C7.16 64 0 71.16 0 80v336c0 17.67 14.33 32 32 32h464c8.84 0 16-7.16 16-16v-16c0-8.84-7.16-16-16-16zm-387.2-48h22.4c6.4 0 12.8-6.4 12.8-12.8v-70.4c0-6.4-6.4-12.8-12.8-12.8h-22.4c-6.4 0-12.8 6.4-12.8 12.8v70.4c0 6.4 6.4 12.8 12.8 12.8z\" class=\"\"><\/path><\/svg><\/i> <img loading=\"lazy\" decoding=\"async\" width=\"16\" height=\"16\" alt=\"Loading\" src=\"https:\/\/fae.uprrp.edu\/gerenciadeoficina\/wp-content\/plugins\/page-views-count\/ajax-loader-2x.gif\" border=0 \/><\/p>\n<div class=\"pvc_clear\"><\/div>\n","protected":false},"excerpt":{"rendered":"<p>\u00a1Bienvenidos a Gerencia de Oficina! \u00a1Estudiantes y Comunidad Acad\u00e9mica! En GEOF reiteramos nuestro compromiso en este Nuevo A\u00f1o\u00a0Acad\u00e9mico\u00a02022\u00a0de proveerles una preparaci\u00f3n acad\u00e9mica de excelencia que les permita desempe\u00f1arse exitosamente en el campo de la gerencia administrativa.\u00a0 \u00a0Nuestra Facultad de Administraci\u00f3n de Empresas\u00a0y el Recinto ofrecen oportunidades de desarrollo en todas las facetas del conocimiento, al<\/p>\n<div class=\"read-more\"><a href=\"https:\/\/fae.uprrp.edu\/gerenciadeoficina\/inicio\/mensaje-de-la-directora\/\" title=\"Read More\">Read More<\/a><\/div>\n<div class=\"pvc_clear\"><\/div>\n<p id=\"pvc_stats_260\" class=\"pvc_stats all  \" data-element-id=\"260\" style=\"\"><i class=\"pvc-stats-icon medium\" aria-hidden=\"true\"><svg aria-hidden=\"true\" focusable=\"false\" data-prefix=\"far\" data-icon=\"chart-bar\" role=\"img\" xmlns=\"http:\/\/www.w3.org\/2000\/svg\" viewBox=\"0 0 512 512\" class=\"svg-inline--fa fa-chart-bar fa-w-16 fa-2x\"><path fill=\"currentColor\" d=\"M396.8 352h22.4c6.4 0 12.8-6.4 12.8-12.8V108.8c0-6.4-6.4-12.8-12.8-12.8h-22.4c-6.4 0-12.8 6.4-12.8 12.8v230.4c0 6.4 6.4 12.8 12.8 12.8zm-192 0h22.4c6.4 0 12.8-6.4 12.8-12.8V140.8c0-6.4-6.4-12.8-12.8-12.8h-22.4c-6.4 0-12.8 6.4-12.8 12.8v198.4c0 6.4 6.4 12.8 12.8 12.8zm96 0h22.4c6.4 0 12.8-6.4 12.8-12.8V204.8c0-6.4-6.4-12.8-12.8-12.8h-22.4c-6.4 0-12.8 6.4-12.8 12.8v134.4c0 6.4 6.4 12.8 12.8 12.8zM496 400H48V80c0-8.84-7.16-16-16-16H16C7.16 64 0 71.16 0 80v336c0 17.67 14.33 32 32 32h464c8.84 0 16-7.16 16-16v-16c0-8.84-7.16-16-16-16zm-387.2-48h22.4c6.4 0 12.8-6.4 12.8-12.8v-70.4c0-6.4-6.4-12.8-12.8-12.8h-22.4c-6.4 0-12.8 6.4-12.8 12.8v70.4c0 6.4 6.4 12.8 12.8 12.8z\" class=\"\"><\/path><\/svg><\/i> <img loading=\"lazy\" decoding=\"async\" width=\"16\" height=\"16\" alt=\"Loading\" src=\"https:\/\/fae.uprrp.edu\/gerenciadeoficina\/wp-content\/plugins\/page-views-count\/ajax-loader-2x.gif\" border=0 \/><\/p>\n<div class=\"pvc_clear\"><\/div>\n","protected":false},"author":3,"featured_media":0,"parent":6,"menu_order":1,"comment_status":"closed","ping_status":"closed","template":"","meta":{"_monsterinsights_skip_tracking":false,"_monsterinsights_sitenote_active":false,"_monsterinsights_sitenote_note":"","_monsterinsights_sitenote_category":0,"footnotes":""},"class_list":["post-260","page","type-page","status-publish"],"_links":{"self":[{"href":"https:\/\/fae.uprrp.edu\/gerenciadeoficina\/wp-json\/wp\/v2\/pages\/260","targetHints":{"allow":["GET"]}}],"collection":[{"href":"https:\/\/fae.uprrp.edu\/gerenciadeoficina\/wp-json\/wp\/v2\/pages"}],"about":[{"href":"https:\/\/fae.uprrp.edu\/gerenciadeoficina\/wp-json\/wp\/v2\/types\/page"}],"author":[{"embeddable":true,"href":"https:\/\/fae.uprrp.edu\/gerenciadeoficina\/wp-json\/wp\/v2\/users\/3"}],"replies":[{"embeddable":true,"href":"https:\/\/fae.uprrp.edu\/gerenciadeoficina\/wp-json\/wp\/v2\/comments?post=260"}],"version-history":[{"count":3,"href":"https:\/\/fae.uprrp.edu\/gerenciadeoficina\/wp-json\/wp\/v2\/pages\/260\/revisions"}],"predecessor-version":[{"id":652,"href":"https:\/\/fae.uprrp.edu\/gerenciadeoficina\/wp-json\/wp\/v2\/pages\/260\/revisions\/652"}],"up":[{"embeddable":true,"href":"https:\/\/fae.uprrp.edu\/gerenciadeoficina\/wp-json\/wp\/v2\/pages\/6"}],"wp:attachment":[{"href":"https:\/\/fae.uprrp.edu\/gerenciadeoficina\/wp-json\/wp\/v2\/media?parent=260"}],"curies":[{"name":"wp","href":"https:\/\/api.w.org\/{rel}","templated":true}]}}