{"id":237,"date":"2018-06-22T22:17:52","date_gmt":"2018-06-23T02:17:52","guid":{"rendered":"http:\/\/fae.uprrp.edu\/gerenciadeoficina\/?page_id=237"},"modified":"2018-11-14T11:57:29","modified_gmt":"2018-11-14T15:57:29","slug":"estudiantes-del-curso-geof-3150-practica-profesional-supervisada","status":"publish","type":"page","link":"https:\/\/fae.uprrp.edu\/gerenciadeoficina\/inicio\/actividades\/estudiantes-del-curso-geof-3150-practica-profesional-supervisada\/","title":{"rendered":"Estudiantes del curso GEOF 3150 &#8211; Pr\u00e1ctica Profesional Supervisada"},"content":{"rendered":"<p class=\"m_4339361839492790728gmail-MsoNormalCxSpFirst\"><span style=\"font-family: tahoma, sans-serif;font-size: large\">El 1 de junio de 2018 se llev\u00f3 a cabo la actividad\u00a0<i>Encuentro de profesionales de oficina<\/i>.\u00a0 Su organizaci\u00f3n estuvo a cargo de\u00a0los estudiantes del curso GEOF 3150 &#8211; Pr\u00e1ctica Profesional Supervisada, como parte de los requisitos del curso.\u00a0 El Programa de Gerencia de Oficina auspici\u00f3 la actividad.\u00a0 Como parte del programa de la actividad se ofrecieron tres conferencias:<\/span><\/p>\n<ul>\n<li><span style=\"font-family: tahoma, sans-serif;font-size: large\">Radiograf\u00eda de un profesional excelente, por la Dra. Juanita Rodr\u00edguez<\/span><\/li>\n<li><span style=\"font-family: tahoma, sans-serif;font-size: large\">Innovaci\u00f3n en la redacci\u00f3n moderna, por la Dra. Ana Rosa Guzm\u00e1n<\/span><\/li>\n<li><span style=\"font-family: tahoma, sans-serif;font-size: large\">Uso efectivo de las herramientas de Google, por el Dr. Francisco Mata<\/span><\/li>\n<\/ul>\n<p>&nbsp;<\/p>\n<p><a href=\"http:\/\/fae.uprrp.edu\/gerenciadeoficina\/img_5717\/\"><img loading=\"lazy\" decoding=\"async\" class=\"alignleft size-thumbnail wp-image-248\" src=\"http:\/\/fae.uprrp.edu\/gerenciadeoficina\/wp-content\/uploads\/sites\/14\/2018\/06\/IMG_5717-e1529928331581-150x150.jpg\" alt=\"Dra. Ana Rosa Guzm\u00e1n\" width=\"150\" height=\"150\" \/><\/a><a href=\"http:\/\/fae.uprrp.edu\/gerenciadeoficina\/img_5716\/\"><img loading=\"lazy\" decoding=\"async\" class=\"alignleft size-thumbnail wp-image-247\" src=\"http:\/\/fae.uprrp.edu\/gerenciadeoficina\/wp-content\/uploads\/sites\/14\/2018\/06\/IMG_5716-150x150.jpg\" alt=\"Innovaci\u00f3n en la redacci\u00f3n moderna, por la Dra. Ana Rosa Guzm\u00e1n\" width=\"150\" height=\"150\" \/><\/a><a href=\"http:\/\/fae.uprrp.edu\/gerenciadeoficina\/img_5714\/\"><img loading=\"lazy\" decoding=\"async\" class=\"alignleft wp-image-246 size-thumbnail\" src=\"http:\/\/fae.uprrp.edu\/gerenciadeoficina\/wp-content\/uploads\/sites\/14\/2018\/06\/IMG_5714-150x150.jpg\" alt=\"Integraci\u00f3n de conferenciantes.\" width=\"150\" height=\"150\" \/><\/a><a href=\"http:\/\/fae.uprrp.edu\/gerenciadeoficina\/img_5711\/\"><img loading=\"lazy\" decoding=\"async\" class=\"alignleft wp-image-245 size-thumbnail\" src=\"http:\/\/fae.uprrp.edu\/gerenciadeoficina\/wp-content\/uploads\/sites\/14\/2018\/06\/IMG_5711-e1529928357195-150x150.jpg\" alt=\"Dra. Juanita Rodr\u00edguez\" width=\"150\" height=\"150\" \/><\/a><\/p>\n<p>&nbsp;<\/p>\n<p>&nbsp;<\/p>\n<p>&nbsp;<\/p>\n<p><a href=\"http:\/\/fae.uprrp.edu\/gerenciadeoficina\/img_5724\/\"><img loading=\"lazy\" decoding=\"async\" class=\"alignleft size-thumbnail wp-image-251\" src=\"http:\/\/fae.uprrp.edu\/gerenciadeoficina\/wp-content\/uploads\/sites\/14\/2018\/06\/IMG_5724-e1529928278984-150x150.jpg\" alt=\"Dr. Francisco Mata\" width=\"150\" height=\"150\" \/><\/a><a href=\"http:\/\/fae.uprrp.edu\/gerenciadeoficina\/img_5722\/\"><img loading=\"lazy\" decoding=\"async\" class=\"alignleft size-thumbnail wp-image-250\" src=\"http:\/\/fae.uprrp.edu\/gerenciadeoficina\/wp-content\/uploads\/sites\/14\/2018\/06\/IMG_5722-e1529928297176-150x150.jpg\" alt=\"Estudantes del curso GEOF 3150 - Pr\u00e1ctica Profesional Supervisada\" width=\"150\" height=\"150\" \/><\/a><a href=\"http:\/\/fae.uprrp.edu\/gerenciadeoficina\/img_5720\/\"><img loading=\"lazy\" decoding=\"async\" class=\"alignleft size-thumbnail wp-image-249\" src=\"http:\/\/fae.uprrp.edu\/gerenciadeoficina\/wp-content\/uploads\/sites\/14\/2018\/06\/IMG_5720-e1529928314589-150x150.jpg\" alt=\"Uso efectivo de las herramientas de Google, por el Dr. Francisco Mata\" width=\"150\" height=\"150\" \/><\/a><a href=\"http:\/\/fae.uprrp.edu\/gerenciadeoficina\/img_5717\/\"><img loading=\"lazy\" decoding=\"async\" class=\"alignleft size-thumbnail wp-image-248\" src=\"http:\/\/fae.uprrp.edu\/gerenciadeoficina\/wp-content\/uploads\/sites\/14\/2018\/06\/IMG_5717-e1529928331581-150x150.jpg\" alt=\"Dra. Ana Rosa Guzm\u00e1n\" width=\"150\" height=\"150\" \/><\/a><\/p>\n<div class=\"pvc_clear\"><\/div>\n<p id=\"pvc_stats_237\" class=\"pvc_stats all  \" data-element-id=\"237\" style=\"\"><i class=\"pvc-stats-icon medium\" aria-hidden=\"true\"><svg aria-hidden=\"true\" focusable=\"false\" data-prefix=\"far\" data-icon=\"chart-bar\" role=\"img\" xmlns=\"http:\/\/www.w3.org\/2000\/svg\" viewBox=\"0 0 512 512\" class=\"svg-inline--fa fa-chart-bar fa-w-16 fa-2x\"><path fill=\"currentColor\" d=\"M396.8 352h22.4c6.4 0 12.8-6.4 12.8-12.8V108.8c0-6.4-6.4-12.8-12.8-12.8h-22.4c-6.4 0-12.8 6.4-12.8 12.8v230.4c0 6.4 6.4 12.8 12.8 12.8zm-192 0h22.4c6.4 0 12.8-6.4 12.8-12.8V140.8c0-6.4-6.4-12.8-12.8-12.8h-22.4c-6.4 0-12.8 6.4-12.8 12.8v198.4c0 6.4 6.4 12.8 12.8 12.8zm96 0h22.4c6.4 0 12.8-6.4 12.8-12.8V204.8c0-6.4-6.4-12.8-12.8-12.8h-22.4c-6.4 0-12.8 6.4-12.8 12.8v134.4c0 6.4 6.4 12.8 12.8 12.8zM496 400H48V80c0-8.84-7.16-16-16-16H16C7.16 64 0 71.16 0 80v336c0 17.67 14.33 32 32 32h464c8.84 0 16-7.16 16-16v-16c0-8.84-7.16-16-16-16zm-387.2-48h22.4c6.4 0 12.8-6.4 12.8-12.8v-70.4c0-6.4-6.4-12.8-12.8-12.8h-22.4c-6.4 0-12.8 6.4-12.8 12.8v70.4c0 6.4 6.4 12.8 12.8 12.8z\" class=\"\"><\/path><\/svg><\/i> <img loading=\"lazy\" decoding=\"async\" width=\"16\" height=\"16\" alt=\"Loading\" src=\"https:\/\/fae.uprrp.edu\/gerenciadeoficina\/wp-content\/plugins\/page-views-count\/ajax-loader-2x.gif\" border=0 \/><\/p>\n<div class=\"pvc_clear\"><\/div>\n","protected":false},"excerpt":{"rendered":"<p>El 1 de junio de 2018 se llev\u00f3 a cabo la actividad\u00a0Encuentro de profesionales de oficina.\u00a0 Su organizaci\u00f3n estuvo a cargo de\u00a0los estudiantes del curso GEOF 3150 &#8211; Pr\u00e1ctica Profesional Supervisada, como parte de los requisitos del curso.\u00a0 El Programa de Gerencia de Oficina auspici\u00f3 la actividad.\u00a0 Como parte del programa de la actividad se<\/p>\n<div class=\"read-more\"><a href=\"https:\/\/fae.uprrp.edu\/gerenciadeoficina\/inicio\/actividades\/estudiantes-del-curso-geof-3150-practica-profesional-supervisada\/\" title=\"Read More\">Read More<\/a><\/div>\n<div class=\"pvc_clear\"><\/div>\n<p id=\"pvc_stats_237\" class=\"pvc_stats all  \" data-element-id=\"237\" style=\"\"><i class=\"pvc-stats-icon medium\" aria-hidden=\"true\"><svg aria-hidden=\"true\" focusable=\"false\" data-prefix=\"far\" data-icon=\"chart-bar\" role=\"img\" xmlns=\"http:\/\/www.w3.org\/2000\/svg\" viewBox=\"0 0 512 512\" class=\"svg-inline--fa fa-chart-bar fa-w-16 fa-2x\"><path fill=\"currentColor\" d=\"M396.8 352h22.4c6.4 0 12.8-6.4 12.8-12.8V108.8c0-6.4-6.4-12.8-12.8-12.8h-22.4c-6.4 0-12.8 6.4-12.8 12.8v230.4c0 6.4 6.4 12.8 12.8 12.8zm-192 0h22.4c6.4 0 12.8-6.4 12.8-12.8V140.8c0-6.4-6.4-12.8-12.8-12.8h-22.4c-6.4 0-12.8 6.4-12.8 12.8v198.4c0 6.4 6.4 12.8 12.8 12.8zm96 0h22.4c6.4 0 12.8-6.4 12.8-12.8V204.8c0-6.4-6.4-12.8-12.8-12.8h-22.4c-6.4 0-12.8 6.4-12.8 12.8v134.4c0 6.4 6.4 12.8 12.8 12.8zM496 400H48V80c0-8.84-7.16-16-16-16H16C7.16 64 0 71.16 0 80v336c0 17.67 14.33 32 32 32h464c8.84 0 16-7.16 16-16v-16c0-8.84-7.16-16-16-16zm-387.2-48h22.4c6.4 0 12.8-6.4 12.8-12.8v-70.4c0-6.4-6.4-12.8-12.8-12.8h-22.4c-6.4 0-12.8 6.4-12.8 12.8v70.4c0 6.4 6.4 12.8 12.8 12.8z\" class=\"\"><\/path><\/svg><\/i> <img loading=\"lazy\" decoding=\"async\" width=\"16\" height=\"16\" alt=\"Loading\" src=\"https:\/\/fae.uprrp.edu\/gerenciadeoficina\/wp-content\/plugins\/page-views-count\/ajax-loader-2x.gif\" border=0 \/><\/p>\n<div class=\"pvc_clear\"><\/div>\n","protected":false},"author":3,"featured_media":0,"parent":106,"menu_order":10,"comment_status":"closed","ping_status":"closed","template":"","meta":{"_monsterinsights_skip_tracking":false,"_monsterinsights_sitenote_active":false,"_monsterinsights_sitenote_note":"","_monsterinsights_sitenote_category":0,"footnotes":""},"class_list":["post-237","page","type-page","status-publish"],"_links":{"self":[{"href":"https:\/\/fae.uprrp.edu\/gerenciadeoficina\/wp-json\/wp\/v2\/pages\/237","targetHints":{"allow":["GET"]}}],"collection":[{"href":"https:\/\/fae.uprrp.edu\/gerenciadeoficina\/wp-json\/wp\/v2\/pages"}],"about":[{"href":"https:\/\/fae.uprrp.edu\/gerenciadeoficina\/wp-json\/wp\/v2\/types\/page"}],"author":[{"embeddable":true,"href":"https:\/\/fae.uprrp.edu\/gerenciadeoficina\/wp-json\/wp\/v2\/users\/3"}],"replies":[{"embeddable":true,"href":"https:\/\/fae.uprrp.edu\/gerenciadeoficina\/wp-json\/wp\/v2\/comments?post=237"}],"version-history":[{"count":4,"href":"https:\/\/fae.uprrp.edu\/gerenciadeoficina\/wp-json\/wp\/v2\/pages\/237\/revisions"}],"predecessor-version":[{"id":253,"href":"https:\/\/fae.uprrp.edu\/gerenciadeoficina\/wp-json\/wp\/v2\/pages\/237\/revisions\/253"}],"up":[{"embeddable":true,"href":"https:\/\/fae.uprrp.edu\/gerenciadeoficina\/wp-json\/wp\/v2\/pages\/106"}],"wp:attachment":[{"href":"https:\/\/fae.uprrp.edu\/gerenciadeoficina\/wp-json\/wp\/v2\/media?parent=237"}],"curies":[{"name":"wp","href":"https:\/\/api.w.org\/{rel}","templated":true}]}}