{"id":154,"date":"2018-02-23T13:29:45","date_gmt":"2018-02-23T17:29:45","guid":{"rendered":"http:\/\/fae.uprrp.edu\/gerenciadeoficina\/?page_id=154"},"modified":"2023-06-05T15:32:51","modified_gmt":"2023-06-05T19:32:51","slug":"articulos-2","status":"publish","type":"page","link":"https:\/\/fae.uprrp.edu\/gerenciadeoficina\/inicio\/recursos\/articulos-2\/","title":{"rendered":"Art\u00edculos"},"content":{"rendered":"<ul>\n<li><a href=\"https:\/\/www.pressreader.com\/puerto-rico\/el-nuevo-dia1\/20160327\/283278866843045\">Cab\u00e1n-Morales J. (27 de marzo de 2016), &#8220;Gerente de oficina:\u00a0 nuevo profesional en vanguardia&#8221;, El Nuevo D\u00eda.<\/a><u><\/u><\/li>\n<li><a href=\"http:\/\/apecpr.org\/revista-apec\/coleccion-revista-apec-1980-2014\/\">Cab\u00e1n, J. (2004). Efecto de la taquigraf\u00eda en el Aprendizaje Tecnol\u00f3gico, Revista APEC. 30(1), 95-112.<\/a><\/li>\n<li><a href=\"http:\/\/sistemasdeoficina.dev.uprrp.edu\/wp-content\/uploads\/2014\/04\/C%C3%B3mo-Atraer-Clientes-a-su-P%C3%A1gina-en-Internet.pdf\">C\u00f3mo Atraer Clientes a su P\u00e1gina en la Internet<\/a>\u00a0Por: Myriam Burgos, Ph.D.<\/li>\n<li><a href=\"http:\/\/sistemasdeoficina.dev.uprrp.edu\/wp-content\/uploads\/2015\/01\/Myriam-Burgos-01.pdf\">C\u00f3mo Dise\u00f1ar P\u00e1ginas Efectivas<\/a>\u00a0\u00a0 Por: Myriam Burgos, Ph.D.<\/li>\n<li><a href=\"http:\/\/sistemasdeoficina.dev.uprrp.edu\/wp-content\/uploads\/2015\/01\/Carta-de-Derechos-de-los-Netciudadanos.pdf\">Carta de Derechos de los Netciudadanos<\/a>\u00a0 Por: Myriam Burgos, Ph.D.<\/li>\n<li><a href=\"http:\/\/sistemasdeoficina.dev.uprrp.edu\/wp-content\/uploads\/2015\/01\/Como-citar.pdf\">C\u00f3mo Citar Documentos Obtenidos en la Internet<\/a>\u00a0Por: Myriam Burgos, Ph.D.<\/li>\n<li style=\"list-style-type: none\"><\/li>\n<\/ul>\n<div class=\"pvc_clear\"><\/div>\n<p id=\"pvc_stats_154\" class=\"pvc_stats all  \" data-element-id=\"154\" style=\"\"><i class=\"pvc-stats-icon medium\" aria-hidden=\"true\"><svg aria-hidden=\"true\" focusable=\"false\" data-prefix=\"far\" data-icon=\"chart-bar\" role=\"img\" xmlns=\"http:\/\/www.w3.org\/2000\/svg\" viewBox=\"0 0 512 512\" class=\"svg-inline--fa fa-chart-bar fa-w-16 fa-2x\"><path fill=\"currentColor\" d=\"M396.8 352h22.4c6.4 0 12.8-6.4 12.8-12.8V108.8c0-6.4-6.4-12.8-12.8-12.8h-22.4c-6.4 0-12.8 6.4-12.8 12.8v230.4c0 6.4 6.4 12.8 12.8 12.8zm-192 0h22.4c6.4 0 12.8-6.4 12.8-12.8V140.8c0-6.4-6.4-12.8-12.8-12.8h-22.4c-6.4 0-12.8 6.4-12.8 12.8v198.4c0 6.4 6.4 12.8 12.8 12.8zm96 0h22.4c6.4 0 12.8-6.4 12.8-12.8V204.8c0-6.4-6.4-12.8-12.8-12.8h-22.4c-6.4 0-12.8 6.4-12.8 12.8v134.4c0 6.4 6.4 12.8 12.8 12.8zM496 400H48V80c0-8.84-7.16-16-16-16H16C7.16 64 0 71.16 0 80v336c0 17.67 14.33 32 32 32h464c8.84 0 16-7.16 16-16v-16c0-8.84-7.16-16-16-16zm-387.2-48h22.4c6.4 0 12.8-6.4 12.8-12.8v-70.4c0-6.4-6.4-12.8-12.8-12.8h-22.4c-6.4 0-12.8 6.4-12.8 12.8v70.4c0 6.4 6.4 12.8 12.8 12.8z\" class=\"\"><\/path><\/svg><\/i> <img loading=\"lazy\" decoding=\"async\" width=\"16\" height=\"16\" alt=\"Loading\" src=\"https:\/\/fae.uprrp.edu\/gerenciadeoficina\/wp-content\/plugins\/page-views-count\/ajax-loader-2x.gif\" border=0 \/><\/p>\n<div class=\"pvc_clear\"><\/div>\n","protected":false},"excerpt":{"rendered":"<p>Cab\u00e1n-Morales J. (27 de marzo de 2016), &#8220;Gerente de oficina:\u00a0 nuevo profesional en vanguardia&#8221;, El Nuevo D\u00eda. Cab\u00e1n, J. (2004). Efecto de la taquigraf\u00eda en el Aprendizaje Tecnol\u00f3gico, Revista APEC. 30(1), 95-112. C\u00f3mo Atraer Clientes a su P\u00e1gina en la Internet\u00a0Por: Myriam Burgos, Ph.D. C\u00f3mo Dise\u00f1ar P\u00e1ginas Efectivas\u00a0\u00a0 Por: Myriam Burgos, Ph.D. Carta de Derechos<\/p>\n<div class=\"read-more\"><a href=\"https:\/\/fae.uprrp.edu\/gerenciadeoficina\/inicio\/recursos\/articulos-2\/\" title=\"Read More\">Read More<\/a><\/div>\n<div class=\"pvc_clear\"><\/div>\n<p id=\"pvc_stats_154\" class=\"pvc_stats all  \" data-element-id=\"154\" style=\"\"><i class=\"pvc-stats-icon medium\" aria-hidden=\"true\"><svg aria-hidden=\"true\" focusable=\"false\" data-prefix=\"far\" data-icon=\"chart-bar\" role=\"img\" xmlns=\"http:\/\/www.w3.org\/2000\/svg\" viewBox=\"0 0 512 512\" class=\"svg-inline--fa fa-chart-bar fa-w-16 fa-2x\"><path fill=\"currentColor\" d=\"M396.8 352h22.4c6.4 0 12.8-6.4 12.8-12.8V108.8c0-6.4-6.4-12.8-12.8-12.8h-22.4c-6.4 0-12.8 6.4-12.8 12.8v230.4c0 6.4 6.4 12.8 12.8 12.8zm-192 0h22.4c6.4 0 12.8-6.4 12.8-12.8V140.8c0-6.4-6.4-12.8-12.8-12.8h-22.4c-6.4 0-12.8 6.4-12.8 12.8v198.4c0 6.4 6.4 12.8 12.8 12.8zm96 0h22.4c6.4 0 12.8-6.4 12.8-12.8V204.8c0-6.4-6.4-12.8-12.8-12.8h-22.4c-6.4 0-12.8 6.4-12.8 12.8v134.4c0 6.4 6.4 12.8 12.8 12.8zM496 400H48V80c0-8.84-7.16-16-16-16H16C7.16 64 0 71.16 0 80v336c0 17.67 14.33 32 32 32h464c8.84 0 16-7.16 16-16v-16c0-8.84-7.16-16-16-16zm-387.2-48h22.4c6.4 0 12.8-6.4 12.8-12.8v-70.4c0-6.4-6.4-12.8-12.8-12.8h-22.4c-6.4 0-12.8 6.4-12.8 12.8v70.4c0 6.4 6.4 12.8 12.8 12.8z\" class=\"\"><\/path><\/svg><\/i> <img loading=\"lazy\" decoding=\"async\" width=\"16\" height=\"16\" alt=\"Loading\" src=\"https:\/\/fae.uprrp.edu\/gerenciadeoficina\/wp-content\/plugins\/page-views-count\/ajax-loader-2x.gif\" border=0 \/><\/p>\n<div class=\"pvc_clear\"><\/div>\n","protected":false},"author":3,"featured_media":0,"parent":73,"menu_order":31,"comment_status":"closed","ping_status":"closed","template":"","meta":{"_monsterinsights_skip_tracking":false,"_monsterinsights_sitenote_active":false,"_monsterinsights_sitenote_note":"","_monsterinsights_sitenote_category":0,"footnotes":""},"class_list":["post-154","page","type-page","status-publish"],"_links":{"self":[{"href":"https:\/\/fae.uprrp.edu\/gerenciadeoficina\/wp-json\/wp\/v2\/pages\/154","targetHints":{"allow":["GET"]}}],"collection":[{"href":"https:\/\/fae.uprrp.edu\/gerenciadeoficina\/wp-json\/wp\/v2\/pages"}],"about":[{"href":"https:\/\/fae.uprrp.edu\/gerenciadeoficina\/wp-json\/wp\/v2\/types\/page"}],"author":[{"embeddable":true,"href":"https:\/\/fae.uprrp.edu\/gerenciadeoficina\/wp-json\/wp\/v2\/users\/3"}],"replies":[{"embeddable":true,"href":"https:\/\/fae.uprrp.edu\/gerenciadeoficina\/wp-json\/wp\/v2\/comments?post=154"}],"version-history":[{"count":9,"href":"https:\/\/fae.uprrp.edu\/gerenciadeoficina\/wp-json\/wp\/v2\/pages\/154\/revisions"}],"predecessor-version":[{"id":726,"href":"https:\/\/fae.uprrp.edu\/gerenciadeoficina\/wp-json\/wp\/v2\/pages\/154\/revisions\/726"}],"up":[{"embeddable":true,"href":"https:\/\/fae.uprrp.edu\/gerenciadeoficina\/wp-json\/wp\/v2\/pages\/73"}],"wp:attachment":[{"href":"https:\/\/fae.uprrp.edu\/gerenciadeoficina\/wp-json\/wp\/v2\/media?parent=154"}],"curies":[{"name":"wp","href":"https:\/\/api.w.org\/{rel}","templated":true}]}}