{"id":106,"date":"2018-02-22T18:48:58","date_gmt":"2018-02-22T18:48:58","guid":{"rendered":"http:\/\/fae.uprrp.edu\/gerenciadeoficina\/?page_id=106"},"modified":"2018-02-22T18:50:52","modified_gmt":"2018-02-22T18:50:52","slug":"actividades","status":"publish","type":"page","link":"https:\/\/fae.uprrp.edu\/gerenciadeoficina\/inicio\/actividades\/","title":{"rendered":"Actividades"},"content":{"rendered":"\n<table id=\"tablepress-2\" class=\"tablepress tablepress-id-2\">\n<thead>\n<tr class=\"row-1\">\n\t<th class=\"column-1\">Autor, presentador y\/o coordinador de la Actividad<\/th><th class=\"column-2\">T&iacute;tulo<\/th><th class=\"column-3\">Fecha<\/th>\n<\/tr>\n<\/thead>\n<tbody class=\"row-striping row-hover\">\n<tr class=\"row-2\">\n\t<td class=\"column-1\">Seminario Coordinado por Practicantes de GEOF<\/td><td class=\"column-2\"><a href=\"https:\/\/fae.uprrp.edu\/gerenciadeoficina\/resena-seminario-profesional-2021-22\/\">Rese\u00f1a del Seminario<\/a><\/td><td class=\"column-3\">23 de marzo de 2022<\/td>\n<\/tr>\n<tr class=\"row-3\">\n\t<td class=\"column-1\">Asuntos Estudiantiles de la Facultad de Administraci\u00f3n de Empresas<\/td><td class=\"column-2\"><a href=\"http:\/\/fae.uprrp.edu\/gerenciadeoficina\/2019\/06\/03\/ceremonia-de-premios-ano-2019-de-la-facultad-de-administracion-de-empresas\/\">Ceremonia de premios a\u00f1o 2019 de la Facultad de Administraci\u00f3n de Empresas<\/a><\/td><td class=\"column-3\">29 de mayo de 2019<\/td>\n<\/tr>\n<tr class=\"row-4\">\n\t<td class=\"column-1\">Business Professionals of America UPRRP Chapter<\/td><td class=\"column-2\"><a href=\"http:\/\/fae.uprrp.edu\/gerenciadeoficina\/2019\/06\/05\/business-professionals-of-america-bpa-represento-a-la-universidad-de-puerto-rico-upr-en-la-national-leadership-conference-ncl\/\">Business Professionals of America (BPA) represent\u00f3 a la Universidad de Puerto Rico (UPR) en la National Leadership Conference (NCL)<\/a><\/td><td class=\"column-3\">1-5 de mayo de 2019<\/td>\n<\/tr>\n<tr class=\"row-5\">\n\t<td class=\"column-1\">Grupo de estudiantes del  Internado de Pr\u00e1ctica Profesional Supervisada de la Dra. Maribel Huertas<\/td><td class=\"column-2\"><a href=\"http:\/\/fae.uprrp.edu\/gerenciadeoficina\/2019\/04\/29\/seminario-profesional-creando-conciencia-de-la-importancia-de-la-inclusion-de-personas-con-diversidad-funcional-en-la-academia-y-los-negocios\/?preview_id=423&amp;preview_nonce=e32daaa5a6&amp;post_format=standard&amp;_thumbnail_id=424&amp;preview=true\/\">Seminario Profesional<\/a><\/td><td class=\"column-3\">27 de marzo de 2019<\/td>\n<\/tr>\n<tr class=\"row-6\">\n\t<td class=\"column-1\">La Sra. Beatriz Men\u00e9ndez Prieto y los estudiantes de la Pr\u00e1ctica Profesional Supervisada de la Dra. Juanita Rodr\u00edguez.<\/td><td class=\"column-2\"><a href=\"http:\/\/fae.uprrp.edu\/gerenciadeoficina\/inicio\/actividades\/conferencia-como-tomar-decisiones-eficientes-en-momentos-de-desafio\/\">Conferencia \u00bfC\u00f3mo Tomar Decisiones Eficientes en Momentos de Desaf\u00edo?<\/a><\/td><td class=\"column-3\">28 de noviembre de 2018<\/td>\n<\/tr>\n<tr class=\"row-7\">\n\t<td class=\"column-1\">Los estudiantes de la Pr\u00e1ctica Profesional Supervisada junto a la Dra. Juanita Rodr\u00edguez presentaron la conferencia \u201cTendencias en el Mercado Laboral Siglo XXI\u201d a cargo del empresario Manuel \u201cManolo\u201d Cidre.<\/td><td class=\"column-2\"><a href=\"http:\/\/fae.uprrp.edu\/gerenciadeoficina\/inicio\/actividades\/tendencias-en-el-mercado-laboral-siglo-xxi\/\">Tendencias en el Mercado Laboral en el siglo XXI<\/a><\/td><td class=\"column-3\">17 de octubre de 2018<\/td>\n<\/tr>\n<tr class=\"row-8\">\n\t<td class=\"column-1\">Estudiantes del curso GEOF 3150 - Pr\u00e1ctica Profesional Supervisada<\/td><td class=\"column-2\"><a href=\"http:\/\/fae.uprrp.edu\/gerenciadeoficina\/estudiantes-del-curso-geof-3150-practica-profesional-supervisada\/\">Encuentro de profesionales de oficina<\/a><\/td><td class=\"column-3\">1 de junio de 2018<\/td>\n<\/tr>\n<tr class=\"row-9\">\n\t<td class=\"column-1\">Sra. Lola Yglesias Qui\u00f1ones,<br \/>\nDirectora Ejecutiva de Enactus Puerto Rico<\/td><td class=\"column-2\"><a href=\"http:\/\/gerenciadeoficina.uprrp.edu\/?page_id=1212\">Competencias Esenciales del Profesional del Milenio<\/a><\/td><td class=\"column-3\">24 de enero de 2018<\/td>\n<\/tr>\n<tr class=\"row-10\">\n\t<td class=\"column-1\">Depto. de GEOF<\/td><td class=\"column-2\"><a href=\"http:\/\/gerenciadeoficina.uprrp.edu\/?page_id=1199\">Orientaci\u00f3n y Bienvenida a estudiantes de Nuevo Ingreso 2017<\/a><\/td><td class=\"column-3\">23 de agosto de 2017<\/td>\n<\/tr>\n<tr class=\"row-11\">\n\t<td class=\"column-1\">Consejo de Estudiantes de la Facultad de Administraci\u00f3n de Empresas y Business Professionals of America<\/td><td class=\"column-2\"><a href=\"http:\/\/gerenciadeoficina.uprrp.edu\/?page_id=1145\">BPA Reconocida<\/a><\/td><td class=\"column-3\">29 de junio de 2017<\/td>\n<\/tr>\n<tr class=\"row-12\">\n\t<td class=\"column-1\">Business Professionals of America<\/td><td class=\"column-2\"><a href=\"http:\/\/gerenciadeoficina.uprrp.edu\/?page_id=1137\">Conferencia Nacional de Liderazgo en Orlando, Florida<\/a><\/td><td class=\"column-3\">20 de mayo de 2017<\/td>\n<\/tr>\n<tr class=\"row-13\">\n\t<td class=\"column-1\">Business Professionals of America<\/td><td class=\"column-2\"><a href=\"http:\/\/gerenciadeoficina.uprrp.edu\/?page_id=1124\">Visita a la Universidad de Puerto Rico, Recinto de Ponce<\/a><\/td><td class=\"column-3\">27 de enero de 2017 <\/td>\n<\/tr>\n<tr class=\"row-14\">\n\t<td class=\"column-1\">Business Professionals of America<\/td><td class=\"column-2\"><a href=\"http:\/\/gerenciadeoficina.uprrp.edu\/?page_id=1120\">Fiesta de Navidad<\/a><\/td><td class=\"column-3\">1 de diciembre de 2016<\/td>\n<\/tr>\n<tr class=\"row-15\">\n\t<td class=\"column-1\">Business Professionals of America<\/td><td class=\"column-2\"><a href=\"http:\/\/gerenciadeoficina.uprrp.edu\/?page_id=1126\">Reconocimiento a organizaciones estudiantiles de la UPRRP<\/a><\/td><td class=\"column-3\">17 de noviembre de 2016<\/td>\n<\/tr>\n<tr class=\"row-16\">\n\t<td class=\"column-1\">Business Professionals of America<\/td><td class=\"column-2\"><a href=\"http:\/\/gerenciadeoficina.uprrp.edu\/?page_id=1068\">Actos de Iniciaci\u00f3n y Juramentaci\u00f3n de la Directiva 2016-2017 de Business Professionals of America<\/a><\/td><td class=\"column-3\">27 de octubre de 2016<\/td>\n<\/tr>\n<tr class=\"row-17\">\n\t<td class=\"column-1\">FAE, GEOF y Business Profesional of America<\/td><td class=\"column-2\"><a href=\"http:\/\/gerenciadeoficina.uprrp.edu\/?page_id=1081\">Conferencia Honorable Sila Calder\u00f3n<\/a><\/td><td class=\"column-3\">26 de octubre de 2016<\/td>\n<\/tr>\n<tr class=\"row-18\">\n\t<td class=\"column-1\">GEOF 4125<\/td><td class=\"column-2\"><a href=\"http:\/\/gerenciadeoficina.uprrp.edu\/?page_id=1058\">Visita al Curso GEOF 4125<\/a><\/td><td class=\"column-3\">25 de octubre de 2016<\/td>\n<\/tr>\n<tr class=\"row-19\">\n\t<td class=\"column-1\">GEOF 3055<\/td><td class=\"column-2\"><a href=\"http:\/\/gerenciadeoficina.uprrp.edu\/?page_id=1004\">Visita al FabLab de la Escuela de Arquitectura<\/a><\/td><td class=\"column-3\">24 de agosto de 2016<\/td>\n<\/tr>\n<tr class=\"row-20\">\n\t<td class=\"column-1\">GEOF 4145<\/td><td class=\"column-2\"><a href=\"http:\/\/gerenciadeoficina.uprrp.edu\/?page_id=965\">Visita al FabLab de la Escuela de Arquitectura de la UPR-RP<\/a><\/td><td class=\"column-3\">2do Semestre 2015-16<\/td>\n<\/tr>\n<tr class=\"row-21\">\n\t<td class=\"column-1\">GEOF 4145<\/td><td class=\"column-2\"><a href=\"http:\/\/gerenciadeoficina.uprrp.edu\/?page_id=940\">Visita a las Oficinas Centrales del Banco Popular<\/a><\/td><td class=\"column-3\">3 de mayo de 2016<\/td>\n<\/tr>\n<tr class=\"row-22\">\n\t<td class=\"column-1\">Business Professionals of America, Cap\u00edtulo de San Germ\u00e1n. <\/td><td class=\"column-2\"><a href=\"http:\/\/gerenciadeoficina.uprrp.edu\/?page_id=894\">Conferencia National Business Professionals of America<\/a><\/td><td class=\"column-3\">5 de febrero de 2016<\/td>\n<\/tr>\n<tr class=\"row-23\">\n\t<td class=\"column-1\">Kurt A. Schindler, PhD<\/td><td class=\"column-2\"><a href=\"http:\/\/gerenciadeoficina.uprrp.edu\/wp-content\/uploads\/2015\/03\/Leadership-1-29-2015-2-presentacion.pdf\">Liderazgo<\/a><\/td><td class=\"column-3\">29 de enero de 2015<\/td>\n<\/tr>\n<tr class=\"row-24\">\n\t<td class=\"column-1\">Business Professionals of America<\/td><td class=\"column-2\"><a href=\"http:\/\/gerenciadeoficina.uprrp.edu\/?tribe_events=actos-de-iniciacion-y-toma-de-posesion-de-la-junta-directova-de-business-professionals-of-america-capitulo-uprrp\">Actos de Iniciaci&oacute;n y Toma de Poses&oacute;n BPA, CUPRRP<\/a><\/td><td class=\"column-3\">29 de enero de 2015<\/td>\n<\/tr>\n<tr class=\"row-25\">\n\t<td class=\"column-1\">Curso: GEOF 4145<\/td><td class=\"column-2\"><a href=\"http:\/\/gerenciadeoficina.uprrp.edu\/?page_id=589\">Visita a la Oficina del Contralor<\/a><\/td><td class=\"column-3\">3 de marzo del 2015<\/td>\n<\/tr>\n<tr class=\"row-26\">\n\t<td class=\"column-1\">Asociaci\u00f3n de Profesores de Educaci\u00f3n Comercial<\/td><td class=\"column-2\"><a href=\"http:\/\/gerenciadeoficina.uprrp.edu\/?page_id=672\">3er Encuentro del Profesional Administrativo<\/a><\/td><td class=\"column-3\">17 de abril de 2015<\/td>\n<\/tr>\n<tr class=\"row-27\">\n\t<td class=\"column-1\">Business Profesional of America<\/td><td class=\"column-2\"><a href=\"http:\/\/gerenciadeoficina.uprrp.edu\/?page_id=764\">Entrevista Radial<\/a><\/td><td class=\"column-3\">15 de septiembre de 2015<\/td>\n<\/tr>\n<tr class=\"row-28\">\n\t<td class=\"column-1\">Facultad de Administraci\u00f3n de Empresas<\/td><td class=\"column-2\"><a href=\"http:\/\/gerenciadeoficina.uprrp.edu\/?page_id=781\">Premiaciones<\/a><\/td><td class=\"column-3\">8 de octubre de 2015<\/td>\n<\/tr>\n<tr class=\"row-29\">\n\t<td class=\"column-1\">Business Profesional of America<\/td><td class=\"column-2\"><a href=\"http:\/\/gerenciadeoficina.uprrp.edu\/?page_id=815\">LA BPA SE VISTE DE ROSA!!!<\/a><\/td><td class=\"column-3\">21 de octubre de 2015<\/td>\n<\/tr>\n<\/tbody>\n<\/table>\n<!-- #tablepress-2 from cache --><div class=\"pvc_clear\"><\/div>\n<p id=\"pvc_stats_106\" class=\"pvc_stats all  \" data-element-id=\"106\" style=\"\"><i class=\"pvc-stats-icon medium\" aria-hidden=\"true\"><svg aria-hidden=\"true\" focusable=\"false\" data-prefix=\"far\" data-icon=\"chart-bar\" role=\"img\" xmlns=\"http:\/\/www.w3.org\/2000\/svg\" viewBox=\"0 0 512 512\" class=\"svg-inline--fa fa-chart-bar fa-w-16 fa-2x\"><path fill=\"currentColor\" d=\"M396.8 352h22.4c6.4 0 12.8-6.4 12.8-12.8V108.8c0-6.4-6.4-12.8-12.8-12.8h-22.4c-6.4 0-12.8 6.4-12.8 12.8v230.4c0 6.4 6.4 12.8 12.8 12.8zm-192 0h22.4c6.4 0 12.8-6.4 12.8-12.8V140.8c0-6.4-6.4-12.8-12.8-12.8h-22.4c-6.4 0-12.8 6.4-12.8 12.8v198.4c0 6.4 6.4 12.8 12.8 12.8zm96 0h22.4c6.4 0 12.8-6.4 12.8-12.8V204.8c0-6.4-6.4-12.8-12.8-12.8h-22.4c-6.4 0-12.8 6.4-12.8 12.8v134.4c0 6.4 6.4 12.8 12.8 12.8zM496 400H48V80c0-8.84-7.16-16-16-16H16C7.16 64 0 71.16 0 80v336c0 17.67 14.33 32 32 32h464c8.84 0 16-7.16 16-16v-16c0-8.84-7.16-16-16-16zm-387.2-48h22.4c6.4 0 12.8-6.4 12.8-12.8v-70.4c0-6.4-6.4-12.8-12.8-12.8h-22.4c-6.4 0-12.8 6.4-12.8 12.8v70.4c0 6.4 6.4 12.8 12.8 12.8z\" class=\"\"><\/path><\/svg><\/i> <img loading=\"lazy\" decoding=\"async\" width=\"16\" height=\"16\" alt=\"Loading\" src=\"https:\/\/fae.uprrp.edu\/gerenciadeoficina\/wp-content\/plugins\/page-views-count\/ajax-loader-2x.gif\" border=0 \/><\/p>\n<div class=\"pvc_clear\"><\/div>\n","protected":false},"excerpt":{"rendered":"<div class=\"pvc_clear\"><\/div>\n<p id=\"pvc_stats_106\" class=\"pvc_stats all  \" data-element-id=\"106\" style=\"\"><i class=\"pvc-stats-icon medium\" aria-hidden=\"true\"><svg aria-hidden=\"true\" focusable=\"false\" data-prefix=\"far\" data-icon=\"chart-bar\" role=\"img\" xmlns=\"http:\/\/www.w3.org\/2000\/svg\" viewBox=\"0 0 512 512\" class=\"svg-inline--fa fa-chart-bar fa-w-16 fa-2x\"><path fill=\"currentColor\" d=\"M396.8 352h22.4c6.4 0 12.8-6.4 12.8-12.8V108.8c0-6.4-6.4-12.8-12.8-12.8h-22.4c-6.4 0-12.8 6.4-12.8 12.8v230.4c0 6.4 6.4 12.8 12.8 12.8zm-192 0h22.4c6.4 0 12.8-6.4 12.8-12.8V140.8c0-6.4-6.4-12.8-12.8-12.8h-22.4c-6.4 0-12.8 6.4-12.8 12.8v198.4c0 6.4 6.4 12.8 12.8 12.8zm96 0h22.4c6.4 0 12.8-6.4 12.8-12.8V204.8c0-6.4-6.4-12.8-12.8-12.8h-22.4c-6.4 0-12.8 6.4-12.8 12.8v134.4c0 6.4 6.4 12.8 12.8 12.8zM496 400H48V80c0-8.84-7.16-16-16-16H16C7.16 64 0 71.16 0 80v336c0 17.67 14.33 32 32 32h464c8.84 0 16-7.16 16-16v-16c0-8.84-7.16-16-16-16zm-387.2-48h22.4c6.4 0 12.8-6.4 12.8-12.8v-70.4c0-6.4-6.4-12.8-12.8-12.8h-22.4c-6.4 0-12.8 6.4-12.8 12.8v70.4c0 6.4 6.4 12.8 12.8 12.8z\" class=\"\"><\/path><\/svg><\/i> <img loading=\"lazy\" decoding=\"async\" width=\"16\" height=\"16\" alt=\"Loading\" src=\"https:\/\/fae.uprrp.edu\/gerenciadeoficina\/wp-content\/plugins\/page-views-count\/ajax-loader-2x.gif\" border=0 \/><\/p>\n<div class=\"pvc_clear\"><\/div>\n","protected":false},"author":3,"featured_media":0,"parent":6,"menu_order":80,"comment_status":"closed","ping_status":"closed","template":"","meta":{"_monsterinsights_skip_tracking":false,"_monsterinsights_sitenote_active":false,"_monsterinsights_sitenote_note":"","_monsterinsights_sitenote_category":0,"footnotes":""},"class_list":["post-106","page","type-page","status-publish"],"_links":{"self":[{"href":"https:\/\/fae.uprrp.edu\/gerenciadeoficina\/wp-json\/wp\/v2\/pages\/106","targetHints":{"allow":["GET"]}}],"collection":[{"href":"https:\/\/fae.uprrp.edu\/gerenciadeoficina\/wp-json\/wp\/v2\/pages"}],"about":[{"href":"https:\/\/fae.uprrp.edu\/gerenciadeoficina\/wp-json\/wp\/v2\/types\/page"}],"author":[{"embeddable":true,"href":"https:\/\/fae.uprrp.edu\/gerenciadeoficina\/wp-json\/wp\/v2\/users\/3"}],"replies":[{"embeddable":true,"href":"https:\/\/fae.uprrp.edu\/gerenciadeoficina\/wp-json\/wp\/v2\/comments?post=106"}],"version-history":[{"count":1,"href":"https:\/\/fae.uprrp.edu\/gerenciadeoficina\/wp-json\/wp\/v2\/pages\/106\/revisions"}],"predecessor-version":[{"id":107,"href":"https:\/\/fae.uprrp.edu\/gerenciadeoficina\/wp-json\/wp\/v2\/pages\/106\/revisions\/107"}],"up":[{"embeddable":true,"href":"https:\/\/fae.uprrp.edu\/gerenciadeoficina\/wp-json\/wp\/v2\/pages\/6"}],"wp:attachment":[{"href":"https:\/\/fae.uprrp.edu\/gerenciadeoficina\/wp-json\/wp\/v2\/media?parent=106"}],"curies":[{"name":"wp","href":"https:\/\/api.w.org\/{rel}","templated":true}]}}